{"id":6487,"date":"2020-08-17T07:05:25","date_gmt":"2020-08-17T07:05:25","guid":{"rendered":"https:\/\/qtour.org\/?page_id=6487"},"modified":"2020-08-26T09:11:27","modified_gmt":"2020-08-26T09:11:27","slug":"literatura","status":"publish","type":"page","link":"https:\/\/qtour.org\/it\/ima-jedan-granicar-boja-mu-je-plava\/literatura\/","title":{"rendered":"Literatura"},"content":{"rendered":"\t\t<div data-elementor-type=\"wp-page\" data-elementor-id=\"6487\" class=\"elementor elementor-6487\">\n\t\t\t\t\t\t<section class=\"elementor-section elementor-top-section elementor-element elementor-element-d5d0a11 animated-fast elementor-section-items-top elementor-section-content-top elementor-section-height-full elementor-section-boxed elementor-section-height-default elementor-invisible\" data-id=\"d5d0a11\" data-element_type=\"section\" data-settings=\"{&quot;background_background&quot;:&quot;classic&quot;,&quot;animation&quot;:&quot;slideInRight&quot;,&quot;animation_tablet&quot;:&quot;slideInRight&quot;,&quot;animation_mobile&quot;:&quot;slideInRight&quot;}\">\n\t\t\t\t\t\t\t<div class=\"elementor-background-overlay\"><\/div>\n\t\t\t\t\t\t\t<div class=\"elementor-container elementor-column-gap-no\">\n\t\t\t\t\t<div class=\"elementor-column elementor-col-100 elementor-top-column elementor-element elementor-element-3ba4e27\" data-id=\"3ba4e27\" data-element_type=\"column\" data-settings=\"{&quot;background_background&quot;:&quot;classic&quot;}\">\n\t\t\t<div class=\"elementor-widget-wrap elementor-element-populated\">\n\t\t\t\t\t\t<section class=\"elementor-section elementor-inner-section elementor-element elementor-element-abefdeb elementor-section-full_width elementor-section-height-default elementor-section-height-default\" data-id=\"abefdeb\" data-element_type=\"section\">\n\t\t\t\t\t\t<div class=\"elementor-container elementor-column-gap-default\">\n\t\t\t\t\t<div class=\"elementor-column elementor-col-100 elementor-inner-column elementor-element elementor-element-d92b058\" data-id=\"d92b058\" data-element_type=\"column\" data-settings=\"{&quot;background_background&quot;:&quot;classic&quot;}\">\n\t\t\t<div class=\"elementor-widget-wrap elementor-element-populated\">\n\t\t\t\t\t\t<div class=\"elementor-element elementor-element-429d295 elementor-widget elementor-widget-heading\" data-id=\"429d295\" data-element_type=\"widget\" data-widget_type=\"heading.default\">\n\t\t\t\t<div class=\"elementor-widget-container\">\n\t\t\t\t\t<h2 class=\"elementor-heading-title elementor-size-default\">Literatura<\/h2>\t\t\t\t<\/div>\n\t\t\t\t<\/div>\n\t\t\t\t<div class=\"elementor-element elementor-element-4358026 elementor-widget elementor-widget-text-editor\" data-id=\"4358026\" data-element_type=\"widget\" data-widget_type=\"text-editor.default\">\n\t\t\t\t<div class=\"elementor-widget-container\">\n\t\t\t\t\t\t\t\t\t<ol>\n<li>Balentovi\u0107, Ivo (ur.). 1951. <em>30 godina sportskog dru\u0161tva<\/em> Grani\u010dar. \u017dupanja.<\/li>\n<li>Balentovi\u0107, Ivo (ur.). <em>Grani\u010dar 1921. \u2013 1961<\/em>. \u017dupanja.<\/li>\n<li>Balentovi\u0107, Ivo (ur.). 1971. <em>50 godina \u0160D \u201eGrani\u010dar\u201c 1921 <\/em>. <em>\u2013 1971.<\/em> \u017dupanja.<\/li>\n<li>Balentovi\u0107, Ivo. 1980. <em>Prva lopta u na\u0161im krajevima 1880. \u2013 1980.<\/em> \u017dupanja.<\/li>\n<li>Balentovi\u0107, Ivo. 1995. <em>Prva lopta u Hrvatskoj<\/em>, <em>\u017dupanja 1880-1995<\/em>. \u017dupanja\u2013Umag\u2013Zagreb.<\/li>\n<li>Batarilovi\u0107, \u017deljko. 2005. <em>\u017dupanja \u2013 kolijevka hrvatskog nogometa<\/em>. \u017dupanja: ZMSG.<\/li>\n<li>Bogutovac, Stjepan. 2010. Nosteria \u2013 Grani\u010dar 4:1 (2:1).<em> \u017dupanjski list<\/em>, \u017dupanja, svibanj, 2010.<\/li>\n<li>Bogutovac, Stjepan. 2010. Polufinalna utakmica KUP-a \u017dNS VS Grani\u010dar \u2013 Vukovar 91 3:0 (2:0). <em>\u017dupanjski list<\/em>, \u017dupanja, svibanj, 2010.<\/li>\n<li>Bogutovac, Stjepan. 2010. \u017dupanja je sveto mjesto hrvatskog nogometa \u2013 kolijevka nogometa. <em>\u017dupanjski list<\/em>, 2010., str. 16.<\/li>\n<li>Bogutovac, Stjepan. 2011. NK Grani\u010dar \u2013 HNK Vukovar 91 3:1 (1:0). <em>\u017dupanjski list,<\/em> \u017dupanja, listopad, 2011.<\/li>\n<li>Bogutovac, Stjepan. 2011. NK Grani\u010dar \u2013 HNK Vukovar 91 3:1 (1:0). <em>\u017dupanjski list,<\/em> \u017dupanja, listopad, 2011.<\/li>\n<li>Bogutovac, Stjepan. 2014. Izabran izvr\u0161ni odbor od 13 \u010dlanova. <em>\u017dupanjski list,<\/em> \u017dupanja, prosinac, 2014.<\/li>\n<li>Dominkovi\u0107, Iljo. 2019. <em>100 godina nogometa u Ora\u0161ju \u2013 NK \u201eHajduk\u201c Ora\u0161je 1919. \u20132019.<\/em> Ora\u0161je: Grafolade &amp; 77x 7 doo.<\/li>\n<li>In memoriam Ljudevitu \u0160inki. 1986.<em> \u017dupanjski vjesnik. <\/em>\u017dupanja.<\/li>\n<li>Or\u0161oli\u0107, Karlo. 1987. I Grani\u010dar u republi\u010dku ligu. <em>\u017dupanjski vjesnik. <\/em>\u017dupanja, 12. 6. 1987.<\/li>\n<li>Pe\u0161i\u0107, Bo\u0161ko. 2006. <em>Kratka povijest \u017dupanje<\/em>. \u017dupanja: Gradska knji\u017enica \u017dupanja.<\/li>\n<li>Petek, Stjepan. 1981. <em>60 godina NK \u201eGrani\u010dar\u201c \u017dupanja<\/em>. \u017dupanja.<\/li>\n<li>Tomi\u0107, Stjepan. 1971. Idealan teren za sportski centar u \u017dupanji.<em> List radni\u010dkog kolektiva PPK \u017dupanja<\/em>. \u017dupanja<strong><em>, <\/em><\/strong> lipnja 1971.<\/li>\n<li>Tomi\u0107, Stjepan. 1972.<em> List radni\u010dkog kolektiva PPK \u017dupanja<\/em>. \u017dupanja<strong><em>, <\/em><\/strong> listopada 1972.<\/li>\n<li>Tu\u0111en, B. \u2013 Tomi\u0107, S. 1980. Lopta pripada svima. <em>Ve\u010dernji list.<\/em> Zagreb, 15. 12. 1980.<\/li>\n<\/ol>\t\t\t\t\t\t\t\t<\/div>\n\t\t\t\t<\/div>\n\t\t\t\t\t<\/div>\n\t\t<\/div>\n\t\t\t\t\t<\/div>\n\t\t<\/section>\n\t\t\t\t<section class=\"elementor-section elementor-inner-section elementor-element elementor-element-dd5a2db elementor-section-full_width elementor-section-height-default elementor-section-height-default\" data-id=\"dd5a2db\" data-element_type=\"section\">\n\t\t\t\t\t\t<div class=\"elementor-container elementor-column-gap-default\">\n\t\t\t\t\t<div class=\"elementor-column elementor-col-50 elementor-inner-column elementor-element elementor-element-3939526\" data-id=\"3939526\" data-element_type=\"column\" data-settings=\"{&quot;background_background&quot;:&quot;classic&quot;}\">\n\t\t\t<div class=\"elementor-widget-wrap elementor-element-populated\">\n\t\t\t\t\t\t<div class=\"elementor-element elementor-element-bc2566b elementor-align-center elementor-widget elementor-widget-button\" data-id=\"bc2566b\" data-element_type=\"widget\" data-widget_type=\"button.default\">\n\t\t\t\t<div class=\"elementor-widget-container\">\n\t\t\t\t\t\t\t\t\t<div class=\"elementor-button-wrapper\">\n\t\t\t\t\t<a class=\"elementor-button elementor-button-link elementor-size-sm\" href=\"https:\/\/qtour.org\/ima-jedan-granicar-boja-mu-je-plava\/o-izlozbi\/\">\n\t\t\t\t\t\t<span class=\"elementor-button-content-wrapper\">\n\t\t\t\t\t\t\t\t\t<span class=\"elementor-button-text\">Natrag<\/span>\n\t\t\t\t\t<\/span>\n\t\t\t\t\t<\/a>\n\t\t\t\t<\/div>\n\t\t\t\t\t\t\t\t<\/div>\n\t\t\t\t<\/div>\n\t\t\t\t\t<\/div>\n\t\t<\/div>\n\t\t\t\t<div class=\"elementor-column elementor-col-50 elementor-inner-column elementor-element elementor-element-b8abb07\" data-id=\"b8abb07\" data-element_type=\"column\" data-settings=\"{&quot;background_background&quot;:&quot;classic&quot;}\">\n\t\t\t<div class=\"elementor-widget-wrap elementor-element-populated\">\n\t\t\t\t\t\t<div class=\"elementor-element elementor-element-af83275 elementor-align-center elementor-widget elementor-widget-button\" data-id=\"af83275\" data-element_type=\"widget\" data-widget_type=\"button.default\">\n\t\t\t\t<div class=\"elementor-widget-container\">\n\t\t\t\t\t\t\t\t\t<div class=\"elementor-button-wrapper\">\n\t\t\t\t\t<a class=\"elementor-button elementor-button-link elementor-size-sm\" href=\"https:\/\/qtour.org\/ima-jedan-granicar-boja-mu-je-plava\/#pocetna-2\">\n\t\t\t\t\t\t<span class=\"elementor-button-content-wrapper\">\n\t\t\t\t\t\t\t\t\t<span class=\"elementor-button-text\">Vrati na po\u010detak<\/span>\n\t\t\t\t\t<\/span>\n\t\t\t\t\t<\/a>\n\t\t\t\t<\/div>\n\t\t\t\t\t\t\t\t<\/div>\n\t\t\t\t<\/div>\n\t\t\t\t\t<\/div>\n\t\t<\/div>\n\t\t\t\t\t<\/div>\n\t\t<\/section>\n\t\t\t\t\t<\/div>\n\t\t<\/div>\n\t\t\t\t\t<\/div>\n\t\t<\/section>\n\t\t\t\t<\/div>\n\t\t","protected":false},"excerpt":{"rendered":"<p>Literatura Balentovi\u0107, Ivo (ur.). 1951. 30 godina sportskog dru\u0161tva Grani\u010dar. \u017dupanja. Balentovi\u0107, Ivo (ur.). Grani\u010dar 1921. \u2013 1961. \u017dupanja. Balentovi\u0107, Ivo (ur.). 1971. 50 godina \u0160D \u201eGrani\u010dar\u201c 1921 . \u2013 1971. \u017dupanja. Balentovi\u0107, Ivo. 1980. Prva lopta u na\u0161im krajevima 1880. \u2013 1980. \u017dupanja. Balentovi\u0107, Ivo. 1995. Prva lopta u Hrvatskoj, \u017dupanja 1880-1995. \u017dupanja\u2013Umag\u2013Zagreb. Batarilovi\u0107,&hellip;&nbsp;<a href=\"https:\/\/qtour.org\/it\/ima-jedan-granicar-boja-mu-je-plava\/literatura\/\" class=\"\" rel=\"bookmark\">Read More &raquo;<span class=\"screen-reader-text\">Literatura<\/span><\/a><\/p>\n","protected":false},"author":1,"featured_media":6659,"parent":5856,"menu_order":0,"comment_status":"closed","ping_status":"closed","template":"elementor_header_footer","meta":{"footnotes":""},"tags":[],"folder":[9],"class_list":["post-6487","page","type-page","status-publish","has-post-thumbnail","hentry"],"_links":{"self":[{"href":"https:\/\/qtour.org\/it\/wp-json\/wp\/v2\/pages\/6487","targetHints":{"allow":["GET"]}}],"collection":[{"href":"https:\/\/qtour.org\/it\/wp-json\/wp\/v2\/pages"}],"about":[{"href":"https:\/\/qtour.org\/it\/wp-json\/wp\/v2\/types\/page"}],"author":[{"embeddable":true,"href":"https:\/\/qtour.org\/it\/wp-json\/wp\/v2\/users\/1"}],"replies":[{"embeddable":true,"href":"https:\/\/qtour.org\/it\/wp-json\/wp\/v2\/comments?post=6487"}],"version-history":[{"count":0,"href":"https:\/\/qtour.org\/it\/wp-json\/wp\/v2\/pages\/6487\/revisions"}],"up":[{"embeddable":true,"href":"https:\/\/qtour.org\/it\/wp-json\/wp\/v2\/pages\/5856"}],"wp:featuredmedia":[{"embeddable":true,"href":"https:\/\/qtour.org\/it\/wp-json\/wp\/v2\/media\/6659"}],"wp:attachment":[{"href":"https:\/\/qtour.org\/it\/wp-json\/wp\/v2\/media?parent=6487"}],"wp:term":[{"taxonomy":"post_tag","embeddable":true,"href":"https:\/\/qtour.org\/it\/wp-json\/wp\/v2\/tags?post=6487"},{"taxonomy":"folder","embeddable":true,"href":"https:\/\/qtour.org\/it\/wp-json\/wp\/v2\/folder?post=6487"}],"curies":[{"name":"wp","href":"https:\/\/api.w.org\/{rel}","templated":true}]}}