{"id":6449,"date":"2020-08-14T12:47:12","date_gmt":"2020-08-14T12:47:12","guid":{"rendered":"https:\/\/qtour.org\/?page_id=6449"},"modified":"2020-08-26T09:15:36","modified_gmt":"2020-08-26T09:15:36","slug":"olimpijci","status":"publish","type":"page","link":"https:\/\/qtour.org\/it\/ima-jedan-granicar-boja-mu-je-plava\/olimpijci\/","title":{"rendered":"Olimpijci"},"content":{"rendered":"\t\t<div data-elementor-type=\"wp-page\" data-elementor-id=\"6449\" class=\"elementor elementor-6449\">\n\t\t\t\t\t\t<section class=\"elementor-section elementor-top-section elementor-element elementor-element-4758127 animated-fast elementor-section-content-top elementor-section-boxed elementor-section-height-default elementor-section-height-default elementor-invisible\" data-id=\"4758127\" data-element_type=\"section\" data-settings=\"{&quot;background_background&quot;:&quot;classic&quot;,&quot;animation&quot;:&quot;slideInRight&quot;,&quot;animation_tablet&quot;:&quot;slideInRight&quot;,&quot;animation_mobile&quot;:&quot;slideInRight&quot;}\">\n\t\t\t\t\t\t\t<div class=\"elementor-background-overlay\"><\/div>\n\t\t\t\t\t\t\t<div class=\"elementor-container elementor-column-gap-no\">\n\t\t\t\t\t<div class=\"elementor-column elementor-col-100 elementor-top-column elementor-element elementor-element-7f9c67c\" data-id=\"7f9c67c\" data-element_type=\"column\" data-settings=\"{&quot;background_background&quot;:&quot;classic&quot;}\">\n\t\t\t<div class=\"elementor-widget-wrap elementor-element-populated\">\n\t\t\t\t\t\t<div class=\"elementor-element elementor-element-ebd9d9a elementor-widget elementor-widget-heading\" data-id=\"ebd9d9a\" data-element_type=\"widget\" data-widget_type=\"heading.default\">\n\t\t\t\t<div class=\"elementor-widget-container\">\n\t\t\t\t\t<h2 class=\"elementor-heading-title elementor-size-default\">Navija\u010dka skupina \"Olimpijci\" \u017dupanja<\/h2>\t\t\t\t<\/div>\n\t\t\t\t<\/div>\n\t\t\t\t<div class=\"elementor-element elementor-element-0530c6d elementor-align-left elementor-button-danger elementor-widget elementor-widget-button\" data-id=\"0530c6d\" data-element_type=\"widget\" data-widget_type=\"button.default\">\n\t\t\t\t<div class=\"elementor-widget-container\">\n\t\t\t\t\t\t\t\t\t<div class=\"elementor-button-wrapper\">\n\t\t\t\t\t<a class=\"elementor-button elementor-button-link elementor-size-sm\" href=\"https:\/\/qtour.org\/ima-jedan-granicar-boja-mu-je-plava\/#pocetna-4\">\n\t\t\t\t\t\t<span class=\"elementor-button-content-wrapper\">\n\t\t\t\t\t\t\t\t\t<span class=\"elementor-button-text\">< Vrati na sadr\u017eaj<\/span>\n\t\t\t\t\t<\/span>\n\t\t\t\t\t<\/a>\n\t\t\t\t<\/div>\n\t\t\t\t\t\t\t\t<\/div>\n\t\t\t\t<\/div>\n\t\t\t\t<section class=\"elementor-section elementor-inner-section elementor-element elementor-element-c1f5493 elementor-section-full_width elementor-section-height-default elementor-section-height-default\" data-id=\"c1f5493\" data-element_type=\"section\">\n\t\t\t\t\t\t<div class=\"elementor-container elementor-column-gap-default\">\n\t\t\t\t\t<div class=\"elementor-column elementor-col-100 elementor-inner-column elementor-element elementor-element-eb7d533\" data-id=\"eb7d533\" data-element_type=\"column\" data-settings=\"{&quot;background_background&quot;:&quot;classic&quot;}\">\n\t\t\t<div class=\"elementor-widget-wrap elementor-element-populated\">\n\t\t\t\t\t\t<div class=\"elementor-element elementor-element-9929256 elementor-widget elementor-widget-text-editor\" data-id=\"9929256\" data-element_type=\"widget\" data-widget_type=\"text-editor.default\">\n\t\t\t\t<div class=\"elementor-widget-container\">\n\t\t\t\t\t\t\t\t\t<p>NK \u201eGrani\u010dar\u201c mo\u017ee se podi\u010diti skupinom zaista organiziranih i motiviranih navija\u010da, koji u kontinuitetu <strong>od 1995. godine<\/strong> bodre svoj klub. To su \u201e<strong>Olimpijci\u201c,<\/strong> koji ove godine slave <strong>25 godina postojanja<\/strong>. Osim kao podr\u0161ka Grani\u010daru, neizostavna su publika na svim va\u017enijim nastupima hrvatske nogometne reprezentacije, bilo gdje da se natjecanje odvija. Zanimljivo je da je unutar skupine koja je osnovala \u201eOlimpijce\u201c bila i skupina navija\u010dica.<\/p><p>Me\u0111u najva\u017enijim organizatorima i voditeljima s po\u010detka formiranja Olimpijaca bili su (i ostali): <strong>Mario Vukorep<\/strong> (dana\u0161nji voditelj), <strong>Damir Juzba\u0161i\u0107<\/strong> i <strong>\u017deljko Zovak-Ke\u010do<\/strong>, koji su imali istaknutu ulogu na slu\u017ebenoj <strong>osniva\u010dkoj skup\u0161tini 1996. g<\/strong>odine.<\/p><p>Uz po\u010detne stihove himne \u201eOlimpijaca\u201c, \u010diju je glazbu i stihove oblikovao <strong>Mario Vesti\u0107, a <\/strong>koje pjeva <strong>Pero Gali\u0107:<\/strong> \u201e<em>Ima jedna \u017dupanja, ima jedna Sava, ima jedan Grani\u010dar, boja mu je plava<\/em>\u201c i \u00a0uz specifi\u010dni uzvik <em>\u201eO\u0161 do\u0161 do \u0161ta?\u201c<\/em> zapo\u010dinje svaka utakmica Grani\u010dara, pa su se \u201eOlimpijci\u201c i na taj na\u010din definirali kao jedan od simbola \u017dupanje.<\/p><p>U sklopu obilje\u017eavanja velikih nogometnih jubileja, u organizaciji Grada \u017dupanje, <strong>Mario Vukorep<\/strong>, vo\u0111a Olimpijaca, kao i sami navija\u010di i igra\u010di Grani\u010dara, oslikali su velik dio javnih povr\u0161ina simbolima kluba, nogometa i \u017dupanje i time odali po\u010dast gradu i nogometu na doista dojmljiv na\u010din.<\/p>\t\t\t\t\t\t\t\t<\/div>\n\t\t\t\t<\/div>\n\t\t\t\t\t<\/div>\n\t\t<\/div>\n\t\t\t\t\t<\/div>\n\t\t<\/section>\n\t\t\t\t<section class=\"elementor-section elementor-inner-section elementor-element elementor-element-dd64d95 elementor-section-full_width elementor-section-height-default elementor-section-height-default\" data-id=\"dd64d95\" data-element_type=\"section\">\n\t\t\t\t\t\t<div class=\"elementor-container elementor-column-gap-default\">\n\t\t\t\t\t<div class=\"elementor-column elementor-col-50 elementor-inner-column elementor-element elementor-element-e76ce5a\" data-id=\"e76ce5a\" data-element_type=\"column\" data-settings=\"{&quot;background_background&quot;:&quot;classic&quot;}\">\n\t\t\t<div class=\"elementor-widget-wrap elementor-element-populated\">\n\t\t\t\t\t\t<div class=\"elementor-element elementor-element-470814f elementor-align-center elementor-widget elementor-widget-button\" data-id=\"470814f\" data-element_type=\"widget\" data-widget_type=\"button.default\">\n\t\t\t\t<div class=\"elementor-widget-container\">\n\t\t\t\t\t\t\t\t\t<div class=\"elementor-button-wrapper\">\n\t\t\t\t\t<a class=\"elementor-button elementor-button-link elementor-size-sm\" href=\"https:\/\/qtour.org\/ima-jedan-granicar-boja-mu-je-plava\/#pocetna-16\">\n\t\t\t\t\t\t<span class=\"elementor-button-content-wrapper\">\n\t\t\t\t\t\t\t\t\t<span class=\"elementor-button-text\">Natrag<\/span>\n\t\t\t\t\t<\/span>\n\t\t\t\t\t<\/a>\n\t\t\t\t<\/div>\n\t\t\t\t\t\t\t\t<\/div>\n\t\t\t\t<\/div>\n\t\t\t\t\t<\/div>\n\t\t<\/div>\n\t\t\t\t<div class=\"elementor-column elementor-col-50 elementor-inner-column elementor-element elementor-element-8d73965\" data-id=\"8d73965\" data-element_type=\"column\" data-settings=\"{&quot;background_background&quot;:&quot;classic&quot;}\">\n\t\t\t<div class=\"elementor-widget-wrap elementor-element-populated\">\n\t\t\t\t\t\t<div class=\"elementor-element elementor-element-ac48f8c elementor-align-center elementor-widget elementor-widget-button\" data-id=\"ac48f8c\" data-element_type=\"widget\" data-widget_type=\"button.default\">\n\t\t\t\t<div class=\"elementor-widget-container\">\n\t\t\t\t\t\t\t\t\t<div class=\"elementor-button-wrapper\">\n\t\t\t\t\t<a class=\"elementor-button elementor-button-link elementor-size-sm\" href=\"https:\/\/qtour.org\/ima-jedan-granicar-boja-mu-je-plava\/#pocetna-4\">\n\t\t\t\t\t\t<span class=\"elementor-button-content-wrapper\">\n\t\t\t\t\t\t\t\t\t<span class=\"elementor-button-text\">Vrati na sadr\u017eaj<\/span>\n\t\t\t\t\t<\/span>\n\t\t\t\t\t<\/a>\n\t\t\t\t<\/div>\n\t\t\t\t\t\t\t\t<\/div>\n\t\t\t\t<\/div>\n\t\t\t\t\t<\/div>\n\t\t<\/div>\n\t\t\t\t\t<\/div>\n\t\t<\/section>\n\t\t\t\t\t<\/div>\n\t\t<\/div>\n\t\t\t\t\t<\/div>\n\t\t<\/section>\n\t\t\t\t<\/div>\n\t\t","protected":false},"excerpt":{"rendered":"<p>Navija\u010dka skupina &#8220;Olimpijci&#8221; \u017dupanja < Vrati na sadr\u017eaj NK \u201eGrani\u010dar\u201c mo\u017ee se podi\u010diti skupinom zaista organiziranih i motiviranih navija\u010da, koji u kontinuitetu od 1995. godine bodre svoj klub. To su \u201eOlimpijci\u201c, koji ove godine slave 25 godina postojanja. Osim kao podr\u0161ka Grani\u010daru, neizostavna su publika na svim va\u017enijim nastupima hrvatske nogometne reprezentacije, bilo gdje da&hellip;&nbsp;<a href=\"https:\/\/qtour.org\/it\/ima-jedan-granicar-boja-mu-je-plava\/olimpijci\/\" class=\"\" rel=\"bookmark\">Read More &raquo;<span class=\"screen-reader-text\">Olimpijci<\/span><\/a><\/p>\n","protected":false},"author":1,"featured_media":6659,"parent":5856,"menu_order":0,"comment_status":"closed","ping_status":"closed","template":"elementor_header_footer","meta":{"footnotes":""},"tags":[],"folder":[9],"class_list":["post-6449","page","type-page","status-publish","has-post-thumbnail","hentry"],"_links":{"self":[{"href":"https:\/\/qtour.org\/it\/wp-json\/wp\/v2\/pages\/6449","targetHints":{"allow":["GET"]}}],"collection":[{"href":"https:\/\/qtour.org\/it\/wp-json\/wp\/v2\/pages"}],"about":[{"href":"https:\/\/qtour.org\/it\/wp-json\/wp\/v2\/types\/page"}],"author":[{"embeddable":true,"href":"https:\/\/qtour.org\/it\/wp-json\/wp\/v2\/users\/1"}],"replies":[{"embeddable":true,"href":"https:\/\/qtour.org\/it\/wp-json\/wp\/v2\/comments?post=6449"}],"version-history":[{"count":0,"href":"https:\/\/qtour.org\/it\/wp-json\/wp\/v2\/pages\/6449\/revisions"}],"up":[{"embeddable":true,"href":"https:\/\/qtour.org\/it\/wp-json\/wp\/v2\/pages\/5856"}],"wp:featuredmedia":[{"embeddable":true,"href":"https:\/\/qtour.org\/it\/wp-json\/wp\/v2\/media\/6659"}],"wp:attachment":[{"href":"https:\/\/qtour.org\/it\/wp-json\/wp\/v2\/media?parent=6449"}],"wp:term":[{"taxonomy":"post_tag","embeddable":true,"href":"https:\/\/qtour.org\/it\/wp-json\/wp\/v2\/tags?post=6449"},{"taxonomy":"folder","embeddable":true,"href":"https:\/\/qtour.org\/it\/wp-json\/wp\/v2\/folder?post=6449"}],"curies":[{"name":"wp","href":"https:\/\/api.w.org\/{rel}","templated":true}]}}