{"id":6234,"date":"2020-08-10T13:15:00","date_gmt":"2020-08-10T13:15:00","guid":{"rendered":"https:\/\/qtour.org\/?page_id=6234"},"modified":"2020-08-26T09:15:57","modified_gmt":"2020-08-26T09:15:57","slug":"osnutak-nk-granicara","status":"publish","type":"page","link":"https:\/\/qtour.org\/it\/ima-jedan-granicar-boja-mu-je-plava\/osnutak-nk-granicara\/","title":{"rendered":"Osnutak NK Grani\u010dara"},"content":{"rendered":"\t\t<div data-elementor-type=\"wp-page\" data-elementor-id=\"6234\" class=\"elementor elementor-6234\">\n\t\t\t\t\t\t<section class=\"elementor-section elementor-top-section elementor-element elementor-element-5105d9a animated-fast elementor-section-content-top elementor-section-boxed elementor-section-height-default elementor-section-height-default elementor-invisible\" data-id=\"5105d9a\" data-element_type=\"section\" data-settings=\"{&quot;background_background&quot;:&quot;classic&quot;,&quot;animation&quot;:&quot;slideInRight&quot;,&quot;animation_tablet&quot;:&quot;slideInRight&quot;,&quot;animation_mobile&quot;:&quot;slideInRight&quot;}\">\n\t\t\t\t\t\t\t<div class=\"elementor-background-overlay\"><\/div>\n\t\t\t\t\t\t\t<div class=\"elementor-container elementor-column-gap-no\">\n\t\t\t\t\t<div class=\"elementor-column elementor-col-100 elementor-top-column elementor-element elementor-element-1d18dd1\" data-id=\"1d18dd1\" data-element_type=\"column\" data-settings=\"{&quot;background_background&quot;:&quot;classic&quot;}\">\n\t\t\t<div class=\"elementor-widget-wrap elementor-element-populated\">\n\t\t\t\t\t\t<div class=\"elementor-element elementor-element-3b3a7ce elementor-widget elementor-widget-heading\" data-id=\"3b3a7ce\" data-element_type=\"widget\" data-widget_type=\"heading.default\">\n\t\t\t\t<div class=\"elementor-widget-container\">\n\t\t\t\t\t<h2 class=\"elementor-heading-title elementor-size-default\">Osnutak dana\u0161njeg NK-a \"Grani\u010dar\" i prve godine kluba<\/h2>\t\t\t\t<\/div>\n\t\t\t\t<\/div>\n\t\t\t\t<div class=\"elementor-element elementor-element-8794388 elementor-align-left elementor-button-danger elementor-widget elementor-widget-button\" data-id=\"8794388\" data-element_type=\"widget\" data-widget_type=\"button.default\">\n\t\t\t\t<div class=\"elementor-widget-container\">\n\t\t\t\t\t\t\t\t\t<div class=\"elementor-button-wrapper\">\n\t\t\t\t\t<a class=\"elementor-button elementor-button-link elementor-size-sm\" href=\"https:\/\/qtour.org\/ima-jedan-granicar-boja-mu-je-plava\/#pocetna-4\">\n\t\t\t\t\t\t<span class=\"elementor-button-content-wrapper\">\n\t\t\t\t\t\t\t\t\t<span class=\"elementor-button-text\">< Vrati na sadr\u017eaj<\/span>\n\t\t\t\t\t<\/span>\n\t\t\t\t\t<\/a>\n\t\t\t\t<\/div>\n\t\t\t\t\t\t\t\t<\/div>\n\t\t\t\t<\/div>\n\t\t\t\t<section class=\"elementor-section elementor-inner-section elementor-element elementor-element-149b316 elementor-section-full_width elementor-section-height-default elementor-section-height-default\" data-id=\"149b316\" data-element_type=\"section\">\n\t\t\t\t\t\t<div class=\"elementor-container elementor-column-gap-default\">\n\t\t\t\t\t<div class=\"elementor-column elementor-col-100 elementor-inner-column elementor-element elementor-element-e4427ed\" data-id=\"e4427ed\" data-element_type=\"column\" data-settings=\"{&quot;background_background&quot;:&quot;classic&quot;}\">\n\t\t\t<div class=\"elementor-widget-wrap elementor-element-populated\">\n\t\t\t\t\t\t<div class=\"elementor-element elementor-element-64034d2 elementor-widget elementor-widget-text-editor\" data-id=\"64034d2\" data-element_type=\"widget\" data-widget_type=\"text-editor.default\">\n\t\t\t\t<div class=\"elementor-widget-container\">\n\t\t\t\t\t\t\t\t\t<p>Godine <strong>1920<\/strong>. u \u017dupanji osnovan je <strong>HNK \u201eGrani\u010dar\u201c,<\/strong> koji je jedan od najva\u017enijih sportskih simbola dana\u0161nje \u017dupanje.<\/p><p>Najvi\u0161e podataka o osnutku kluba posjedujemo iz ostav\u0161tine dokumenata i dnevni\u010dkih zapisa \u00a0<strong>\u0110uke Vernera (1908. \u2013 1995.), dugogodi\u0161njeg igra\u010da i \u010dlana uprave kluba. <\/strong>Svoja istra\u017eivanja potkrijepio je nizom materijala prezentiranih kroz nekoliko prigodnih izlo\u017ebi pri obilje\u017eavanju obljetnice prve lopte i NK-a \u201eGrani\u010dar\u201c.<\/p><p>Prema njegovim podatcima, prvu uporabljivu loptu, koja nije potjecala iz ostav\u0161tine Engleza, \u017dupanjci su kupili 1920. godine u Somboru. Zanimljivo je da su za nju koristili svinjske mjehure, koje su nabavljali od lokalnih mesara (Batarilovi\u0107, 2005: 48).<\/p><p>O samoj godini osnutka postojali su prijepori. Naime, u nekoliko izdanja monografija kluba <strong>Ivo Balentovi\u0107<\/strong> navodi kao godinu osnutka <strong>1921.<\/strong> (Balentovi\u0107, 1951; 1961; 1980). Povodom obljetnice vezane za tu godinu izdane su i monografije Grani\u010dara. No kao potvrdu za tu teoriju ne navode se decidirano povijesni pisani ili materijalni izvori, nego samo to da su se prvi nogometa\u0161i po\u010deli u \u017dupanji organizirati 1920. godine, a da je klub, prema izjavama pojedinaca (bez popratnih opisa tih izjava), <strong>osnovan u prolje\u0107e 1921. godine<\/strong> (Balentovi\u0107, 1961: 8).<\/p><p>No 1990. godine postavljena je izlo\u017eba povodom 70 godina kluba prilikom koje se organizacijski odbor na jednom plakatu decidirano izjasnio da se <strong>1920. godina smatra stvarnom godinom utemeljenja Grani\u010dara<\/strong>, a da je godina 1921. namjerno i iz nu\u017ede odabrana, kako bi se 1951. godine mogla proslaviti 30. godi\u0161njica osnutka. Budu\u0107i da ni u tom kontekstu nema do kraja jasnog poja\u0161njenja, iako se implicira da se 1951. godine \u017eeljelo \u00a0proslaviti godi\u0161njicu zbog nekih politi\u010dkih okolnosti, <strong>\u010dinjenica je da se o godini osnutka jo\u0161 uvijek mo\u017ee polemizirati i da 1920. nije do kraja potvr\u0111ena kao stvarna godina osnutka Grani\u010dara,<\/strong> pa bi istra\u017eivanja na tom planu mogla donijeti i neka nova saznanja. Sam Ivo Balentovi\u0107 u reizdanju svoje knjige \u201ePrva lopta\u201c <strong>1995. godine<\/strong> navodi da \u0107e se u povodom 75 godina rada i postojanja Grani\u010dara otvoriti prigodna izlo\u017eba o povijesti nogometa u \u017dupanji <strong>na osnovu gra\u0111e koju je pripremio \u0110uka Verner<\/strong>, koji je zastupao teoriju o 1920. kao godini utemeljenja Grani\u010dara (Balentovi\u0107, 1995: 33).<\/p><p>Osniva\u010dka skup\u0161tina kluba, <strong>prema \u0110uki Verneru<\/strong>, odr\u017eana je <strong>20. lipnja 1920<\/strong>. godine, neposredno nakon zavr\u0161etka nastavne godine. Me\u0111u osniva\u010dima i prvim igra\u010dima bili su sljede\u0107i \u017dupanjci: <strong>Emil Nemec, Stjepan i \u0110uka Verner, Stjepan Jemri\u0107, Marko Or\u0161oli\u0107, \u017diga Kohn, Ilija Lovri\u0107-Lika, Antun Mili\u010di\u0107, Franjo Nemec, Rudolf Nemec, Antun \u0160timec, Ante Or\u0161ani\u0107, Franjo Balenovi\u0107, Julijus Kova\u010d, Karlo Salaj, Franjo Kadovi\u0107, Martin Pavi\u0107evi\u0107<\/strong> (Batarilovi\u0107, 2005: 52\u201356).<\/p><p>Inspiraciju za ime kluba \u010dlanovi su dobili iz <strong>pjesme Mate Topalovi\u0107a<\/strong>, ilirca i sve\u0107enika iz Gradi\u0161ta, \u201eSilni hrabri grani\u010dari\u201c.<\/p><p><strong>Prvu utakmicu Grani\u010dar<\/strong> je odigrao<strong> u \u017dupanji<\/strong> s Hajdukom iz Ora\u0161ja i pritom je Hajduk pobijedio s 5:0. Prema sje\u0107anju \u0110uke Vernera, to se zbilo u <strong>srpnju 1920. godine<\/strong> (Batarilovi\u0107, 2005: 55). Me\u0111utim, Ivo Balentovi\u0107 u nekoliko navrata spominje <strong>1921. godinu<\/strong> kao vrijeme odr\u017eavanja prve utakmice, no opet bez \u010dvrstih materijalnih ili pisanih dokumenata. Njegovu teoriju prihvatio je i autor monografije o NK-u \u201eHajduk\u201c iz Ora\u0161ja (Dominkovi\u0107, 2019: 13). Svakako su prve godine povijesti Grani\u010dara nedovoljno osvijetljene i predstavljaju izazov za istra\u017eiva\u010de.<\/p>\t\t\t\t\t\t\t\t<\/div>\n\t\t\t\t<\/div>\n\t\t\t\t\t<\/div>\n\t\t<\/div>\n\t\t\t\t\t<\/div>\n\t\t<\/section>\n\t\t\t\t<section class=\"elementor-section elementor-inner-section elementor-element elementor-element-77756fc elementor-section-full_width elementor-section-height-default elementor-section-height-default\" data-id=\"77756fc\" data-element_type=\"section\">\n\t\t\t\t\t\t<div class=\"elementor-container elementor-column-gap-default\">\n\t\t\t\t\t<div class=\"elementor-column elementor-col-50 elementor-inner-column elementor-element elementor-element-fdb2d82\" data-id=\"fdb2d82\" data-element_type=\"column\" data-settings=\"{&quot;background_background&quot;:&quot;classic&quot;}\">\n\t\t\t<div class=\"elementor-widget-wrap elementor-element-populated\">\n\t\t\t\t\t\t<div class=\"elementor-element elementor-element-0923850 elementor-align-center elementor-widget elementor-widget-button\" data-id=\"0923850\" data-element_type=\"widget\" data-widget_type=\"button.default\">\n\t\t\t\t<div class=\"elementor-widget-container\">\n\t\t\t\t\t\t\t\t\t<div class=\"elementor-button-wrapper\">\n\t\t\t\t\t<a class=\"elementor-button elementor-button-link elementor-size-sm\" href=\"https:\/\/qtour.org\/ima-jedan-granicar-boja-mu-je-plava\/#pocetna-7\">\n\t\t\t\t\t\t<span class=\"elementor-button-content-wrapper\">\n\t\t\t\t\t\t\t\t\t<span class=\"elementor-button-text\">Natrag<\/span>\n\t\t\t\t\t<\/span>\n\t\t\t\t\t<\/a>\n\t\t\t\t<\/div>\n\t\t\t\t\t\t\t\t<\/div>\n\t\t\t\t<\/div>\n\t\t\t\t\t<\/div>\n\t\t<\/div>\n\t\t\t\t<div class=\"elementor-column elementor-col-50 elementor-inner-column elementor-element elementor-element-1f9ce3d\" data-id=\"1f9ce3d\" data-element_type=\"column\" data-settings=\"{&quot;background_background&quot;:&quot;classic&quot;}\">\n\t\t\t<div class=\"elementor-widget-wrap elementor-element-populated\">\n\t\t\t\t\t\t<div class=\"elementor-element elementor-element-58da209 elementor-align-center elementor-widget elementor-widget-button\" data-id=\"58da209\" data-element_type=\"widget\" data-widget_type=\"button.default\">\n\t\t\t\t<div class=\"elementor-widget-container\">\n\t\t\t\t\t\t\t\t\t<div class=\"elementor-button-wrapper\">\n\t\t\t\t\t<a class=\"elementor-button elementor-button-link elementor-size-sm\" href=\"https:\/\/qtour.org\/ima-jedan-granicar-boja-mu-je-plava\/#pocetna-4\">\n\t\t\t\t\t\t<span class=\"elementor-button-content-wrapper\">\n\t\t\t\t\t\t\t\t\t<span class=\"elementor-button-text\">Vrati na sadr\u017eaj<\/span>\n\t\t\t\t\t<\/span>\n\t\t\t\t\t<\/a>\n\t\t\t\t<\/div>\n\t\t\t\t\t\t\t\t<\/div>\n\t\t\t\t<\/div>\n\t\t\t\t\t<\/div>\n\t\t<\/div>\n\t\t\t\t\t<\/div>\n\t\t<\/section>\n\t\t\t\t\t<\/div>\n\t\t<\/div>\n\t\t\t\t\t<\/div>\n\t\t<\/section>\n\t\t\t\t<\/div>\n\t\t","protected":false},"excerpt":{"rendered":"<p>Osnutak dana\u0161njeg NK-a &#8220;Grani\u010dar&#8221; i prve godine kluba < Vrati na sadr\u017eaj Godine 1920. u \u017dupanji osnovan je HNK \u201eGrani\u010dar\u201c, koji je jedan od najva\u017enijih sportskih simbola dana\u0161nje \u017dupanje. Najvi\u0161e podataka o osnutku kluba posjedujemo iz ostav\u0161tine dokumenata i dnevni\u010dkih zapisa \u00a0\u0110uke Vernera (1908. \u2013 1995.), dugogodi\u0161njeg igra\u010da i \u010dlana uprave kluba. Svoja istra\u017eivanja potkrijepio&hellip;&nbsp;<a href=\"https:\/\/qtour.org\/it\/ima-jedan-granicar-boja-mu-je-plava\/osnutak-nk-granicara\/\" class=\"\" rel=\"bookmark\">Read More &raquo;<span class=\"screen-reader-text\">Osnutak NK Grani\u010dara<\/span><\/a><\/p>\n","protected":false},"author":1,"featured_media":6659,"parent":5856,"menu_order":0,"comment_status":"closed","ping_status":"closed","template":"elementor_header_footer","meta":{"footnotes":""},"tags":[],"folder":[9],"class_list":["post-6234","page","type-page","status-publish","has-post-thumbnail","hentry"],"_links":{"self":[{"href":"https:\/\/qtour.org\/it\/wp-json\/wp\/v2\/pages\/6234","targetHints":{"allow":["GET"]}}],"collection":[{"href":"https:\/\/qtour.org\/it\/wp-json\/wp\/v2\/pages"}],"about":[{"href":"https:\/\/qtour.org\/it\/wp-json\/wp\/v2\/types\/page"}],"author":[{"embeddable":true,"href":"https:\/\/qtour.org\/it\/wp-json\/wp\/v2\/users\/1"}],"replies":[{"embeddable":true,"href":"https:\/\/qtour.org\/it\/wp-json\/wp\/v2\/comments?post=6234"}],"version-history":[{"count":0,"href":"https:\/\/qtour.org\/it\/wp-json\/wp\/v2\/pages\/6234\/revisions"}],"up":[{"embeddable":true,"href":"https:\/\/qtour.org\/it\/wp-json\/wp\/v2\/pages\/5856"}],"wp:featuredmedia":[{"embeddable":true,"href":"https:\/\/qtour.org\/it\/wp-json\/wp\/v2\/media\/6659"}],"wp:attachment":[{"href":"https:\/\/qtour.org\/it\/wp-json\/wp\/v2\/media?parent=6234"}],"wp:term":[{"taxonomy":"post_tag","embeddable":true,"href":"https:\/\/qtour.org\/it\/wp-json\/wp\/v2\/tags?post=6234"},{"taxonomy":"folder","embeddable":true,"href":"https:\/\/qtour.org\/it\/wp-json\/wp\/v2\/folder?post=6234"}],"curies":[{"name":"wp","href":"https:\/\/api.w.org\/{rel}","templated":true}]}}