{"id":4648,"date":"2020-04-02T17:35:26","date_gmt":"2020-04-02T17:35:26","guid":{"rendered":"https:\/\/qtour.org\/?page_id=4648"},"modified":"2021-11-21T19:38:16","modified_gmt":"2021-11-21T19:38:16","slug":"ispracaj-kuma","status":"publish","type":"page","link":"https:\/\/qtour.org\/it\/virtualni-postav-muzej-zupanja\/ispracaj-kuma\/","title":{"rendered":"Ispra\u0107aj kuma"},"content":{"rendered":"\t\t<div data-elementor-type=\"wp-page\" data-elementor-id=\"4648\" class=\"elementor elementor-4648\">\n\t\t\t\t\t\t<section class=\"elementor-section elementor-top-section elementor-element elementor-element-1990056 elementor-section-boxed elementor-section-height-default elementor-section-height-default\" data-id=\"1990056\" data-element_type=\"section\">\n\t\t\t\t\t\t<div class=\"elementor-container elementor-column-gap-default\">\n\t\t\t\t\t<div class=\"elementor-column elementor-col-100 elementor-top-column elementor-element elementor-element-c7cffc1\" data-id=\"c7cffc1\" data-element_type=\"column\" data-settings=\"{&quot;background_background&quot;:&quot;classic&quot;}\">\n\t\t\t<div class=\"elementor-widget-wrap elementor-element-populated\">\n\t\t\t\t\t\t<div class=\"elementor-element elementor-element-b47b74d elementor-widget elementor-widget-heading\" data-id=\"b47b74d\" data-element_type=\"widget\" data-widget_type=\"heading.default\">\n\t\t\t\t<div class=\"elementor-widget-container\">\n\t\t\t\t\t<h2 class=\"elementor-heading-title elementor-size-default\">Ispra\u0107aj kuma<\/h2>\t\t\t\t<\/div>\n\t\t\t\t<\/div>\n\t\t\t\t<div class=\"elementor-element elementor-element-2b27e6b elementor-widget elementor-widget-text-editor\" data-id=\"2b27e6b\" data-element_type=\"widget\" data-widget_type=\"text-editor.default\">\n\t\t\t\t<div class=\"elementor-widget-container\">\n\t\t\t\t\t\t\t\t\t<p>U posebnoj izra\u0111enoj stolici, sjedi vjen\u010dani kum. I danas je va\u017enost uloge kuma svima dobro znana, a nekada se uz kuma i kumstvo vezalo i mno\u0161tvo razli\u010ditih, danas ve\u0107 zaboravljenih \u017eivopisnih obi\u010daja. U okolici \u017dupanje obi\u010daj je bio da se kuma pred sam kraj sve\u010danog svadbenog slavlja ceremonijalno i uz pjesmu otpra\u0107a ku\u0107i, na zaslu\u017eeni odmor. Obi\u010daj se nazivao \u201eu \u017eivo\u201c.<\/p>\t\t\t\t\t\t\t\t<\/div>\n\t\t\t\t<\/div>\n\t\t\t\t<div class=\"elementor-element elementor-element-a334ad8 elementor-widget elementor-widget-image\" data-id=\"a334ad8\" data-element_type=\"widget\" data-widget_type=\"image.default\">\n\t\t\t\t<div class=\"elementor-widget-container\">\n\t\t\t\t\t\t\t\t\t\t\t\t\t\t\t\t<a href=\"https:\/\/qtour.org\/wp-content\/uploads\/2020\/04\/ispracaj-kuma-2.jpg\" data-elementor-open-lightbox=\"yes\" data-elementor-lightbox-title=\"\" data-e-action-hash=\"#elementor-action%3Aaction%3Dlightbox%26settings%3DeyJpZCI6NDY0OSwidXJsIjoiaHR0cHM6XC9cL3F0b3VyLm9yZ1wvd3AtY29udGVudFwvdXBsb2Fkc1wvMjAyMFwvMDRcL2lzcHJhY2FqLWt1bWEtMi5qcGcifQ%3D%3D\">\n\t\t\t\t\t\t\t<img fetchpriority=\"high\" decoding=\"async\" width=\"717\" height=\"1024\" src=\"https:\/\/qtour.org\/wp-content\/uploads\/2020\/04\/ispracaj-kuma-2-717x1024.jpg\" class=\"attachment-large size-large wp-image-4649\" alt=\"\" srcset=\"https:\/\/qtour.org\/wp-content\/uploads\/2020\/04\/ispracaj-kuma-2-717x1024.jpg 717w, https:\/\/qtour.org\/wp-content\/uploads\/2020\/04\/ispracaj-kuma-2-210x300.jpg 210w, https:\/\/qtour.org\/wp-content\/uploads\/2020\/04\/ispracaj-kuma-2-768x1097.jpg 768w, https:\/\/qtour.org\/wp-content\/uploads\/2020\/04\/ispracaj-kuma-2.jpg 800w\" sizes=\"(max-width: 717px) 100vw, 717px\" \/>\t\t\t\t\t\t\t\t<\/a>\n\t\t\t\t\t\t\t\t\t\t\t\t\t\t\t<\/div>\n\t\t\t\t<\/div>\n\t\t\t\t<div class=\"elementor-element elementor-element-38c67f4 elementor-widget elementor-widget-text-editor\" data-id=\"38c67f4\" data-element_type=\"widget\" data-widget_type=\"text-editor.default\">\n\t\t\t\t<div class=\"elementor-widget-container\">\n\t\t\t\t\t\t\t\t\t<p><\/p>\n<p>Kuma bi se prvo okitilo otarkom (tradicijskim, \u010desto ukra\u0161enim, ru\u010dnikom), kojeg bi mu prebacili preko jednog ramena i u\u010dvrstili ispod ruke u visini pojasa (poput lente). Zatim bi ga posjeli u \u010dvrstu stolicu (nerijetko napravljenu i kori\u0161tenu posebno za ovaj obi\u010daj) te bi ga dvojica mu\u0161karaca na stolici nosila do ku\u0107e. Obavezno su ih, uz sudionike svadbe, pratili tambura\u0161i, pjevaju\u0107i i slave\u0107i kuma i kumstvo, a pjesme su obi\u010dno bile vrlo \u0161aljivog karaktera.<\/p>\n<p>Izlo\u017eena drvena stolica, prema izjavama kaziva\u010da, upravo je napravljena i slu\u017eila je za ispra\u0107aj kuma.<\/p>\n<p>Mjesto i vrijeme izrade: \u017dupanjska Posavina, sredina 20. st.<\/p>\n<p><\/p>\t\t\t\t\t\t\t\t<\/div>\n\t\t\t\t<\/div>\n\t\t\t\t<div class=\"elementor-element elementor-element-de7262a elementor-view-default elementor-widget elementor-widget-icon\" data-id=\"de7262a\" data-element_type=\"widget\" data-widget_type=\"icon.default\">\n\t\t\t\t<div class=\"elementor-widget-container\">\n\t\t\t\t\t\t\t<div class=\"elementor-icon-wrapper\">\n\t\t\t<a class=\"elementor-icon\" href=\"https:\/\/qtour.org\/virtualni-postav-muzej-zupanja\/2d-izlozba\/#izlozba-9\">\n\t\t\t<i aria-hidden=\"true\" class=\"fas fa-long-arrow-alt-left\"><\/i>\t\t\t<\/a>\n\t\t<\/div>\n\t\t\t\t\t\t<\/div>\n\t\t\t\t<\/div>\n\t\t\t\t<div class=\"elementor-element elementor-element-8b940ed elementor-widget elementor-widget-text-editor\" data-id=\"8b940ed\" data-element_type=\"widget\" data-widget_type=\"text-editor.default\">\n\t\t\t\t<div class=\"elementor-widget-container\">\n\t\t\t\t\t\t\t\t\t<p><a href=\"https:\/\/qtour.org\/virtualni-postav-muzej-zupanja\/2d-izlozba\/#izlozba-9\">NATRAG<\/a><\/p>\t\t\t\t\t\t\t\t<\/div>\n\t\t\t\t<\/div>\n\t\t\t\t\t<\/div>\n\t\t<\/div>\n\t\t\t\t\t<\/div>\n\t\t<\/section>\n\t\t\t\t<\/div>\n\t\t","protected":false},"excerpt":{"rendered":"","protected":false},"author":1,"featured_media":0,"parent":4358,"menu_order":0,"comment_status":"closed","ping_status":"closed","template":"elementor_header_footer","meta":{"footnotes":""},"tags":[],"folder":[9],"class_list":["post-4648","page","type-page","status-publish","hentry"],"_links":{"self":[{"href":"https:\/\/qtour.org\/it\/wp-json\/wp\/v2\/pages\/4648","targetHints":{"allow":["GET"]}}],"collection":[{"href":"https:\/\/qtour.org\/it\/wp-json\/wp\/v2\/pages"}],"about":[{"href":"https:\/\/qtour.org\/it\/wp-json\/wp\/v2\/types\/page"}],"author":[{"embeddable":true,"href":"https:\/\/qtour.org\/it\/wp-json\/wp\/v2\/users\/1"}],"replies":[{"embeddable":true,"href":"https:\/\/qtour.org\/it\/wp-json\/wp\/v2\/comments?post=4648"}],"version-history":[{"count":0,"href":"https:\/\/qtour.org\/it\/wp-json\/wp\/v2\/pages\/4648\/revisions"}],"up":[{"embeddable":true,"href":"https:\/\/qtour.org\/it\/wp-json\/wp\/v2\/pages\/4358"}],"wp:attachment":[{"href":"https:\/\/qtour.org\/it\/wp-json\/wp\/v2\/media?parent=4648"}],"wp:term":[{"taxonomy":"post_tag","embeddable":true,"href":"https:\/\/qtour.org\/it\/wp-json\/wp\/v2\/tags?post=4648"},{"taxonomy":"folder","embeddable":true,"href":"https:\/\/qtour.org\/it\/wp-json\/wp\/v2\/folder?post=4648"}],"curies":[{"name":"wp","href":"https:\/\/api.w.org\/{rel}","templated":true}]}}