{"id":4618,"date":"2020-04-02T16:31:58","date_gmt":"2020-04-02T16:31:58","guid":{"rendered":"https:\/\/qtour.org\/?page_id=4618"},"modified":"2020-10-14T10:44:25","modified_gmt":"2020-10-14T10:44:25","slug":"molitvenik","status":"publish","type":"page","link":"https:\/\/qtour.org\/it\/virtualni-postav-muzej-zupanja\/molitvenik\/","title":{"rendered":"Molitvenik"},"content":{"rendered":"\t\t<div data-elementor-type=\"wp-page\" data-elementor-id=\"4618\" class=\"elementor elementor-4618\">\n\t\t\t\t\t\t<section class=\"elementor-section elementor-top-section elementor-element elementor-element-b842187 elementor-section-boxed elementor-section-height-default elementor-section-height-default\" data-id=\"b842187\" data-element_type=\"section\">\n\t\t\t\t\t\t<div class=\"elementor-container elementor-column-gap-default\">\n\t\t\t\t\t<div class=\"elementor-column elementor-col-100 elementor-top-column elementor-element elementor-element-1a0d4f1\" data-id=\"1a0d4f1\" data-element_type=\"column\" data-settings=\"{&quot;background_background&quot;:&quot;classic&quot;}\">\n\t\t\t<div class=\"elementor-widget-wrap elementor-element-populated\">\n\t\t\t\t\t\t<div class=\"elementor-element elementor-element-b799b42 elementor-widget elementor-widget-heading\" data-id=\"b799b42\" data-element_type=\"widget\" data-widget_type=\"heading.default\">\n\t\t\t\t<div class=\"elementor-widget-container\">\n\t\t\t\t\t<h2 class=\"elementor-heading-title elementor-size-default\">Molitvenik<\/h2>\t\t\t\t<\/div>\n\t\t\t\t<\/div>\n\t\t\t\t<div class=\"elementor-element elementor-element-6d377f8 elementor-widget elementor-widget-text-editor\" data-id=\"6d377f8\" data-element_type=\"widget\" data-widget_type=\"text-editor.default\">\n\t\t\t\t<div class=\"elementor-widget-container\">\n\t\t\t\t\t\t\t\t\t<p>Ovaj skupocjeno i bogato ukra\u0161en molitvenik nosi naslov: \u201eVienac bogoljubnosti ili razli\u010dite molitve s osobito oprosti\u201c. Godina izdanja je nepoznata, ali se na drugoj stranici navodi tekst: \u201eNjegova Svetost Papa Leon XIII podijelio je nakladniku knjige radi zasluga ste\u010denik tiskanjem valjanih katoli\u010dkih spisa glasom brevea od 29. sije\u010dnja 1889; vite\u0161ki kri\u017e reda sv. Silvestra\u201c pa je sigurno da ga mo\u017eemo datirati u kraj 19. stolje\u0107a.<\/p>\t\t\t\t\t\t\t\t<\/div>\n\t\t\t\t<\/div>\n\t\t\t\t<div class=\"elementor-element elementor-element-02f68df elementor-widget elementor-widget-text-editor\" data-id=\"02f68df\" data-element_type=\"widget\" data-widget_type=\"text-editor.default\">\n\t\t\t\t<div class=\"elementor-widget-container\">\n\t\t\t\t\t\t\t\t\t<p><\/p>\n<p>Prednja strana korica ure\u0161ena je slikom Majke Bo\u017eje s Isusom, a iznad nje se nalazi reljefno izra\u0111en kri\u017e od slonova\u010de. Sa strana su lepezasto izvedeni ukrasi od kositra, poput \u0161koljki, dok je ispod slike od lijevane mjedi reljefno izra\u0111en an\u0111eo. Uokolo slike je izrezan uski \u017eeljezni lim koji prelazi u podlogu pravokutna oblika, na koju su, uz rubove, malim \u010davlima zlatne boje u\u010dvr\u0161\u0107ene plo\u010dice slonova\u010de. Motivi u slonova\u010di su urezane gran\u010dice, cvjeti\u0107i i vitice.<\/p>\n<p>Muzeju ga je 1999. godine darovala Kate Horvatovi\u0107. Mjesto i vrijeme izrade: Cerna, kraj 19. st.<\/p>\n<p><\/p>\t\t\t\t\t\t\t\t<\/div>\n\t\t\t\t<\/div>\n\t\t\t\t<div class=\"elementor-element elementor-element-0f510b3 elementor-view-default elementor-widget elementor-widget-icon\" data-id=\"0f510b3\" data-element_type=\"widget\" data-widget_type=\"icon.default\">\n\t\t\t\t<div class=\"elementor-widget-container\">\n\t\t\t\t\t\t\t<div class=\"elementor-icon-wrapper\">\n\t\t\t<a class=\"elementor-icon\" href=\"https:\/\/qtour.org\/virtualni-postav-muzej-zupanja\/badnja-vecer\/#izdvojeno2\">\n\t\t\t<i aria-hidden=\"true\" class=\"fas fa-long-arrow-alt-left\"><\/i>\t\t\t<\/a>\n\t\t<\/div>\n\t\t\t\t\t\t<\/div>\n\t\t\t\t<\/div>\n\t\t\t\t<div class=\"elementor-element elementor-element-974ae73 elementor-widget elementor-widget-text-editor\" data-id=\"974ae73\" data-element_type=\"widget\" data-widget_type=\"text-editor.default\">\n\t\t\t\t<div class=\"elementor-widget-container\">\n\t\t\t\t\t\t\t\t\t<p><a href=\"https:\/\/qtour.org\/virtualni-postav-muzej-zupanja\/badnja-vecer\/#izdvojeno2\">NATRAG<\/a><\/p>\t\t\t\t\t\t\t\t<\/div>\n\t\t\t\t<\/div>\n\t\t\t\t\t<\/div>\n\t\t<\/div>\n\t\t\t\t\t<\/div>\n\t\t<\/section>\n\t\t\t\t<\/div>\n\t\t","protected":false},"excerpt":{"rendered":"<p>Molitvenik Ovaj skupocjeno i bogato ukra\u0161en molitvenik nosi naslov: \u201eVienac bogoljubnosti ili razli\u010dite molitve s osobito oprosti\u201c. Godina izdanja je nepoznata, ali se na drugoj stranici navodi tekst: \u201eNjegova Svetost Papa Leon XIII podijelio je nakladniku knjige radi zasluga ste\u010denik tiskanjem valjanih katoli\u010dkih spisa glasom brevea od 29. sije\u010dnja 1889; vite\u0161ki kri\u017e reda sv. Silvestra\u201c&hellip;&nbsp;<a href=\"https:\/\/qtour.org\/it\/virtualni-postav-muzej-zupanja\/molitvenik\/\" class=\"\" rel=\"bookmark\">Read More &raquo;<span class=\"screen-reader-text\">Molitvenik<\/span><\/a><\/p>\n","protected":false},"author":1,"featured_media":0,"parent":4358,"menu_order":0,"comment_status":"closed","ping_status":"closed","template":"elementor_header_footer","meta":{"footnotes":""},"tags":[],"folder":[9],"class_list":["post-4618","page","type-page","status-publish","hentry"],"_links":{"self":[{"href":"https:\/\/qtour.org\/it\/wp-json\/wp\/v2\/pages\/4618","targetHints":{"allow":["GET"]}}],"collection":[{"href":"https:\/\/qtour.org\/it\/wp-json\/wp\/v2\/pages"}],"about":[{"href":"https:\/\/qtour.org\/it\/wp-json\/wp\/v2\/types\/page"}],"author":[{"embeddable":true,"href":"https:\/\/qtour.org\/it\/wp-json\/wp\/v2\/users\/1"}],"replies":[{"embeddable":true,"href":"https:\/\/qtour.org\/it\/wp-json\/wp\/v2\/comments?post=4618"}],"version-history":[{"count":0,"href":"https:\/\/qtour.org\/it\/wp-json\/wp\/v2\/pages\/4618\/revisions"}],"up":[{"embeddable":true,"href":"https:\/\/qtour.org\/it\/wp-json\/wp\/v2\/pages\/4358"}],"wp:attachment":[{"href":"https:\/\/qtour.org\/it\/wp-json\/wp\/v2\/media?parent=4618"}],"wp:term":[{"taxonomy":"post_tag","embeddable":true,"href":"https:\/\/qtour.org\/it\/wp-json\/wp\/v2\/tags?post=4618"},{"taxonomy":"folder","embeddable":true,"href":"https:\/\/qtour.org\/it\/wp-json\/wp\/v2\/folder?post=4618"}],"curies":[{"name":"wp","href":"https:\/\/api.w.org\/{rel}","templated":true}]}}