{"id":4589,"date":"2020-04-02T15:46:11","date_gmt":"2020-04-02T15:46:11","guid":{"rendered":"https:\/\/qtour.org\/?page_id=4589"},"modified":"2020-10-14T10:42:46","modified_gmt":"2020-10-14T10:42:46","slug":"cimenta-od-oke","status":"publish","type":"page","link":"https:\/\/qtour.org\/it\/virtualni-postav-muzej-zupanja\/cimenta-od-oke\/","title":{"rendered":"Cimenta od oke"},"content":{"rendered":"\t\t<div data-elementor-type=\"wp-page\" data-elementor-id=\"4589\" class=\"elementor elementor-4589\">\n\t\t\t\t\t\t<section class=\"elementor-section elementor-top-section elementor-element elementor-element-1ba665f elementor-section-boxed elementor-section-height-default elementor-section-height-default\" data-id=\"1ba665f\" data-element_type=\"section\">\n\t\t\t\t\t\t<div class=\"elementor-container elementor-column-gap-default\">\n\t\t\t\t\t<div class=\"elementor-column elementor-col-100 elementor-top-column elementor-element elementor-element-b0cf4d7\" data-id=\"b0cf4d7\" data-element_type=\"column\" data-settings=\"{&quot;background_background&quot;:&quot;classic&quot;}\">\n\t\t\t<div class=\"elementor-widget-wrap elementor-element-populated\">\n\t\t\t\t\t\t<div class=\"elementor-element elementor-element-8c04504 elementor-widget elementor-widget-heading\" data-id=\"8c04504\" data-element_type=\"widget\" data-widget_type=\"heading.default\">\n\t\t\t\t<div class=\"elementor-widget-container\">\n\t\t\t\t\t<h2 class=\"elementor-heading-title elementor-size-default\">Cimenta od oke<\/h2>\t\t\t\t<\/div>\n\t\t\t\t<\/div>\n\t\t\t\t<div class=\"elementor-element elementor-element-83fb657 elementor-widget elementor-widget-text-editor\" data-id=\"83fb657\" data-element_type=\"widget\" data-widget_type=\"text-editor.default\">\n\t\t\t\t<div class=\"elementor-widget-container\">\n\t\t\t\t\t\t\t\t\t<p>Ova je metalna posuda slu\u017eila kao mjera od 12 decilitra. Ime je dobila od naziva za osmanlijsku jedinica za masu (\u201eoka\u201c) \u010dija se vrijednost kroz povijest mijenjala, a kasnije je standardizirana na 1,283 kilograma. Kada se koristila kao mjera za teku\u0107inu, iznosila je to\u010dno 1.283 litre. U Gr\u010dkoj je, primjerice, naziv \u201eoka\u201c, kao jedinica mase, bio u upotrebi sve do 1953. godine.<\/p>\t\t\t\t\t\t\t\t<\/div>\n\t\t\t\t<\/div>\n\t\t\t\t<div class=\"elementor-element elementor-element-271e0bb elementor-widget elementor-widget-text-editor\" data-id=\"271e0bb\" data-element_type=\"widget\" data-widget_type=\"text-editor.default\">\n\t\t\t\t<div class=\"elementor-widget-container\">\n\t\t\t\t\t\t\t\t\t<p><\/p>\n<p>Sama rije\u010d \u201ecimenta\u201c regionalnog je karaktera i zna\u010dila je: limena posudica, naj\u010de\u0161\u0107e upravo u zna\u010denju posude za mjerenje teku\u0107ine. Kada se nekog nazvalo \u201ecimentom\u201c onda je to zna\u010dilo da ga se \u017eeli okarakterizirati kao onoga koji je prazne ili \u0161uplje glave (praznoglavac).<\/p>\n<p>Cimenta od oke izra\u0111ena je od bakra tehnikom iskucavanja (rad \u201ekotlara\u201c). Gornjim i donji dijelovi stijenki su joj malo pro\u0161ireni, a ru\u010dka u obliku savijene trake izra\u0111ena je od \u017eeljeznog lima.<\/p>\n<p>Muzej ju je otkupio 1978. godine od Mande Bo\u0107i\u0107 iz Babine Grede. Mjesto i vrijeme izrade: Gunja, kraj 19. st.<\/p>\n<p><\/p>\t\t\t\t\t\t\t\t<\/div>\n\t\t\t\t<\/div>\n\t\t\t\t<div class=\"elementor-element elementor-element-03e7e8b elementor-view-default elementor-widget elementor-widget-icon\" data-id=\"03e7e8b\" data-element_type=\"widget\" data-widget_type=\"icon.default\">\n\t\t\t\t<div class=\"elementor-widget-container\">\n\t\t\t\t\t\t\t<div class=\"elementor-icon-wrapper\">\n\t\t\t<a class=\"elementor-icon\" href=\"https:\/\/qtour.org\/virtualni-postav-muzej-zupanja\/spajz\/#izdvojeno\">\n\t\t\t<i aria-hidden=\"true\" class=\"fas fa-long-arrow-alt-left\"><\/i>\t\t\t<\/a>\n\t\t<\/div>\n\t\t\t\t\t\t<\/div>\n\t\t\t\t<\/div>\n\t\t\t\t<div class=\"elementor-element elementor-element-40b7ccc elementor-widget elementor-widget-text-editor\" data-id=\"40b7ccc\" data-element_type=\"widget\" data-widget_type=\"text-editor.default\">\n\t\t\t\t<div class=\"elementor-widget-container\">\n\t\t\t\t\t\t\t\t\t<p><a href=\"https:\/\/qtour.org\/virtualni-postav-muzej-zupanja\/spajz\/#izdvojeno\">NATRAG<\/a><\/p>\t\t\t\t\t\t\t\t<\/div>\n\t\t\t\t<\/div>\n\t\t\t\t\t<\/div>\n\t\t<\/div>\n\t\t\t\t\t<\/div>\n\t\t<\/section>\n\t\t\t\t<\/div>\n\t\t","protected":false},"excerpt":{"rendered":"<p>Cimenta od oke Ova je metalna posuda slu\u017eila kao mjera od 12 decilitra. Ime je dobila od naziva za osmanlijsku jedinica za masu (\u201eoka\u201c) \u010dija se vrijednost kroz povijest mijenjala, a kasnije je standardizirana na 1,283 kilograma. Kada se koristila kao mjera za teku\u0107inu, iznosila je to\u010dno 1.283 litre. U Gr\u010dkoj je, primjerice, naziv \u201eoka\u201c,&hellip;&nbsp;<a href=\"https:\/\/qtour.org\/it\/virtualni-postav-muzej-zupanja\/cimenta-od-oke\/\" class=\"\" rel=\"bookmark\">Read More &raquo;<span class=\"screen-reader-text\">Cimenta od oke<\/span><\/a><\/p>\n","protected":false},"author":1,"featured_media":0,"parent":4358,"menu_order":0,"comment_status":"closed","ping_status":"closed","template":"elementor_header_footer","meta":{"footnotes":""},"tags":[],"folder":[9],"class_list":["post-4589","page","type-page","status-publish","hentry"],"_links":{"self":[{"href":"https:\/\/qtour.org\/it\/wp-json\/wp\/v2\/pages\/4589","targetHints":{"allow":["GET"]}}],"collection":[{"href":"https:\/\/qtour.org\/it\/wp-json\/wp\/v2\/pages"}],"about":[{"href":"https:\/\/qtour.org\/it\/wp-json\/wp\/v2\/types\/page"}],"author":[{"embeddable":true,"href":"https:\/\/qtour.org\/it\/wp-json\/wp\/v2\/users\/1"}],"replies":[{"embeddable":true,"href":"https:\/\/qtour.org\/it\/wp-json\/wp\/v2\/comments?post=4589"}],"version-history":[{"count":0,"href":"https:\/\/qtour.org\/it\/wp-json\/wp\/v2\/pages\/4589\/revisions"}],"up":[{"embeddable":true,"href":"https:\/\/qtour.org\/it\/wp-json\/wp\/v2\/pages\/4358"}],"wp:attachment":[{"href":"https:\/\/qtour.org\/it\/wp-json\/wp\/v2\/media?parent=4589"}],"wp:term":[{"taxonomy":"post_tag","embeddable":true,"href":"https:\/\/qtour.org\/it\/wp-json\/wp\/v2\/tags?post=4589"},{"taxonomy":"folder","embeddable":true,"href":"https:\/\/qtour.org\/it\/wp-json\/wp\/v2\/folder?post=4589"}],"curies":[{"name":"wp","href":"https:\/\/api.w.org\/{rel}","templated":true}]}}