{"id":4563,"date":"2020-04-02T15:00:02","date_gmt":"2020-04-02T15:00:02","guid":{"rendered":"https:\/\/qtour.org\/?page_id=4563"},"modified":"2020-10-14T10:44:37","modified_gmt":"2020-10-14T10:44:37","slug":"oborak","status":"publish","type":"page","link":"https:\/\/qtour.org\/it\/virtualni-postav-muzej-zupanja\/oborak\/","title":{"rendered":"Oborak"},"content":{"rendered":"\t\t<div data-elementor-type=\"wp-page\" data-elementor-id=\"4563\" class=\"elementor elementor-4563\">\n\t\t\t\t\t\t<section class=\"elementor-section elementor-top-section elementor-element elementor-element-0c91bd1 elementor-section-boxed elementor-section-height-default elementor-section-height-default\" data-id=\"0c91bd1\" data-element_type=\"section\">\n\t\t\t\t\t\t<div class=\"elementor-container elementor-column-gap-default\">\n\t\t\t\t\t<div class=\"elementor-column elementor-col-100 elementor-top-column elementor-element elementor-element-8f65857\" data-id=\"8f65857\" data-element_type=\"column\" data-settings=\"{&quot;background_background&quot;:&quot;classic&quot;}\">\n\t\t\t<div class=\"elementor-widget-wrap elementor-element-populated\">\n\t\t\t\t\t\t<div class=\"elementor-element elementor-element-332f2b6 elementor-widget elementor-widget-heading\" data-id=\"332f2b6\" data-element_type=\"widget\" data-widget_type=\"heading.default\">\n\t\t\t\t<div class=\"elementor-widget-container\">\n\t\t\t\t\t<h2 class=\"elementor-heading-title elementor-size-default\">Oborak<\/h2>\t\t\t\t<\/div>\n\t\t\t\t<\/div>\n\t\t\t\t<div class=\"elementor-element elementor-element-d75730d elementor-widget elementor-widget-text-editor\" data-id=\"d75730d\" data-element_type=\"widget\" data-widget_type=\"text-editor.default\">\n\t\t\t\t<div class=\"elementor-widget-container\">\n\t\t\t\t\t\t\t\t\t<p>\u201eOborak\u201c ili \u201euborak (ima i drugih tradicijskih naziva) je drvena posuda kru\u017enog oblika, na\u010dinjena od brijesta. Na sastavu je spojena \u010davlima u dva reda. Dno je tako\u0111er pri\u010dvr\u0161\u0107eno \u010davlima, a nazivalo se \u201cza\u0161iveno\u201d ili \u201czadnito\u201ddno. Vanjski obod oborka je ugla\u0111en, a na unutra\u0161njem su vidljivi utori koje su na\u010dinili vr\u0161ci \u201c\u0161ajtova\u201d, naprave kojom se savija drvo.<\/p>\n<p>\u00a0<\/p>\t\t\t\t\t\t\t\t<\/div>\n\t\t\t\t<\/div>\n\t\t\t\t<div class=\"elementor-element elementor-element-e6a9720 elementor-widget elementor-widget-image\" data-id=\"e6a9720\" data-element_type=\"widget\" data-widget_type=\"image.default\">\n\t\t\t\t<div class=\"elementor-widget-container\">\n\t\t\t\t\t\t\t\t\t\t\t\t\t\t\t\t<a href=\"https:\/\/qtour.org\/wp-content\/uploads\/2020\/04\/oborak-1.jpg\" data-elementor-open-lightbox=\"yes\" data-elementor-lightbox-title=\"\" data-e-action-hash=\"#elementor-action%3Aaction%3Dlightbox%26settings%3DeyJpZCI6NDU2MSwidXJsIjoiaHR0cHM6XC9cL3F0b3VyLm9yZ1wvd3AtY29udGVudFwvdXBsb2Fkc1wvMjAyMFwvMDRcL29ib3Jhay0xLmpwZyJ9\">\n\t\t\t\t\t\t\t<img fetchpriority=\"high\" decoding=\"async\" width=\"800\" height=\"533\" src=\"https:\/\/qtour.org\/wp-content\/uploads\/2020\/04\/oborak-1.jpg\" class=\"attachment-large size-large wp-image-4561\" alt=\"\" srcset=\"https:\/\/qtour.org\/wp-content\/uploads\/2020\/04\/oborak-1.jpg 800w, https:\/\/qtour.org\/wp-content\/uploads\/2020\/04\/oborak-1-300x200.jpg 300w, https:\/\/qtour.org\/wp-content\/uploads\/2020\/04\/oborak-1-768x512.jpg 768w\" sizes=\"(max-width: 800px) 100vw, 800px\" \/>\t\t\t\t\t\t\t\t<\/a>\n\t\t\t\t\t\t\t\t\t\t\t\t\t\t\t<\/div>\n\t\t\t\t<\/div>\n\t\t\t\t<div class=\"elementor-element elementor-element-1725aa4 elementor-widget elementor-widget-text-editor\" data-id=\"1725aa4\" data-element_type=\"widget\" data-widget_type=\"text-editor.default\">\n\t\t\t\t<div class=\"elementor-widget-container\">\n\t\t\t\t\t\t\t\t\t<p><\/p>\n<p>Oborak je nekada imao veliku uporabnu vrijednost. Njime su ljudi grabili \u017eitarice: kukuruz, \u017eito, zob\u2026 Slu\u017eio je kod mljevenja \u017eitarica, upotrebljavao se kod prehrane \u017eivotinja, u njega se spremalo sjemenje, koristio se u polju kod sjetve i \u017eetve, u njega su koko\u0161i nosile jaja, kvo\u010dke legle pili\u0107e\u2026 Novi oborak se naj\u010de\u0161\u0107e nije prodavao za novac, ve\u0107 razmjenom: novi oborak za mjeru \u017eita (\u0161to stane u njega). Ovakve drvene posude najvi\u0161e su se izra\u0111ivale u Bo\u0161njacima i Bo\u0161nja\u010dani su ih prodavali po cijeloj Slavoniji, a prema usmenim kazivanjima \u010dak i \u0161ire, a tome je ispjevan \u201ebe\u0107arac\u201c: \u201cBo\u0161njaci se nadaleko znaju po oborci i po \u0161lingeraju.\u201d<\/p>\n<p>Muzej ga je otkupio 1973. godine od Mande Vu\u010di\u010devi\u0107. Mjesto i vrijeme izrade: Bo\u0161njaci, sredina 20. st<\/p>\n<p><\/p>\t\t\t\t\t\t\t\t<\/div>\n\t\t\t\t<\/div>\n\t\t\t\t<div class=\"elementor-element elementor-element-90bd1cc elementor-view-default elementor-widget elementor-widget-icon\" data-id=\"90bd1cc\" data-element_type=\"widget\" data-widget_type=\"icon.default\">\n\t\t\t\t<div class=\"elementor-widget-container\">\n\t\t\t\t\t\t\t<div class=\"elementor-icon-wrapper\">\n\t\t\t<a class=\"elementor-icon\" href=\"https:\/\/qtour.org\/virtualni-postav-muzej-zupanja\/pecenje-rakije\/#izdvojeno\">\n\t\t\t<i aria-hidden=\"true\" class=\"fas fa-long-arrow-alt-left\"><\/i>\t\t\t<\/a>\n\t\t<\/div>\n\t\t\t\t\t\t<\/div>\n\t\t\t\t<\/div>\n\t\t\t\t<div class=\"elementor-element elementor-element-00f0830 elementor-widget elementor-widget-text-editor\" data-id=\"00f0830\" data-element_type=\"widget\" data-widget_type=\"text-editor.default\">\n\t\t\t\t<div class=\"elementor-widget-container\">\n\t\t\t\t\t\t\t\t\t<p><a href=\"https:\/\/qtour.org\/virtualni-postav-muzej-zupanja\/pecenje-rakije\/#izdvojeno\">NATRAG<\/a><\/p>\t\t\t\t\t\t\t\t<\/div>\n\t\t\t\t<\/div>\n\t\t\t\t\t<\/div>\n\t\t<\/div>\n\t\t\t\t\t<\/div>\n\t\t<\/section>\n\t\t\t\t<\/div>\n\t\t","protected":false},"excerpt":{"rendered":"","protected":false},"author":1,"featured_media":0,"parent":4358,"menu_order":0,"comment_status":"closed","ping_status":"closed","template":"elementor_header_footer","meta":{"footnotes":""},"tags":[],"folder":[9],"class_list":["post-4563","page","type-page","status-publish","hentry"],"_links":{"self":[{"href":"https:\/\/qtour.org\/it\/wp-json\/wp\/v2\/pages\/4563","targetHints":{"allow":["GET"]}}],"collection":[{"href":"https:\/\/qtour.org\/it\/wp-json\/wp\/v2\/pages"}],"about":[{"href":"https:\/\/qtour.org\/it\/wp-json\/wp\/v2\/types\/page"}],"author":[{"embeddable":true,"href":"https:\/\/qtour.org\/it\/wp-json\/wp\/v2\/users\/1"}],"replies":[{"embeddable":true,"href":"https:\/\/qtour.org\/it\/wp-json\/wp\/v2\/comments?post=4563"}],"version-history":[{"count":0,"href":"https:\/\/qtour.org\/it\/wp-json\/wp\/v2\/pages\/4563\/revisions"}],"up":[{"embeddable":true,"href":"https:\/\/qtour.org\/it\/wp-json\/wp\/v2\/pages\/4358"}],"wp:attachment":[{"href":"https:\/\/qtour.org\/it\/wp-json\/wp\/v2\/media?parent=4563"}],"wp:term":[{"taxonomy":"post_tag","embeddable":true,"href":"https:\/\/qtour.org\/it\/wp-json\/wp\/v2\/tags?post=4563"},{"taxonomy":"folder","embeddable":true,"href":"https:\/\/qtour.org\/it\/wp-json\/wp\/v2\/folder?post=4563"}],"curies":[{"name":"wp","href":"https:\/\/api.w.org\/{rel}","templated":true}]}}