{"id":4545,"date":"2020-04-02T13:13:23","date_gmt":"2020-04-02T13:13:23","guid":{"rendered":"https:\/\/qtour.org\/?page_id=4545"},"modified":"2021-11-21T19:39:00","modified_gmt":"2021-11-21T19:39:00","slug":"pecenje-rakije","status":"publish","type":"page","link":"https:\/\/qtour.org\/it\/virtualni-postav-muzej-zupanja\/pecenje-rakije\/","title":{"rendered":"Pe\u010denje rakije"},"content":{"rendered":"\t\t<div data-elementor-type=\"wp-page\" data-elementor-id=\"4545\" class=\"elementor elementor-4545\">\n\t\t\t\t\t\t<section class=\"elementor-section elementor-top-section elementor-element elementor-element-092c6b9 elementor-section-boxed elementor-section-height-default elementor-section-height-default\" data-id=\"092c6b9\" data-element_type=\"section\">\n\t\t\t\t\t\t<div class=\"elementor-container elementor-column-gap-default\">\n\t\t\t\t\t<div class=\"elementor-column elementor-col-100 elementor-top-column elementor-element elementor-element-9e7f263\" data-id=\"9e7f263\" data-element_type=\"column\" data-settings=\"{&quot;background_background&quot;:&quot;classic&quot;}\">\n\t\t\t<div class=\"elementor-widget-wrap elementor-element-populated\">\n\t\t\t\t\t\t<div class=\"elementor-element elementor-element-2d335d7 elementor-widget elementor-widget-heading\" data-id=\"2d335d7\" data-element_type=\"widget\" data-widget_type=\"heading.default\">\n\t\t\t\t<div class=\"elementor-widget-container\">\n\t\t\t\t\t<h2 class=\"elementor-heading-title elementor-size-default\">Pe\u010denje rakije<\/h2>\t\t\t\t<\/div>\n\t\t\t\t<\/div>\n\t\t\t\t<div class=\"elementor-element elementor-element-706f886 elementor-widget elementor-widget-text-editor\" data-id=\"706f886\" data-element_type=\"widget\" data-widget_type=\"text-editor.default\">\n\t\t\t\t<div class=\"elementor-widget-container\">\n\t\t\t\t\t\t\t\t\t<p>U ovom je odjeljku prikazana jesenska scena \u201cPe\u010denje rakije u seoskom dvori\u0161tu\u201d.<\/p>\n<p>Unutar nje imate priliku vidjeti jedan od najstarijih tipova tradicijskih kazana (naprave za destilaciju fermentiranog vo\u0107a\u0336pe\u010denje rakije) na tlu Hrvatske. O samom kazanu vi\u0161e mo\u017eete saznati na sljede\u0107em prikazu unutar virtualnog postava<br><\/p>\n<p>U ovoj su sceni izlo\u017eeni i drugi predmeti i naprave kojima su se u jesen obavljali razli\u010diti poslovi. Pa\u017enju Vam \u017eelimo skrenuti na vrlo neobi\u010dnu posudu na\u010dinjenu od kore drveta \u201ckuzov\u201d (vi\u0161e o njemu u zasebnom prikazu), drvenu\u201ckrunja\u010du\u201d za krunjenje, tj. runjenje kukuruza, na specifi\u010dnu drvenu posudu zvanu\u201coborak\u201d (tako\u0111er detaljnije opisanu u zasebnom prikazu), ali i na ko\u0161nice izdubljene iz jednog komada debla.<br><\/p>\t\t\t\t\t\t\t\t<\/div>\n\t\t\t\t<\/div>\n\t\t\t\t<div class=\"elementor-element elementor-element-aec01f0 elementor-widget elementor-widget-text-editor\" data-id=\"aec01f0\" data-element_type=\"widget\" data-widget_type=\"text-editor.default\">\n\t\t\t\t<div class=\"elementor-widget-container\">\n\t\t\t\t\t\t\t\t\t<p>Rakija se najvi\u0161e pekla od \u0161ljiva, ali se mogla pe\u0107i i od drugoga vo\u0107a: jabuka, kru\u0161aka, vi\u0161anja, a takva se rakija onda naziva: \u0161ljivovica, jabukova\u010da, kru\u0161kova\u010da, breskova\u010da, vi\u0161njeva\u010da&#8230; Pe\u010denje rakije obavljalo se na dvori\u0161tu pa je zato u pozadini ove scene smje\u0161tena rekonstrukcija s originalno ugra\u0111enim drvenim dijelovima \u017eitnice \u201ehambara\u201c ili \u201camabra\u201d te dijela gospodarskih objekata, tj. spremi\u0161ta, koja su tako\u0111er slu\u017eila i u procesu proizvodnje rakije (\u201cpecara\u201d, \u201cka\u010dara\u201d \u2013 spremi\u0161ta u kojima se odvijala fermentacija usitnjenog vo\u0107a , \u201ekom\u201c).<br><\/p>\t\t\t\t\t\t\t\t<\/div>\n\t\t\t\t<\/div>\n\t\t\t\t<div class=\"elementor-element elementor-element-56d55e5 elementor-widget elementor-widget-heading\" data-id=\"56d55e5\" data-element_type=\"widget\" data-widget_type=\"heading.default\">\n\t\t\t\t<div class=\"elementor-widget-container\">\n\t\t\t\t\t<h2 class=\"elementor-heading-title elementor-size-default\">Izdvojeni predmeti iz prikaza<\/h2>\t\t\t\t<\/div>\n\t\t\t\t<\/div>\n\t\t\t\t<section class=\"elementor-section elementor-inner-section elementor-element elementor-element-0baf6bf elementor-section-boxed elementor-section-height-default elementor-section-height-default\" data-id=\"0baf6bf\" data-element_type=\"section\" id=\"izdvojeno\">\n\t\t\t\t\t\t<div class=\"elementor-container elementor-column-gap-default\">\n\t\t\t\t\t<div class=\"elementor-column elementor-col-50 elementor-inner-column elementor-element elementor-element-d43108f\" data-id=\"d43108f\" data-element_type=\"column\" data-settings=\"{&quot;background_background&quot;:&quot;classic&quot;}\">\n\t\t\t<div class=\"elementor-widget-wrap elementor-element-populated\">\n\t\t\t\t\t\t<div class=\"elementor-element elementor-element-ce202a2 elementor-widget elementor-widget-image\" data-id=\"ce202a2\" data-element_type=\"widget\" data-widget_type=\"image.default\">\n\t\t\t\t<div class=\"elementor-widget-container\">\n\t\t\t\t\t\t\t\t\t\t\t\t\t\t\t<img fetchpriority=\"high\" decoding=\"async\" width=\"300\" height=\"198\" src=\"https:\/\/qtour.org\/wp-content\/uploads\/2020\/04\/pecenje-rakije-8-300x198.jpg\" class=\"attachment-medium size-medium wp-image-4542\" alt=\"\" srcset=\"https:\/\/qtour.org\/wp-content\/uploads\/2020\/04\/pecenje-rakije-8-300x198.jpg 300w, https:\/\/qtour.org\/wp-content\/uploads\/2020\/04\/pecenje-rakije-8-768x508.jpg 768w, https:\/\/qtour.org\/wp-content\/uploads\/2020\/04\/pecenje-rakije-8.jpg 800w\" sizes=\"(max-width: 300px) 100vw, 300px\" \/>\t\t\t\t\t\t\t\t\t\t\t\t\t\t\t<\/div>\n\t\t\t\t<\/div>\n\t\t\t\t<div class=\"elementor-element elementor-element-f6aa59d elementor-widget elementor-widget-heading\" data-id=\"f6aa59d\" data-element_type=\"widget\" data-widget_type=\"heading.default\">\n\t\t\t\t<div class=\"elementor-widget-container\">\n\t\t\t\t\t<h2 class=\"elementor-heading-title elementor-size-default\">Kazan<\/h2>\t\t\t\t<\/div>\n\t\t\t\t<\/div>\n\t\t\t\t<div class=\"elementor-element elementor-element-451094f elementor-widget elementor-widget-text-editor\" data-id=\"451094f\" data-element_type=\"widget\" data-widget_type=\"text-editor.default\">\n\t\t\t\t<div class=\"elementor-widget-container\">\n\t\t\t\t\t\t\t\t\t<p>Jedan od najstarijih tipova tradicijskog kazana.<\/p>\t\t\t\t\t\t\t\t<\/div>\n\t\t\t\t<\/div>\n\t\t\t\t<div class=\"elementor-element elementor-element-e3b0b0a elementor-align-center elementor-widget elementor-widget-button\" data-id=\"e3b0b0a\" data-element_type=\"widget\" data-widget_type=\"button.default\">\n\t\t\t\t<div class=\"elementor-widget-container\">\n\t\t\t\t\t\t\t\t\t<div class=\"elementor-button-wrapper\">\n\t\t\t\t\t<a class=\"elementor-button elementor-button-link elementor-size-sm\" href=\"https:\/\/qtour.org\/virtualni-postav-muzej-zupanja\/kazan\/\">\n\t\t\t\t\t\t<span class=\"elementor-button-content-wrapper\">\n\t\t\t\t\t\t\t\t\t<span class=\"elementor-button-text\">Vi\u0161e<\/span>\n\t\t\t\t\t<\/span>\n\t\t\t\t\t<\/a>\n\t\t\t\t<\/div>\n\t\t\t\t\t\t\t\t<\/div>\n\t\t\t\t<\/div>\n\t\t\t\t\t<\/div>\n\t\t<\/div>\n\t\t\t\t<div class=\"elementor-column elementor-col-50 elementor-inner-column elementor-element elementor-element-d066f2e\" data-id=\"d066f2e\" data-element_type=\"column\">\n\t\t\t<div class=\"elementor-widget-wrap elementor-element-populated\">\n\t\t\t\t\t\t<div class=\"elementor-element elementor-element-49efc0f elementor-widget elementor-widget-image\" data-id=\"49efc0f\" data-element_type=\"widget\" data-widget_type=\"image.default\">\n\t\t\t\t<div class=\"elementor-widget-container\">\n\t\t\t\t\t\t\t\t\t\t\t\t\t\t\t<img decoding=\"async\" width=\"300\" height=\"210\" src=\"https:\/\/qtour.org\/wp-content\/uploads\/2020\/03\/oborak-2-300x210.jpg\" class=\"attachment-medium size-medium wp-image-3144\" alt=\"\" srcset=\"https:\/\/qtour.org\/wp-content\/uploads\/2020\/03\/oborak-2-300x210.jpg 300w, https:\/\/qtour.org\/wp-content\/uploads\/2020\/03\/oborak-2-768x538.jpg 768w, https:\/\/qtour.org\/wp-content\/uploads\/2020\/03\/oborak-2.jpg 800w\" sizes=\"(max-width: 300px) 100vw, 300px\" \/>\t\t\t\t\t\t\t\t\t\t\t\t\t\t\t<\/div>\n\t\t\t\t<\/div>\n\t\t\t\t<div class=\"elementor-element elementor-element-4a54eba elementor-widget elementor-widget-heading\" data-id=\"4a54eba\" data-element_type=\"widget\" data-widget_type=\"heading.default\">\n\t\t\t\t<div class=\"elementor-widget-container\">\n\t\t\t\t\t<h2 class=\"elementor-heading-title elementor-size-default\">Oborak<\/h2>\t\t\t\t<\/div>\n\t\t\t\t<\/div>\n\t\t\t\t<div class=\"elementor-element elementor-element-69865ed elementor-widget elementor-widget-text-editor\" data-id=\"69865ed\" data-element_type=\"widget\" data-widget_type=\"text-editor.default\">\n\t\t\t\t<div class=\"elementor-widget-container\">\n\t\t\t\t\t\t\t\t\t<p><span style=\"text-align: left;\">Novi oborak se naj\u010de\u0161\u0107e nije prodavao&#8230;<\/span><\/p>\t\t\t\t\t\t\t\t<\/div>\n\t\t\t\t<\/div>\n\t\t\t\t<div class=\"elementor-element elementor-element-00b72e4 elementor-align-center elementor-widget elementor-widget-button\" data-id=\"00b72e4\" data-element_type=\"widget\" data-widget_type=\"button.default\">\n\t\t\t\t<div class=\"elementor-widget-container\">\n\t\t\t\t\t\t\t\t\t<div class=\"elementor-button-wrapper\">\n\t\t\t\t\t<a class=\"elementor-button elementor-button-link elementor-size-sm\" href=\"https:\/\/qtour.org\/virtualni-postav-muzej-zupanja\/oborak\/\">\n\t\t\t\t\t\t<span class=\"elementor-button-content-wrapper\">\n\t\t\t\t\t\t\t\t\t<span class=\"elementor-button-text\">Vi\u0161e<\/span>\n\t\t\t\t\t<\/span>\n\t\t\t\t\t<\/a>\n\t\t\t\t<\/div>\n\t\t\t\t\t\t\t\t<\/div>\n\t\t\t\t<\/div>\n\t\t\t\t\t<\/div>\n\t\t<\/div>\n\t\t\t\t\t<\/div>\n\t\t<\/section>\n\t\t\t\t<div class=\"elementor-element elementor-element-225ed7a elementor-view-default elementor-widget elementor-widget-icon\" data-id=\"225ed7a\" data-element_type=\"widget\" data-widget_type=\"icon.default\">\n\t\t\t\t<div class=\"elementor-widget-container\">\n\t\t\t\t\t\t\t<div class=\"elementor-icon-wrapper\">\n\t\t\t<a class=\"elementor-icon\" href=\"https:\/\/qtour.org\/virtualni-postav-muzej-zupanja\/2d-izlozba\/#izlozba-5\">\n\t\t\t<i aria-hidden=\"true\" class=\"fas fa-long-arrow-alt-left\"><\/i>\t\t\t<\/a>\n\t\t<\/div>\n\t\t\t\t\t\t<\/div>\n\t\t\t\t<\/div>\n\t\t\t\t<div class=\"elementor-element elementor-element-a5bedc5 elementor-widget elementor-widget-text-editor\" data-id=\"a5bedc5\" data-element_type=\"widget\" data-widget_type=\"text-editor.default\">\n\t\t\t\t<div class=\"elementor-widget-container\">\n\t\t\t\t\t\t\t\t\t<p><a href=\"https:\/\/qtour.org\/virtualni-postav-muzej-zupanja\/#izlozba-5\">NATRAG<\/a><\/p>\t\t\t\t\t\t\t\t<\/div>\n\t\t\t\t<\/div>\n\t\t\t\t\t<\/div>\n\t\t<\/div>\n\t\t\t\t\t<\/div>\n\t\t<\/section>\n\t\t\t\t<\/div>\n\t\t","protected":false},"excerpt":{"rendered":"<p>Pe\u010denje rakije U ovom je odjeljku prikazana jesenska scena \u201cPe\u010denje rakije u seoskom dvori\u0161tu\u201d. Unutar nje imate priliku vidjeti jedan od najstarijih tipova tradicijskih kazana (naprave za destilaciju fermentiranog vo\u0107a\u0336pe\u010denje rakije) na tlu Hrvatske. O samom kazanu vi\u0161e mo\u017eete saznati na sljede\u0107em prikazu unutar virtualnog postava U ovoj su sceni izlo\u017eeni i drugi predmeti i&hellip;&nbsp;<a href=\"https:\/\/qtour.org\/it\/virtualni-postav-muzej-zupanja\/pecenje-rakije\/\" class=\"\" rel=\"bookmark\">Read More &raquo;<span class=\"screen-reader-text\">Pe\u010denje rakije<\/span><\/a><\/p>\n","protected":false},"author":1,"featured_media":0,"parent":4358,"menu_order":0,"comment_status":"closed","ping_status":"closed","template":"elementor_header_footer","meta":{"footnotes":""},"tags":[],"folder":[9],"class_list":["post-4545","page","type-page","status-publish","hentry"],"_links":{"self":[{"href":"https:\/\/qtour.org\/it\/wp-json\/wp\/v2\/pages\/4545","targetHints":{"allow":["GET"]}}],"collection":[{"href":"https:\/\/qtour.org\/it\/wp-json\/wp\/v2\/pages"}],"about":[{"href":"https:\/\/qtour.org\/it\/wp-json\/wp\/v2\/types\/page"}],"author":[{"embeddable":true,"href":"https:\/\/qtour.org\/it\/wp-json\/wp\/v2\/users\/1"}],"replies":[{"embeddable":true,"href":"https:\/\/qtour.org\/it\/wp-json\/wp\/v2\/comments?post=4545"}],"version-history":[{"count":0,"href":"https:\/\/qtour.org\/it\/wp-json\/wp\/v2\/pages\/4545\/revisions"}],"up":[{"embeddable":true,"href":"https:\/\/qtour.org\/it\/wp-json\/wp\/v2\/pages\/4358"}],"wp:attachment":[{"href":"https:\/\/qtour.org\/it\/wp-json\/wp\/v2\/media?parent=4545"}],"wp:term":[{"taxonomy":"post_tag","embeddable":true,"href":"https:\/\/qtour.org\/it\/wp-json\/wp\/v2\/tags?post=4545"},{"taxonomy":"folder","embeddable":true,"href":"https:\/\/qtour.org\/it\/wp-json\/wp\/v2\/folder?post=4545"}],"curies":[{"name":"wp","href":"https:\/\/api.w.org\/{rel}","templated":true}]}}