{"id":4382,"date":"2020-04-01T16:36:46","date_gmt":"2020-04-01T16:36:46","guid":{"rendered":"https:\/\/qtour.org\/?page_id=4382"},"modified":"2020-10-14T10:46:31","modified_gmt":"2020-10-14T10:46:31","slug":"spenzle","status":"publish","type":"page","link":"https:\/\/qtour.org\/it\/virtualni-postav-muzej-zupanja\/spenzle\/","title":{"rendered":"\u0160penzle"},"content":{"rendered":"\t\t<div data-elementor-type=\"wp-page\" data-elementor-id=\"4382\" class=\"elementor elementor-4382\">\n\t\t\t\t\t\t<section class=\"elementor-section elementor-top-section elementor-element elementor-element-c381028 elementor-section-boxed elementor-section-height-default elementor-section-height-default\" data-id=\"c381028\" data-element_type=\"section\">\n\t\t\t\t\t\t<div class=\"elementor-container elementor-column-gap-default\">\n\t\t\t\t\t<div class=\"elementor-column elementor-col-100 elementor-top-column elementor-element elementor-element-29f7964\" data-id=\"29f7964\" data-element_type=\"column\" data-settings=\"{&quot;background_background&quot;:&quot;classic&quot;}\">\n\t\t\t<div class=\"elementor-widget-wrap elementor-element-populated\">\n\t\t\t\t\t\t<div class=\"elementor-element elementor-element-8950cec elementor-widget elementor-widget-heading\" data-id=\"8950cec\" data-element_type=\"widget\" data-widget_type=\"heading.default\">\n\t\t\t\t<div class=\"elementor-widget-container\">\n\t\t\t\t\t<h2 class=\"elementor-heading-title elementor-size-default\">\u0160penlze<\/h2>\t\t\t\t<\/div>\n\t\t\t\t<\/div>\n\t\t\t\t<div class=\"elementor-element elementor-element-30cb4b2 elementor-widget elementor-widget-text-editor\" data-id=\"30cb4b2\" data-element_type=\"widget\" data-widget_type=\"text-editor.default\">\n\t\t\t\t<div class=\"elementor-widget-container\">\n\t\t\t\t\t\t\t\t\t<p>Na lutki, uz temeljno ruho, mu\u0161ku ko\u0161ulju (\u201erubinu\u201c) i mu\u0161ke bijele hla\u010de (\u201ega\u0107e\u201c), mo\u017eete vidjeti specifi\u010dan mu\u0161ki kaput od tamnoplave valjane vune, kojega u \u017eupanjskom kraju nazivaju \u0161penzle, \u0161pencle ili \u010durakle. Vodoravni su uresi, tzv. \u201estrike\u201c, ispleteni od razli\u010ditih boja vune, a slo\u017eeni su u \u0161ire ili u\u017ee linije po donjim rubovima kaputa i rukavima. Iznad tih uresa na rukavima i na lijevoj prednjici nalazi se floralni motiv istih tonova, \u201eru\u017eica\u201c. Prednjica, donji porubi, rukavi i otvori za gumbe obrubljeni su crvenom linijom.<br><\/p>\t\t\t\t\t\t\t\t<\/div>\n\t\t\t\t<\/div>\n\t\t\t\t<div class=\"elementor-element elementor-element-d1f865c elementor-widget elementor-widget-text-editor\" data-id=\"d1f865c\" data-element_type=\"widget\" data-widget_type=\"text-editor.default\">\n\t\t\t\t<div class=\"elementor-widget-container\">\n\t\t\t\t\t\t\t\t\t<p>Darovala ga je 1995. godine Marija \u0160incer ro\u0111. Gertner. Izra\u0111en je 1939. godine kod \u201e\u0161trikera\u201c u Vrbanji.<\/p>\n<p>Ovakvi kaputi su se naj\u010de\u0161\u0107e nosili u jesen i zimu, uz radne i prigodne vrste tradicijskoga ruha. Poznati su i pod drugim nazivima kao \u0161to su \u201ereklja\u201c, \u201erekla\u201c (okolica Vinkovaca). Uz navedenu razlikovnost u odnosu na nazive postoje razlike i u ure\u0161avanju. Na \u017eupanjskom podru\u010dju ove razlike u bojama vune posljedica su pripadnosti pojedinim manjim vojno-upravnim jedinicama, tzv. kumpanijama ili kompanijama u vrijeme Vojne krajine. Tako su mjesta 11. kompanije ili tzv. elferi (od njem. elf) imali jedanaest boja, a cvelferi (od njem. zw\u00f6lf) dvanaest boja. U drugim mjestima nazivaju ih \u201e\u0161are\u201c,a oblikovane su u obliku ru\u017emarina, jabuka, srca i sli\u010dnih motiva.<\/p>\n<p>Mu\u0161ki kaputi imaju polo\u017eeni ovratnik te dva vanjska d\u017eepa na prednjicama i jedan manji gornji unutarnji ili vanjski. \u017denski haljetci isklju\u010divo su krojeni bez ovratnika.<\/p>\t\t\t\t\t\t\t\t<\/div>\n\t\t\t\t<\/div>\n\t\t\t\t<div class=\"elementor-element elementor-element-d52b660 elementor-view-default elementor-widget elementor-widget-icon\" data-id=\"d52b660\" data-element_type=\"widget\" data-widget_type=\"icon.default\">\n\t\t\t\t<div class=\"elementor-widget-container\">\n\t\t\t\t\t\t\t<div class=\"elementor-icon-wrapper\">\n\t\t\t<a class=\"elementor-icon\" href=\"https:\/\/qtour.org\/virtualni-postav-muzej-zupanja\/u-cvitnicu-jelo\/#izdvojeno\">\n\t\t\t<i aria-hidden=\"true\" class=\"fas fa-long-arrow-alt-left\"><\/i>\t\t\t<\/a>\n\t\t<\/div>\n\t\t\t\t\t\t<\/div>\n\t\t\t\t<\/div>\n\t\t\t\t<div class=\"elementor-element elementor-element-8ad7951 elementor-widget elementor-widget-text-editor\" data-id=\"8ad7951\" data-element_type=\"widget\" data-widget_type=\"text-editor.default\">\n\t\t\t\t<div class=\"elementor-widget-container\">\n\t\t\t\t\t\t\t\t\t<p><a href=\"https:\/\/qtour.org\/virtualni-postav-muzej-zupanja\/u-cvitnicu-jelo\/#izdvojeno\">NATRAG<\/a><\/p>\t\t\t\t\t\t\t\t<\/div>\n\t\t\t\t<\/div>\n\t\t\t\t\t<\/div>\n\t\t<\/div>\n\t\t\t\t\t<\/div>\n\t\t<\/section>\n\t\t\t\t<\/div>\n\t\t","protected":false},"excerpt":{"rendered":"<p>Spenzle (1)<\/p>\n","protected":false},"author":1,"featured_media":0,"parent":4358,"menu_order":0,"comment_status":"closed","ping_status":"closed","template":"elementor_header_footer","meta":{"footnotes":""},"tags":[],"folder":[9],"class_list":["post-4382","page","type-page","status-publish","hentry"],"_links":{"self":[{"href":"https:\/\/qtour.org\/it\/wp-json\/wp\/v2\/pages\/4382","targetHints":{"allow":["GET"]}}],"collection":[{"href":"https:\/\/qtour.org\/it\/wp-json\/wp\/v2\/pages"}],"about":[{"href":"https:\/\/qtour.org\/it\/wp-json\/wp\/v2\/types\/page"}],"author":[{"embeddable":true,"href":"https:\/\/qtour.org\/it\/wp-json\/wp\/v2\/users\/1"}],"replies":[{"embeddable":true,"href":"https:\/\/qtour.org\/it\/wp-json\/wp\/v2\/comments?post=4382"}],"version-history":[{"count":0,"href":"https:\/\/qtour.org\/it\/wp-json\/wp\/v2\/pages\/4382\/revisions"}],"up":[{"embeddable":true,"href":"https:\/\/qtour.org\/it\/wp-json\/wp\/v2\/pages\/4358"}],"wp:attachment":[{"href":"https:\/\/qtour.org\/it\/wp-json\/wp\/v2\/media?parent=4382"}],"wp:term":[{"taxonomy":"post_tag","embeddable":true,"href":"https:\/\/qtour.org\/it\/wp-json\/wp\/v2\/tags?post=4382"},{"taxonomy":"folder","embeddable":true,"href":"https:\/\/qtour.org\/it\/wp-json\/wp\/v2\/folder?post=4382"}],"curies":[{"name":"wp","href":"https:\/\/api.w.org\/{rel}","templated":true}]}}