{"id":16230,"date":"2022-02-09T13:27:50","date_gmt":"2022-02-09T13:27:50","guid":{"rendered":"https:\/\/qtour.org\/?page_id=16230"},"modified":"2025-12-31T12:03:32","modified_gmt":"2025-12-31T12:03:32","slug":"app-5-33","status":"publish","type":"page","link":"https:\/\/qtour.org\/it\/app-5-33\/","title":{"rendered":"Ukrasni vez na \u010dohi (gra\u0111a), Biskupija, po\u010detak 20. st."},"content":{"rendered":"","protected":true},"excerpt":{"rendered":"","protected":true},"author":3,"featured_media":0,"parent":0,"menu_order":0,"comment_status":"closed","ping_status":"closed","template":"","meta":{"footnotes":""},"tags":[],"folder":[81],"class_list":["post-16230","page","type-page","status-publish","post-password-required","hentry"],"_links":{"self":[{"href":"https:\/\/qtour.org\/it\/wp-json\/wp\/v2\/pages\/16230","targetHints":{"allow":["GET"]}}],"collection":[{"href":"https:\/\/qtour.org\/it\/wp-json\/wp\/v2\/pages"}],"about":[{"href":"https:\/\/qtour.org\/it\/wp-json\/wp\/v2\/types\/page"}],"author":[{"embeddable":true,"href":"https:\/\/qtour.org\/it\/wp-json\/wp\/v2\/users\/3"}],"replies":[{"embeddable":true,"href":"https:\/\/qtour.org\/it\/wp-json\/wp\/v2\/comments?post=16230"}],"version-history":[{"count":2,"href":"https:\/\/qtour.org\/it\/wp-json\/wp\/v2\/pages\/16230\/revisions"}],"predecessor-version":[{"id":19821,"href":"https:\/\/qtour.org\/it\/wp-json\/wp\/v2\/pages\/16230\/revisions\/19821"}],"wp:attachment":[{"href":"https:\/\/qtour.org\/it\/wp-json\/wp\/v2\/media?parent=16230"}],"wp:term":[{"taxonomy":"post_tag","embeddable":true,"href":"https:\/\/qtour.org\/it\/wp-json\/wp\/v2\/tags?post=16230"},{"taxonomy":"folder","embeddable":true,"href":"https:\/\/qtour.org\/it\/wp-json\/wp\/v2\/folder?post=16230"}],"curies":[{"name":"wp","href":"https:\/\/api.w.org\/{rel}","templated":true}]}}