{"id":4727,"date":"2020-04-02T18:55:30","date_gmt":"2020-04-02T18:55:30","guid":{"rendered":"https:\/\/qtour.org\/?page_id=4727"},"modified":"2021-11-21T19:37:03","modified_gmt":"2021-11-21T19:37:03","slug":"zanatske-radionice","status":"publish","type":"page","link":"https:\/\/qtour.org\/fr\/virtualni-postav-muzej-zupanja\/zanatske-radionice\/","title":{"rendered":"Zanatske radionice"},"content":{"rendered":"\t\t<div data-elementor-type=\"wp-page\" data-elementor-id=\"4727\" class=\"elementor elementor-4727\">\n\t\t\t\t\t\t<section class=\"elementor-section elementor-top-section elementor-element elementor-element-977619d elementor-section-boxed elementor-section-height-default elementor-section-height-default\" data-id=\"977619d\" data-element_type=\"section\">\n\t\t\t\t\t\t<div class=\"elementor-container elementor-column-gap-default\">\n\t\t\t\t\t<div class=\"elementor-column elementor-col-100 elementor-top-column elementor-element elementor-element-7c3c4d8\" data-id=\"7c3c4d8\" data-element_type=\"column\" data-settings=\"{&quot;background_background&quot;:&quot;classic&quot;}\">\n\t\t\t<div class=\"elementor-widget-wrap elementor-element-populated\">\n\t\t\t\t\t\t<div class=\"elementor-element elementor-element-a877788 elementor-widget elementor-widget-heading\" data-id=\"a877788\" data-element_type=\"widget\" data-widget_type=\"heading.default\">\n\t\t\t\t<div class=\"elementor-widget-container\">\n\t\t\t\t\t<h2 class=\"elementor-heading-title elementor-size-default\">Zanatske radionice i alati<\/h2>\t\t\t\t<\/div>\n\t\t\t\t<\/div>\n\t\t\t\t<div class=\"elementor-element elementor-element-2caff7f elementor-widget elementor-widget-text-editor\" data-id=\"2caff7f\" data-element_type=\"widget\" data-widget_type=\"text-editor.default\">\n\t\t\t\t<div class=\"elementor-widget-container\">\n\t\t\t\t\t\t\t\t\t<p>Unutar stalnog postava rekonstruirane su razli\u010dite zanatske radionice.&nbsp;<\/p>\t\t\t\t\t\t\t\t<\/div>\n\t\t\t\t<\/div>\n\t\t\t\t<div class=\"elementor-element elementor-element-0d8b619 elementor-widget elementor-widget-heading\" data-id=\"0d8b619\" data-element_type=\"widget\" data-widget_type=\"heading.default\">\n\t\t\t\t<div class=\"elementor-widget-container\">\n\t\t\t\t\t<h2 class=\"elementor-heading-title elementor-size-default\">Obu\u0107arski stoli\u0107 i stolica<\/h2>\t\t\t\t<\/div>\n\t\t\t\t<\/div>\n\t\t\t\t<div class=\"elementor-element elementor-element-beb3b30 elementor-widget elementor-widget-text-editor\" data-id=\"beb3b30\" data-element_type=\"widget\" data-widget_type=\"text-editor.default\">\n\t\t\t\t<div class=\"elementor-widget-container\">\n\t\t\t\t\t\t\t\t\t<p>\u010cetvrtasto oblikovani manji stol s ladicom, stoji na \u010detiri malo isko\u0161ene noge. Gornji dio plohe na jednoj strani je povi\u0161en dok je na drugoj malo ni\u017ei. Na sve \u010detiri strane te\u010de zadebljani, tj. povi\u0161eni obrub na\u010dinjen od posebno oblikovanih u\u017eih komada drva, kako alat s njega ne bi padao preko ruba. Slu\u017eio je kao radna ploha na kojemu je majstor obu\u0107ar (\u201eopan\u010dar ili \u201ecimar\u201c) izra\u0111ivao obu\u0107u ili dr\u017eao razli\u010dite alatke i pomagala za njihovu izradu.<\/p>\n<p>Niska trono\u017ena stolica bez naslona sa polukru\u017eno oblikovanim i udubljenim sjedalom stoji na isko\u0161enim nogama. Gornji dio na\u010dinjen je iz jednoga komada izdubljenoga drva, a svaka noga je u\u010dvr\u0161\u0107ena ulaganjem u drvo sjedala. Svojom visinom bila je prilago\u0111ena i zapravo idealna za rad na niskom obu\u0107arskom stoli\u0107u.<\/p>\n<p>Mjesto i vrijeme izrade: Zupanjska Posavina, kraj. 19. st<\/p>\t\t\t\t\t\t\t\t<\/div>\n\t\t\t\t<\/div>\n\t\t\t\t<div class=\"elementor-element elementor-element-7eeb2c4 elementor-widget elementor-widget-heading\" data-id=\"7eeb2c4\" data-element_type=\"widget\" data-widget_type=\"heading.default\">\n\t\t\t\t<div class=\"elementor-widget-container\">\n\t\t\t\t\t<h2 class=\"elementor-heading-title elementor-size-default\">Resl<\/h2>\t\t\t\t<\/div>\n\t\t\t\t<\/div>\n\t\t\t\t<div class=\"elementor-element elementor-element-6e3d4bc elementor-widget elementor-widget-text-editor\" data-id=\"6e3d4bc\" data-element_type=\"widget\" data-widget_type=\"text-editor.default\">\n\t\t\t\t<div class=\"elementor-widget-container\">\n\t\t\t\t\t\t\t\t\t<p><\/p>\n<p>Resl je drvena klupa izdu\u017eenog oblika s izbo\u010denim okomitim dijelom na kojemu se nalazi drveni vijak. Na jednoj strani je zaobljena i slu\u017ei za sjedenje zanatlije, a na drugoj je pravokutnoga oblika sa zadebljanim drvenim obrubom. Izbo\u010deni dio je sastavljen iz dvije okomito postavljene drvene stijene izme\u0111u kojih se nalazi drveni vijak, a koji s njima zajedno \u010dini specijalnu remenarsku stegu (\u201e\u0161kripac\u201c).\u00a0 Stegom se ko\u017eni ili drugi predmeti u\u010dvr\u0161\u0107uju kako bi se mogli ukra\u0161avati ili dora\u0111ivati, plesti i sli\u010dno.<\/p>\n<p>Muzej je klupu otkupio 1982. godine od France Lekni\u0107 iz Babine Grede \u010diji je suprug bio zadnji remenar u Babinoj Gredi.<\/p>\n<p>Mjesto i vrijeme izrade: Babina Greda, kraj 19. st.<\/p>\n<p><\/p>\t\t\t\t\t\t\t\t<\/div>\n\t\t\t\t<\/div>\n\t\t\t\t<div class=\"elementor-element elementor-element-b37379b elementor-widget elementor-widget-heading\" data-id=\"b37379b\" data-element_type=\"widget\" data-widget_type=\"heading.default\">\n\t\t\t\t<div class=\"elementor-widget-container\">\n\t\t\t\t\t<h2 class=\"elementor-heading-title elementor-size-default\">Felajzn<\/h2>\t\t\t\t<\/div>\n\t\t\t\t<\/div>\n\t\t\t\t<div class=\"elementor-element elementor-element-6ca56c9 elementor-widget elementor-widget-text-editor\" data-id=\"6ca56c9\" data-element_type=\"widget\" data-widget_type=\"text-editor.default\">\n\t\t\t\t<div class=\"elementor-widget-container\">\n\t\t\t\t\t\t\t\t\t<p><\/p>\n<p>Felajzn je pravokutno oblikovana vise\u0107a polica za remenarski alat. Stra\u017enja zidna ploha na\u010dinjena je iz jednoga komada drva s dva manja \u017eeljezna obru\u010da za vje\u0161anje na zid. Na donjem dijelu police oblikovan je drveni uski \u017elijeb u \u010diji se prostor odla\u017eu sitne alatke, ko\u017eni konac, igle i sli\u010dno. Na gornji dio police u\u010dvr\u0161\u0107ena su tri ko\u017ena remena, a potom su na manjim razmacima remeni pri\u010dvr\u0161\u0107eni \u010davlima te su se u njih stavljale, tj. zaticale sitne alatke i pomagala.<\/p>\n<p>Mjesto i vrijeme izrade: Babina Greda, kraj 19. st.<\/p>\n<p><\/p>\t\t\t\t\t\t\t\t<\/div>\n\t\t\t\t<\/div>\n\t\t\t\t<div class=\"elementor-element elementor-element-dab0d82 elementor-view-default elementor-widget elementor-widget-icon\" data-id=\"dab0d82\" data-element_type=\"widget\" data-widget_type=\"icon.default\">\n\t\t\t\t<div class=\"elementor-widget-container\">\n\t\t\t\t\t\t\t<div class=\"elementor-icon-wrapper\">\n\t\t\t<a class=\"elementor-icon\" href=\"https:\/\/qtour.org\/virtualni-postav-muzej-zupanja\/2d-izlozba\/#izlozba-12\">\n\t\t\t<i aria-hidden=\"true\" class=\"fas fa-long-arrow-alt-left\"><\/i>\t\t\t<\/a>\n\t\t<\/div>\n\t\t\t\t\t\t<\/div>\n\t\t\t\t<\/div>\n\t\t\t\t<div class=\"elementor-element elementor-element-21853b2 elementor-widget elementor-widget-text-editor\" data-id=\"21853b2\" data-element_type=\"widget\" data-widget_type=\"text-editor.default\">\n\t\t\t\t<div class=\"elementor-widget-container\">\n\t\t\t\t\t\t\t\t\t<p><a href=\"https:\/\/qtour.org\/virtualni-postav-muzej-zupanja\/2d-izlozba\/#izlozba-12\">NATRAG<\/a><\/p>\t\t\t\t\t\t\t\t<\/div>\n\t\t\t\t<\/div>\n\t\t\t\t\t<\/div>\n\t\t<\/div>\n\t\t\t\t\t<\/div>\n\t\t<\/section>\n\t\t\t\t<\/div>\n\t\t","protected":false},"excerpt":{"rendered":"<p>Zanatske radionice i alati Unutar stalnog postava rekonstruirane su razli\u010dite zanatske radionice.&nbsp; Obu\u0107arski stoli\u0107 i stolica \u010cetvrtasto oblikovani manji stol s ladicom, stoji na \u010detiri malo isko\u0161ene noge. Gornji dio plohe na jednoj strani je povi\u0161en dok je na drugoj malo ni\u017ei. Na sve \u010detiri strane te\u010de zadebljani, tj. povi\u0161eni obrub na\u010dinjen od posebno oblikovanih&hellip;&nbsp;<a href=\"https:\/\/qtour.org\/fr\/virtualni-postav-muzej-zupanja\/zanatske-radionice\/\" class=\"\" rel=\"bookmark\">Read More &raquo;<span class=\"screen-reader-text\">Zanatske radionice<\/span><\/a><\/p>\n","protected":false},"author":1,"featured_media":0,"parent":4358,"menu_order":0,"comment_status":"closed","ping_status":"closed","template":"elementor_header_footer","meta":{"footnotes":""},"tags":[],"folder":[9],"class_list":["post-4727","page","type-page","status-publish","hentry"],"_links":{"self":[{"href":"https:\/\/qtour.org\/fr\/wp-json\/wp\/v2\/pages\/4727","targetHints":{"allow":["GET"]}}],"collection":[{"href":"https:\/\/qtour.org\/fr\/wp-json\/wp\/v2\/pages"}],"about":[{"href":"https:\/\/qtour.org\/fr\/wp-json\/wp\/v2\/types\/page"}],"author":[{"embeddable":true,"href":"https:\/\/qtour.org\/fr\/wp-json\/wp\/v2\/users\/1"}],"replies":[{"embeddable":true,"href":"https:\/\/qtour.org\/fr\/wp-json\/wp\/v2\/comments?post=4727"}],"version-history":[{"count":0,"href":"https:\/\/qtour.org\/fr\/wp-json\/wp\/v2\/pages\/4727\/revisions"}],"up":[{"embeddable":true,"href":"https:\/\/qtour.org\/fr\/wp-json\/wp\/v2\/pages\/4358"}],"wp:attachment":[{"href":"https:\/\/qtour.org\/fr\/wp-json\/wp\/v2\/media?parent=4727"}],"wp:term":[{"taxonomy":"post_tag","embeddable":true,"href":"https:\/\/qtour.org\/fr\/wp-json\/wp\/v2\/tags?post=4727"},{"taxonomy":"folder","embeddable":true,"href":"https:\/\/qtour.org\/fr\/wp-json\/wp\/v2\/folder?post=4727"}],"curies":[{"name":"wp","href":"https:\/\/api.w.org\/{rel}","templated":true}]}}