{"id":4625,"date":"2020-04-02T16:44:57","date_gmt":"2020-04-02T16:44:57","guid":{"rendered":"https:\/\/qtour.org\/?page_id=4625"},"modified":"2020-10-14T10:44:58","modified_gmt":"2020-10-14T10:44:58","slug":"papcara","status":"publish","type":"page","link":"https:\/\/qtour.org\/fr\/virtualni-postav-muzej-zupanja\/papcara\/","title":{"rendered":"Pap\u010dara"},"content":{"rendered":"\t\t<div data-elementor-type=\"wp-page\" data-elementor-id=\"4625\" class=\"elementor elementor-4625\">\n\t\t\t\t\t\t<section class=\"elementor-section elementor-top-section elementor-element elementor-element-33f0d1a elementor-section-boxed elementor-section-height-default elementor-section-height-default\" data-id=\"33f0d1a\" data-element_type=\"section\">\n\t\t\t\t\t\t<div class=\"elementor-container elementor-column-gap-default\">\n\t\t\t\t\t<div class=\"elementor-column elementor-col-100 elementor-top-column elementor-element elementor-element-871d303\" data-id=\"871d303\" data-element_type=\"column\" data-settings=\"{&quot;background_background&quot;:&quot;classic&quot;}\">\n\t\t\t<div class=\"elementor-widget-wrap elementor-element-populated\">\n\t\t\t\t\t\t<div class=\"elementor-element elementor-element-22a0152 elementor-widget elementor-widget-heading\" data-id=\"22a0152\" data-element_type=\"widget\" data-widget_type=\"heading.default\">\n\t\t\t\t<div class=\"elementor-widget-container\">\n\t\t\t\t\t<h2 class=\"elementor-heading-title elementor-size-default\">Pap\u010dara<\/h2>\t\t\t\t<\/div>\n\t\t\t\t<\/div>\n\t\t\t\t<div class=\"elementor-element elementor-element-466d35c elementor-widget elementor-widget-text-editor\" data-id=\"466d35c\" data-element_type=\"widget\" data-widget_type=\"text-editor.default\">\n\t\t\t\t<div class=\"elementor-widget-container\">\n\t\t\t\t\t\t\t\t\t<p>Ova je lova\u010dka, tj. lugarska torba svoje zvu\u010dno ime dobila po srne\u0107im papcima kojima je ukra\u0161ena. Izgled joj se s vremenom standardizirao te nju danas svrstavamo me\u0111u tipi\u010dne slavonske tradicijske torbe, koja je svoje neizostavno mjesto u nekim mjestima prona\u0161la i prilikom izvo\u0111enja odre\u0111enih obi\u010daja (primjerice svadbenih).<\/p>\t\t\t\t\t\t\t\t<\/div>\n\t\t\t\t<\/div>\n\t\t\t\t<div class=\"elementor-element elementor-element-1993a5b elementor-widget elementor-widget-text-editor\" data-id=\"1993a5b\" data-element_type=\"widget\" data-widget_type=\"text-editor.default\">\n\t\t\t\t<div class=\"elementor-widget-container\">\n\t\t\t\t\t\t\t\t\t<p><\/p>\n<p>Torba je polukru\u017ena oblika s duga\u010dkim ko\u017enim remenom u tamnosme\u0111oj boji. Veliki prednji preklop na prednjoj strani torbe ukra\u0161en je srne\u0107om ko\u017eom, s dlakama i papcima koji se nalaze u tri reda (s jednim papkom na donjem kraju). Uz papke, torba je ukra\u0161ena i uskim ko\u017enim resama s metalnim obru\u010di\u0107em, a uokolo ruba u\u00a0 jednom, dva ili tri reda vidljive su metalne nitne. Na dugom remen s metalnom kop\u010dom nalaze se ko\u017eni tuljci za patrone (\u010dahure s kapislom, nabojem i sa\u010dmom). Unutra\u0161njost torbe podijeljena je na dvije komore odvojene ko\u017enom pregradom i d\u017eepom na unutra\u0161njoj strani pole\u0111ine.<\/p>\n<p>Muzej je torbu otkupio 1982. godine od Marije Vukovi\u0107 Mjesto i vrijeme izrade: Babina Greda, po\u010detak 20. st.<\/p>\n<p><\/p>\t\t\t\t\t\t\t\t<\/div>\n\t\t\t\t<\/div>\n\t\t\t\t<div class=\"elementor-element elementor-element-6ad6efe elementor-view-default elementor-widget elementor-widget-icon\" data-id=\"6ad6efe\" data-element_type=\"widget\" data-widget_type=\"icon.default\">\n\t\t\t\t<div class=\"elementor-widget-container\">\n\t\t\t\t\t\t\t<div class=\"elementor-icon-wrapper\">\n\t\t\t<a class=\"elementor-icon\" href=\"https:\/\/qtour.org\/virtualni-postav-muzej-zupanja\/badnja-vecer\/#izdvojeno3\">\n\t\t\t<i aria-hidden=\"true\" class=\"fas fa-long-arrow-alt-left\"><\/i>\t\t\t<\/a>\n\t\t<\/div>\n\t\t\t\t\t\t<\/div>\n\t\t\t\t<\/div>\n\t\t\t\t<div class=\"elementor-element elementor-element-aaffe3b elementor-widget elementor-widget-text-editor\" data-id=\"aaffe3b\" data-element_type=\"widget\" data-widget_type=\"text-editor.default\">\n\t\t\t\t<div class=\"elementor-widget-container\">\n\t\t\t\t\t\t\t\t\t<p><a href=\"https:\/\/qtour.org\/virtualni-postav-muzej-zupanja\/badnja-vecer\/#izdvojeno3\">NATRAG<\/a><\/p>\t\t\t\t\t\t\t\t<\/div>\n\t\t\t\t<\/div>\n\t\t\t\t\t<\/div>\n\t\t<\/div>\n\t\t\t\t\t<\/div>\n\t\t<\/section>\n\t\t\t\t<\/div>\n\t\t","protected":false},"excerpt":{"rendered":"<p>Pap\u010dara Ova je lova\u010dka, tj. lugarska torba svoje zvu\u010dno ime dobila po srne\u0107im papcima kojima je ukra\u0161ena. Izgled joj se s vremenom standardizirao te nju danas svrstavamo me\u0111u tipi\u010dne slavonske tradicijske torbe, koja je svoje neizostavno mjesto u nekim mjestima prona\u0161la i prilikom izvo\u0111enja odre\u0111enih obi\u010daja (primjerice svadbenih). Torba je polukru\u017ena oblika s duga\u010dkim ko\u017enim&hellip;&nbsp;<a href=\"https:\/\/qtour.org\/fr\/virtualni-postav-muzej-zupanja\/papcara\/\" class=\"\" rel=\"bookmark\">Read More &raquo;<span class=\"screen-reader-text\">Pap\u010dara<\/span><\/a><\/p>\n","protected":false},"author":1,"featured_media":0,"parent":4358,"menu_order":0,"comment_status":"closed","ping_status":"closed","template":"elementor_header_footer","meta":{"footnotes":""},"tags":[],"folder":[9],"class_list":["post-4625","page","type-page","status-publish","hentry"],"_links":{"self":[{"href":"https:\/\/qtour.org\/fr\/wp-json\/wp\/v2\/pages\/4625","targetHints":{"allow":["GET"]}}],"collection":[{"href":"https:\/\/qtour.org\/fr\/wp-json\/wp\/v2\/pages"}],"about":[{"href":"https:\/\/qtour.org\/fr\/wp-json\/wp\/v2\/types\/page"}],"author":[{"embeddable":true,"href":"https:\/\/qtour.org\/fr\/wp-json\/wp\/v2\/users\/1"}],"replies":[{"embeddable":true,"href":"https:\/\/qtour.org\/fr\/wp-json\/wp\/v2\/comments?post=4625"}],"version-history":[{"count":0,"href":"https:\/\/qtour.org\/fr\/wp-json\/wp\/v2\/pages\/4625\/revisions"}],"up":[{"embeddable":true,"href":"https:\/\/qtour.org\/fr\/wp-json\/wp\/v2\/pages\/4358"}],"wp:attachment":[{"href":"https:\/\/qtour.org\/fr\/wp-json\/wp\/v2\/media?parent=4625"}],"wp:term":[{"taxonomy":"post_tag","embeddable":true,"href":"https:\/\/qtour.org\/fr\/wp-json\/wp\/v2\/tags?post=4625"},{"taxonomy":"folder","embeddable":true,"href":"https:\/\/qtour.org\/fr\/wp-json\/wp\/v2\/folder?post=4625"}],"curies":[{"name":"wp","href":"https:\/\/api.w.org\/{rel}","templated":true}]}}