{"id":4593,"date":"2020-04-02T16:02:00","date_gmt":"2020-04-02T16:02:00","guid":{"rendered":"https:\/\/qtour.org\/?page_id=4593"},"modified":"2020-10-14T10:46:55","modified_gmt":"2020-10-14T10:46:55","slug":"tronoga","status":"publish","type":"page","link":"https:\/\/qtour.org\/fr\/virtualni-postav-muzej-zupanja\/tronoga\/","title":{"rendered":"Tronoga"},"content":{"rendered":"\t\t<div data-elementor-type=\"wp-page\" data-elementor-id=\"4593\" class=\"elementor elementor-4593\">\n\t\t\t\t\t\t<section class=\"elementor-section elementor-top-section elementor-element elementor-element-3080a55 elementor-section-boxed elementor-section-height-default elementor-section-height-default\" data-id=\"3080a55\" data-element_type=\"section\">\n\t\t\t\t\t\t<div class=\"elementor-container elementor-column-gap-default\">\n\t\t\t\t\t<div class=\"elementor-column elementor-col-100 elementor-top-column elementor-element elementor-element-1c9e31d\" data-id=\"1c9e31d\" data-element_type=\"column\" data-settings=\"{&quot;background_background&quot;:&quot;classic&quot;}\">\n\t\t\t<div class=\"elementor-widget-wrap elementor-element-populated\">\n\t\t\t\t\t\t<div class=\"elementor-element elementor-element-8fc6d94 elementor-widget elementor-widget-heading\" data-id=\"8fc6d94\" data-element_type=\"widget\" data-widget_type=\"heading.default\">\n\t\t\t\t<div class=\"elementor-widget-container\">\n\t\t\t\t\t<h2 class=\"elementor-heading-title elementor-size-default\">Tronoga<\/h2>\t\t\t\t<\/div>\n\t\t\t\t<\/div>\n\t\t\t\t<div class=\"elementor-element elementor-element-d79d408 elementor-widget elementor-widget-text-editor\" data-id=\"d79d408\" data-element_type=\"widget\" data-widget_type=\"text-editor.default\">\n\t\t\t\t<div class=\"elementor-widget-container\">\n\t\t\t\t\t\t\t\t\t<p>Ova je posuda zbog svoje tri nako\u0161ene noge, na kojima stoji povi\u0161eno od podloge, dobila jednostavan i pamtljiv naziv \u201etronoga\u201c.<\/p>\n<p>Posebnost je ove posude \u0161to je ona zapravo slu\u017eila kao posuda za kuhanje i pe\u010denje, tj. pripremu jela na otvorenom ognji\u0161tu. Zbog svojih se nogu, mogla staviti izravno iznad vru\u0107eg \u017eara te se u njoj moglo pe\u0107i i kuhati.<\/p>\n<p>\u00a0<\/p>\t\t\t\t\t\t\t\t<\/div>\n\t\t\t\t<\/div>\n\t\t\t\t<div class=\"elementor-element elementor-element-500f921 elementor-widget elementor-widget-image\" data-id=\"500f921\" data-element_type=\"widget\" data-widget_type=\"image.default\">\n\t\t\t\t<div class=\"elementor-widget-container\">\n\t\t\t\t\t\t\t\t\t\t\t\t\t\t\t\t<a href=\"https:\/\/qtour.org\/wp-content\/uploads\/2020\/04\/tronoga.jpg\" data-elementor-open-lightbox=\"yes\" data-elementor-lightbox-title=\"\" data-e-action-hash=\"#elementor-action%3Aaction%3Dlightbox%26settings%3DeyJpZCI6NDU4NiwidXJsIjoiaHR0cHM6XC9cL3F0b3VyLm9yZ1wvd3AtY29udGVudFwvdXBsb2Fkc1wvMjAyMFwvMDRcL3Ryb25vZ2EuanBnIn0%3D\">\n\t\t\t\t\t\t\t<img fetchpriority=\"high\" decoding=\"async\" width=\"800\" height=\"574\" src=\"https:\/\/qtour.org\/wp-content\/uploads\/2020\/04\/tronoga.jpg\" class=\"attachment-large size-large wp-image-4586\" alt=\"\" srcset=\"https:\/\/qtour.org\/wp-content\/uploads\/2020\/04\/tronoga.jpg 800w, https:\/\/qtour.org\/wp-content\/uploads\/2020\/04\/tronoga-300x215.jpg 300w, https:\/\/qtour.org\/wp-content\/uploads\/2020\/04\/tronoga-768x551.jpg 768w\" sizes=\"(max-width: 800px) 100vw, 800px\" \/>\t\t\t\t\t\t\t\t<\/a>\n\t\t\t\t\t\t\t\t\t\t\t\t\t\t\t<\/div>\n\t\t\t\t<\/div>\n\t\t\t\t<div class=\"elementor-element elementor-element-a39a744 elementor-widget elementor-widget-text-editor\" data-id=\"a39a744\" data-element_type=\"widget\" data-widget_type=\"text-editor.default\">\n\t\t\t\t<div class=\"elementor-widget-container\">\n\t\t\t\t\t\t\t\t\t<p><\/p>\n<p>Posuda je izra\u0111ena od keramike i bikoni\u010dnog je oblika s konkavnim vratom i s jednim izljevom na rubu. Izvana je ocakljena tamnosme\u0111om, a iznutra svijetlosme\u0111om bojom.<\/p>\n<p>Mjesto i vrijeme izrade: \u017dupanjska Posavina, kraj. 19. st.<\/p>\n<p><\/p>\t\t\t\t\t\t\t\t<\/div>\n\t\t\t\t<\/div>\n\t\t\t\t<div class=\"elementor-element elementor-element-5d2fbd5 elementor-view-default elementor-widget elementor-widget-icon\" data-id=\"5d2fbd5\" data-element_type=\"widget\" data-widget_type=\"icon.default\">\n\t\t\t\t<div class=\"elementor-widget-container\">\n\t\t\t\t\t\t\t<div class=\"elementor-icon-wrapper\">\n\t\t\t<a class=\"elementor-icon\" href=\"https:\/\/qtour.org\/virtualni-postav-muzej-zupanja\/spajz\/#izdvojeno\">\n\t\t\t<i aria-hidden=\"true\" class=\"fas fa-long-arrow-alt-left\"><\/i>\t\t\t<\/a>\n\t\t<\/div>\n\t\t\t\t\t\t<\/div>\n\t\t\t\t<\/div>\n\t\t\t\t<div class=\"elementor-element elementor-element-ec7f102 elementor-widget elementor-widget-text-editor\" data-id=\"ec7f102\" data-element_type=\"widget\" data-widget_type=\"text-editor.default\">\n\t\t\t\t<div class=\"elementor-widget-container\">\n\t\t\t\t\t\t\t\t\t<p><a href=\"https:\/\/qtour.org\/virtualni-postav-muzej-zupanja\/spajz\/#izdvojeno\">NATRAG<\/a><\/p>\t\t\t\t\t\t\t\t<\/div>\n\t\t\t\t<\/div>\n\t\t\t\t\t<\/div>\n\t\t<\/div>\n\t\t\t\t\t<\/div>\n\t\t<\/section>\n\t\t\t\t<\/div>\n\t\t","protected":false},"excerpt":{"rendered":"","protected":false},"author":1,"featured_media":0,"parent":4358,"menu_order":0,"comment_status":"closed","ping_status":"closed","template":"elementor_header_footer","meta":{"footnotes":""},"tags":[],"folder":[9],"class_list":["post-4593","page","type-page","status-publish","hentry"],"_links":{"self":[{"href":"https:\/\/qtour.org\/fr\/wp-json\/wp\/v2\/pages\/4593","targetHints":{"allow":["GET"]}}],"collection":[{"href":"https:\/\/qtour.org\/fr\/wp-json\/wp\/v2\/pages"}],"about":[{"href":"https:\/\/qtour.org\/fr\/wp-json\/wp\/v2\/types\/page"}],"author":[{"embeddable":true,"href":"https:\/\/qtour.org\/fr\/wp-json\/wp\/v2\/users\/1"}],"replies":[{"embeddable":true,"href":"https:\/\/qtour.org\/fr\/wp-json\/wp\/v2\/comments?post=4593"}],"version-history":[{"count":0,"href":"https:\/\/qtour.org\/fr\/wp-json\/wp\/v2\/pages\/4593\/revisions"}],"up":[{"embeddable":true,"href":"https:\/\/qtour.org\/fr\/wp-json\/wp\/v2\/pages\/4358"}],"wp:attachment":[{"href":"https:\/\/qtour.org\/fr\/wp-json\/wp\/v2\/media?parent=4593"}],"wp:term":[{"taxonomy":"post_tag","embeddable":true,"href":"https:\/\/qtour.org\/fr\/wp-json\/wp\/v2\/tags?post=4593"},{"taxonomy":"folder","embeddable":true,"href":"https:\/\/qtour.org\/fr\/wp-json\/wp\/v2\/folder?post=4593"}],"curies":[{"name":"wp","href":"https:\/\/api.w.org\/{rel}","templated":true}]}}