{"id":4566,"date":"2020-04-02T15:16:30","date_gmt":"2020-04-02T15:16:30","guid":{"rendered":"https:\/\/qtour.org\/?page_id=4566"},"modified":"2021-11-21T19:38:36","modified_gmt":"2021-11-21T19:38:36","slug":"spajz","status":"publish","type":"page","link":"https:\/\/qtour.org\/fr\/virtualni-postav-muzej-zupanja\/spajz\/","title":{"rendered":"\u0160pajz"},"content":{"rendered":"\t\t<div data-elementor-type=\"wp-page\" data-elementor-id=\"4566\" class=\"elementor elementor-4566\">\n\t\t\t\t\t\t<section class=\"elementor-section elementor-top-section elementor-element elementor-element-f7a5682 elementor-section-boxed elementor-section-height-default elementor-section-height-default\" data-id=\"f7a5682\" data-element_type=\"section\">\n\t\t\t\t\t\t<div class=\"elementor-container elementor-column-gap-default\">\n\t\t\t\t\t<div class=\"elementor-column elementor-col-100 elementor-top-column elementor-element elementor-element-c979b4f\" data-id=\"c979b4f\" data-element_type=\"column\" data-settings=\"{&quot;background_background&quot;:&quot;classic&quot;}\">\n\t\t\t<div class=\"elementor-widget-wrap elementor-element-populated\">\n\t\t\t\t\t\t<div class=\"elementor-element elementor-element-4ea21ce elementor-widget elementor-widget-heading\" data-id=\"4ea21ce\" data-element_type=\"widget\" data-widget_type=\"heading.default\">\n\t\t\t\t<div class=\"elementor-widget-container\">\n\t\t\t\t\t<h2 class=\"elementor-heading-title elementor-size-default\">\u0160pajz<\/h2>\t\t\t\t<\/div>\n\t\t\t\t<\/div>\n\t\t\t\t<div class=\"elementor-element elementor-element-4c72a79 elementor-widget elementor-widget-text-editor\" data-id=\"4c72a79\" data-element_type=\"widget\" data-widget_type=\"text-editor.default\">\n\t\t\t\t<div class=\"elementor-widget-container\">\n\t\t\t\t\t\t\t\t\t<p>U postavu je mogu\u0107e pogledati rekonstrukciju ostave, tj. \u201e\u0161pajza\u201c, koja se u seoskim ku\u0107ama, kao zasebna prostorija, nalazila pored kuhinje i slu\u017eila je za \u010duvanje namirnica te pospremanje razli\u010ditih kuhinjskih pomagala. U ovoj su rekonstrukciji izlo\u017eene razli\u010dite naprave za usitnjavanje i pripremu hrane te posude za \u010duvanje ili serviranje.<\/p>\t\t\t\t\t\t\t\t<\/div>\n\t\t\t\t<\/div>\n\t\t\t\t<div class=\"elementor-element elementor-element-5041e4e elementor-widget elementor-widget-text-editor\" data-id=\"5041e4e\" data-element_type=\"widget\" data-widget_type=\"text-editor.default\">\n\t\t\t\t<div class=\"elementor-widget-container\">\n\t\t\t\t\t\t\t\t\t<p><\/p>\n<p>Pripremanje razli\u010ditih plodova iz vrta i vo\u0107njaka po\u010dinje ve\u0107 sredinom ljeta kada polako dozrijevaju razli\u010dite vrste vo\u0107a i povr\u0107a, koje treba spremiti za zimu, a ostale plodove s polja tek koncem jeseni. Iako je danas zaista te\u0161ko zamisliti \u017eivot bez hladnjaka, ljudi su se nekada, jer hladnjaka jednostavno nije bilo, morali snalaziti. Tako su se plodovi iz vrta (npr. krumpir, mrkva, per\u0161in i cikla te repa za prehranu stoke) \u010duvali u posebno iskopanim jamama u zemlji (zbog stalne i niske temperature). Takve su se jame nazivale \u201erovovi\u201c. Jedan dio povr\u0107a se, kao \u0161to su krastavci i paprika, kiselio octom, a kupus se kiselio postupkom soljenja. Luk bijeli i crveni \u010duvao se u ostavi, \u0161pajzu u svje\u017eem obliku, a samo neke vrste povr\u0107a, poput ljute paprike, su\u0161ile su se i usitnjavale (mljele) jer su se upotrebljavale kao za\u010din.<\/p>\n<p><\/p>\t\t\t\t\t\t\t\t<\/div>\n\t\t\t\t<\/div>\n\t\t\t\t<div class=\"elementor-element elementor-element-df38d78 elementor-widget elementor-widget-heading\" data-id=\"df38d78\" data-element_type=\"widget\" data-widget_type=\"heading.default\">\n\t\t\t\t<div class=\"elementor-widget-container\">\n\t\t\t\t\t<h2 class=\"elementor-heading-title elementor-size-default\">Izdvojeni predmeti iz prikaza<\/h2>\t\t\t\t<\/div>\n\t\t\t\t<\/div>\n\t\t\t\t<section class=\"elementor-section elementor-inner-section elementor-element elementor-element-4aca383 elementor-section-boxed elementor-section-height-default elementor-section-height-default\" data-id=\"4aca383\" data-element_type=\"section\" id=\"izdvojeno\">\n\t\t\t\t\t\t<div class=\"elementor-container elementor-column-gap-default\">\n\t\t\t\t\t<div class=\"elementor-column elementor-col-50 elementor-inner-column elementor-element elementor-element-bd3c10f\" data-id=\"bd3c10f\" data-element_type=\"column\" data-settings=\"{&quot;background_background&quot;:&quot;classic&quot;}\">\n\t\t\t<div class=\"elementor-widget-wrap elementor-element-populated\">\n\t\t\t\t\t\t<div class=\"elementor-element elementor-element-a12958a elementor-widget elementor-widget-image\" data-id=\"a12958a\" data-element_type=\"widget\" data-widget_type=\"image.default\">\n\t\t\t\t<div class=\"elementor-widget-container\">\n\t\t\t\t\t\t\t\t\t\t\t\t\t\t\t<img fetchpriority=\"high\" decoding=\"async\" width=\"300\" height=\"205\" src=\"https:\/\/qtour.org\/wp-content\/uploads\/2020\/04\/tronoga-slide-300x205.jpg\" class=\"attachment-medium size-medium wp-image-4742\" alt=\"\" srcset=\"https:\/\/qtour.org\/wp-content\/uploads\/2020\/04\/tronoga-slide-300x205.jpg 300w, https:\/\/qtour.org\/wp-content\/uploads\/2020\/04\/tronoga-slide-768x524.jpg 768w, https:\/\/qtour.org\/wp-content\/uploads\/2020\/04\/tronoga-slide.jpg 800w\" sizes=\"(max-width: 300px) 100vw, 300px\" \/>\t\t\t\t\t\t\t\t\t\t\t\t\t\t\t<\/div>\n\t\t\t\t<\/div>\n\t\t\t\t<div class=\"elementor-element elementor-element-172be61 elementor-widget elementor-widget-heading\" data-id=\"172be61\" data-element_type=\"widget\" data-widget_type=\"heading.default\">\n\t\t\t\t<div class=\"elementor-widget-container\">\n\t\t\t\t\t<h2 class=\"elementor-heading-title elementor-size-default\">Tronoga<\/h2>\t\t\t\t<\/div>\n\t\t\t\t<\/div>\n\t\t\t\t<div class=\"elementor-element elementor-element-0cd71d7 elementor-widget elementor-widget-text-editor\" data-id=\"0cd71d7\" data-element_type=\"widget\" data-widget_type=\"text-editor.default\">\n\t\t\t\t<div class=\"elementor-widget-container\">\n\t\t\t\t\t\t\t\t\t<p>Ova je neobi\u010dna posuda imala jako zanimljivu namjenu.<\/p>\t\t\t\t\t\t\t\t<\/div>\n\t\t\t\t<\/div>\n\t\t\t\t<div class=\"elementor-element elementor-element-000c6a3 elementor-align-center elementor-widget elementor-widget-button\" data-id=\"000c6a3\" data-element_type=\"widget\" data-widget_type=\"button.default\">\n\t\t\t\t<div class=\"elementor-widget-container\">\n\t\t\t\t\t\t\t\t\t<div class=\"elementor-button-wrapper\">\n\t\t\t\t\t<a class=\"elementor-button elementor-button-link elementor-size-sm\" href=\"https:\/\/qtour.org\/virtualni-postav-muzej-zupanja\/tronoga\/\">\n\t\t\t\t\t\t<span class=\"elementor-button-content-wrapper\">\n\t\t\t\t\t\t\t\t\t<span class=\"elementor-button-text\">Vi\u0161e<\/span>\n\t\t\t\t\t<\/span>\n\t\t\t\t\t<\/a>\n\t\t\t\t<\/div>\n\t\t\t\t\t\t\t\t<\/div>\n\t\t\t\t<\/div>\n\t\t\t\t\t<\/div>\n\t\t<\/div>\n\t\t\t\t<div class=\"elementor-column elementor-col-50 elementor-inner-column elementor-element elementor-element-f7a193f\" data-id=\"f7a193f\" data-element_type=\"column\">\n\t\t\t<div class=\"elementor-widget-wrap elementor-element-populated\">\n\t\t\t\t\t\t<div class=\"elementor-element elementor-element-a25344a elementor-widget elementor-widget-image\" data-id=\"a25344a\" data-element_type=\"widget\" data-widget_type=\"image.default\">\n\t\t\t\t<div class=\"elementor-widget-container\">\n\t\t\t\t\t\t\t\t\t\t\t\t\t\t\t<img decoding=\"async\" width=\"300\" height=\"205\" src=\"https:\/\/qtour.org\/wp-content\/uploads\/2020\/04\/cimenta-od-oke-1-300x205.jpg\" class=\"attachment-medium size-medium wp-image-4587\" alt=\"\" srcset=\"https:\/\/qtour.org\/wp-content\/uploads\/2020\/04\/cimenta-od-oke-1-300x205.jpg 300w, https:\/\/qtour.org\/wp-content\/uploads\/2020\/04\/cimenta-od-oke-1-768x524.jpg 768w, https:\/\/qtour.org\/wp-content\/uploads\/2020\/04\/cimenta-od-oke-1.jpg 800w\" sizes=\"(max-width: 300px) 100vw, 300px\" \/>\t\t\t\t\t\t\t\t\t\t\t\t\t\t\t<\/div>\n\t\t\t\t<\/div>\n\t\t\t\t<div class=\"elementor-element elementor-element-6915927 elementor-widget elementor-widget-heading\" data-id=\"6915927\" data-element_type=\"widget\" data-widget_type=\"heading.default\">\n\t\t\t\t<div class=\"elementor-widget-container\">\n\t\t\t\t\t<h2 class=\"elementor-heading-title elementor-size-default\">Cimenta<\/h2>\t\t\t\t<\/div>\n\t\t\t\t<\/div>\n\t\t\t\t<div class=\"elementor-element elementor-element-86cbb29 elementor-widget elementor-widget-text-editor\" data-id=\"86cbb29\" data-element_type=\"widget\" data-widget_type=\"text-editor.default\">\n\t\t\t\t<div class=\"elementor-widget-container\">\n\t\t\t\t\t\t\t\t\t<p><span style=\"text-align: left;\">Kada se nekog nazvalo \u00ab\u00a0cimentom\u00a0\u00bb, onda je to zna\u010dilo&#8230;<\/span><\/p>\t\t\t\t\t\t\t\t<\/div>\n\t\t\t\t<\/div>\n\t\t\t\t<div class=\"elementor-element elementor-element-db71446 elementor-align-center elementor-widget elementor-widget-button\" data-id=\"db71446\" data-element_type=\"widget\" data-widget_type=\"button.default\">\n\t\t\t\t<div class=\"elementor-widget-container\">\n\t\t\t\t\t\t\t\t\t<div class=\"elementor-button-wrapper\">\n\t\t\t\t\t<a class=\"elementor-button elementor-button-link elementor-size-sm\" href=\"https:\/\/qtour.org\/virtualni-postav-muzej-zupanja\/cimenta-od-oke\/\">\n\t\t\t\t\t\t<span class=\"elementor-button-content-wrapper\">\n\t\t\t\t\t\t\t\t\t<span class=\"elementor-button-text\">Vi\u0161e<\/span>\n\t\t\t\t\t<\/span>\n\t\t\t\t\t<\/a>\n\t\t\t\t<\/div>\n\t\t\t\t\t\t\t\t<\/div>\n\t\t\t\t<\/div>\n\t\t\t\t\t<\/div>\n\t\t<\/div>\n\t\t\t\t\t<\/div>\n\t\t<\/section>\n\t\t\t\t<div class=\"elementor-element elementor-element-9ca9ab4 elementor-view-default elementor-widget elementor-widget-icon\" data-id=\"9ca9ab4\" data-element_type=\"widget\" data-widget_type=\"icon.default\">\n\t\t\t\t<div class=\"elementor-widget-container\">\n\t\t\t\t\t\t\t<div class=\"elementor-icon-wrapper\">\n\t\t\t<a class=\"elementor-icon\" href=\"https:\/\/qtour.org\/virtualni-postav-muzej-zupanja\/2d-izlozba\/#izlozba-6\">\n\t\t\t<i aria-hidden=\"true\" class=\"fas fa-long-arrow-alt-left\"><\/i>\t\t\t<\/a>\n\t\t<\/div>\n\t\t\t\t\t\t<\/div>\n\t\t\t\t<\/div>\n\t\t\t\t<div class=\"elementor-element elementor-element-b17fe2f elementor-widget elementor-widget-text-editor\" data-id=\"b17fe2f\" data-element_type=\"widget\" data-widget_type=\"text-editor.default\">\n\t\t\t\t<div class=\"elementor-widget-container\">\n\t\t\t\t\t\t\t\t\t<p><a href=\"https:\/\/qtour.org\/virtualni-postav-muzej-zupanja\/2d-izlozba\/#izlozba-6\">NATRAG<\/a><\/p>\t\t\t\t\t\t\t\t<\/div>\n\t\t\t\t<\/div>\n\t\t\t\t\t<\/div>\n\t\t<\/div>\n\t\t\t\t\t<\/div>\n\t\t<\/section>\n\t\t\t\t<\/div>\n\t\t","protected":false},"excerpt":{"rendered":"<p>\u0160pajz U postavu je mogu\u0107e pogledati rekonstrukciju ostave, tj. \u201e\u0161pajza\u201c, koja se u seoskim ku\u0107ama, kao zasebna prostorija, nalazila pored kuhinje i slu\u017eila je za \u010duvanje namirnica te pospremanje razli\u010ditih kuhinjskih pomagala. U ovoj su rekonstrukciji izlo\u017eene razli\u010dite naprave za usitnjavanje i pripremu hrane te posude za \u010duvanje ili serviranje. Pripremanje razli\u010ditih plodova iz vrta&hellip;&nbsp;<a href=\"https:\/\/qtour.org\/fr\/virtualni-postav-muzej-zupanja\/spajz\/\" class=\"\" rel=\"bookmark\">Read More &raquo;<span class=\"screen-reader-text\">\u0160pajz<\/span><\/a><\/p>\n","protected":false},"author":1,"featured_media":0,"parent":4358,"menu_order":0,"comment_status":"closed","ping_status":"closed","template":"elementor_header_footer","meta":{"footnotes":""},"tags":[],"folder":[9],"class_list":["post-4566","page","type-page","status-publish","hentry"],"_links":{"self":[{"href":"https:\/\/qtour.org\/fr\/wp-json\/wp\/v2\/pages\/4566","targetHints":{"allow":["GET"]}}],"collection":[{"href":"https:\/\/qtour.org\/fr\/wp-json\/wp\/v2\/pages"}],"about":[{"href":"https:\/\/qtour.org\/fr\/wp-json\/wp\/v2\/types\/page"}],"author":[{"embeddable":true,"href":"https:\/\/qtour.org\/fr\/wp-json\/wp\/v2\/users\/1"}],"replies":[{"embeddable":true,"href":"https:\/\/qtour.org\/fr\/wp-json\/wp\/v2\/comments?post=4566"}],"version-history":[{"count":0,"href":"https:\/\/qtour.org\/fr\/wp-json\/wp\/v2\/pages\/4566\/revisions"}],"up":[{"embeddable":true,"href":"https:\/\/qtour.org\/fr\/wp-json\/wp\/v2\/pages\/4358"}],"wp:attachment":[{"href":"https:\/\/qtour.org\/fr\/wp-json\/wp\/v2\/media?parent=4566"}],"wp:term":[{"taxonomy":"post_tag","embeddable":true,"href":"https:\/\/qtour.org\/fr\/wp-json\/wp\/v2\/tags?post=4566"},{"taxonomy":"folder","embeddable":true,"href":"https:\/\/qtour.org\/fr\/wp-json\/wp\/v2\/folder?post=4566"}],"curies":[{"name":"wp","href":"https:\/\/api.w.org\/{rel}","templated":true}]}}