{"id":4529,"date":"2020-04-02T12:23:20","date_gmt":"2020-04-02T12:23:20","guid":{"rendered":"https:\/\/qtour.org\/?page_id=4529"},"modified":"2020-10-14T10:46:39","modified_gmt":"2020-10-14T10:46:39","slug":"srp","status":"publish","type":"page","link":"https:\/\/qtour.org\/fr\/virtualni-postav-muzej-zupanja\/srp\/","title":{"rendered":"Srp"},"content":{"rendered":"\t\t<div data-elementor-type=\"wp-page\" data-elementor-id=\"4529\" class=\"elementor elementor-4529\">\n\t\t\t\t\t\t<section class=\"elementor-section elementor-top-section elementor-element elementor-element-cf0f6b8 elementor-section-boxed elementor-section-height-default elementor-section-height-default\" data-id=\"cf0f6b8\" data-element_type=\"section\">\n\t\t\t\t\t\t<div class=\"elementor-container elementor-column-gap-default\">\n\t\t\t\t\t<div class=\"elementor-column elementor-col-100 elementor-top-column elementor-element elementor-element-982487b\" data-id=\"982487b\" data-element_type=\"column\" data-settings=\"{&quot;background_background&quot;:&quot;classic&quot;}\">\n\t\t\t<div class=\"elementor-widget-wrap elementor-element-populated\">\n\t\t\t\t\t\t<div class=\"elementor-element elementor-element-9496338 elementor-widget elementor-widget-heading\" data-id=\"9496338\" data-element_type=\"widget\" data-widget_type=\"heading.default\">\n\t\t\t\t<div class=\"elementor-widget-container\">\n\t\t\t\t\t<h2 class=\"elementor-heading-title elementor-size-default\">Srp<\/h2>\t\t\t\t<\/div>\n\t\t\t\t<\/div>\n\t\t\t\t<div class=\"elementor-element elementor-element-ac38934 elementor-widget elementor-widget-text-editor\" data-id=\"ac38934\" data-element_type=\"widget\" data-widget_type=\"text-editor.default\">\n\t\t\t\t<div class=\"elementor-widget-container\">\n\t\t\t\t\t\t\t\t\t<p>Srp je jedna od najstarijih i najjednostavnijih poljoprivrednih alatki. Prve, najprimitivnije verzije srpa pojavljuju se jo\u0161 u kamenom dobu, kada su na\u010dinjene od rogovlja, kostiju ili kamena. Slu\u017ei za \u017eetvu \u017eita ili za otkos drugog bilja. \u017deti sa srpom je izrazito naporno i te\u0161ko, jer osoba koja ga koristi mora biti u pognutom polo\u017eaju (jednom rukom dr\u017ei busen, a drugom ga, srpom,odsijeca). Tijekom duge povijesti srp je \u010desto znao slu\u017eiti i kao vrlo efikasno oru\u017eje (Karta\u017eani, Da\u010dani, ali i kmetovi za vrijeme feudalizma).<\/p>\t\t\t\t\t\t\t\t<\/div>\n\t\t\t\t<\/div>\n\t\t\t\t<div class=\"elementor-element elementor-element-9442955 elementor-widget elementor-widget-image\" data-id=\"9442955\" data-element_type=\"widget\" data-widget_type=\"image.default\">\n\t\t\t\t<div class=\"elementor-widget-container\">\n\t\t\t\t\t\t\t\t\t\t\t\t\t\t\t\t<a href=\"https:\/\/qtour.org\/wp-content\/uploads\/2020\/04\/srp-2.jpg\" data-elementor-open-lightbox=\"yes\" data-elementor-lightbox-title=\"\" data-e-action-hash=\"#elementor-action%3Aaction%3Dlightbox%26settings%3DeyJpZCI6NDUyOCwidXJsIjoiaHR0cHM6XC9cL3F0b3VyLm9yZ1wvd3AtY29udGVudFwvdXBsb2Fkc1wvMjAyMFwvMDRcL3NycC0yLmpwZyJ9\">\n\t\t\t\t\t\t\t<img fetchpriority=\"high\" decoding=\"async\" width=\"800\" height=\"573\" src=\"https:\/\/qtour.org\/wp-content\/uploads\/2020\/04\/srp-2.jpg\" class=\"attachment-large size-large wp-image-4528\" alt=\"\" srcset=\"https:\/\/qtour.org\/wp-content\/uploads\/2020\/04\/srp-2.jpg 800w, https:\/\/qtour.org\/wp-content\/uploads\/2020\/04\/srp-2-300x215.jpg 300w, https:\/\/qtour.org\/wp-content\/uploads\/2020\/04\/srp-2-768x550.jpg 768w\" sizes=\"(max-width: 800px) 100vw, 800px\" \/>\t\t\t\t\t\t\t\t<\/a>\n\t\t\t\t\t\t\t\t\t\t\t\t\t\t\t<\/div>\n\t\t\t\t<\/div>\n\t\t\t\t<div class=\"elementor-element elementor-element-0131407 elementor-widget elementor-widget-text-editor\" data-id=\"0131407\" data-element_type=\"widget\" data-widget_type=\"text-editor.default\">\n\t\t\t\t<div class=\"elementor-widget-container\">\n\t\t\t\t\t\t\t\t\t<p><\/p>\n<p>U tradicijskoj kulturi \u017eupanjskog kraja zabilje\u017eeno je da iza mu\u0161karca koji srpom ili u novije vrijeme kosom kosi \u017eito, ide osoba, naj\u010de\u0161\u0107e \u017eena (\u201erukovedalja\u201c), koja u \u017eetvi skuplja otko\u0161eno \u017eito u rukohvate, koji se potom sla\u017eu u snopove.<\/p>\n<p>Izlo\u017eena alatka, srp, sastoji od zaobljenog \u017eeljeznog sje\u010diva (no\u017ea) i drvene dr\u0161ke. Cijelom du\u017einom sje\u010diva u jednoj liniji, teku urezani krugovi koji je vrlo lijepo ukra\u0161avaju.<\/p>\n<p><\/p>\t\t\t\t\t\t\t\t<\/div>\n\t\t\t\t<\/div>\n\t\t\t\t<div class=\"elementor-element elementor-element-116c71a elementor-widget elementor-widget-image\" data-id=\"116c71a\" data-element_type=\"widget\" data-widget_type=\"image.default\">\n\t\t\t\t<div class=\"elementor-widget-container\">\n\t\t\t\t\t\t\t\t\t\t\t\t\t\t\t\t<a href=\"https:\/\/qtour.org\/wp-content\/uploads\/2020\/04\/srp-3.jpg\" data-elementor-open-lightbox=\"yes\" data-elementor-lightbox-title=\"\" data-e-action-hash=\"#elementor-action%3Aaction%3Dlightbox%26settings%3DeyJpZCI6NDUzNCwidXJsIjoiaHR0cHM6XC9cL3F0b3VyLm9yZ1wvd3AtY29udGVudFwvdXBsb2Fkc1wvMjAyMFwvMDRcL3NycC0zLmpwZyJ9\">\n\t\t\t\t\t\t\t<img decoding=\"async\" width=\"600\" height=\"450\" src=\"https:\/\/qtour.org\/wp-content\/uploads\/2020\/04\/srp-3.jpg\" class=\"attachment-large size-large wp-image-4534\" alt=\"\" srcset=\"https:\/\/qtour.org\/wp-content\/uploads\/2020\/04\/srp-3.jpg 600w, https:\/\/qtour.org\/wp-content\/uploads\/2020\/04\/srp-3-300x225.jpg 300w\" sizes=\"(max-width: 600px) 100vw, 600px\" \/>\t\t\t\t\t\t\t\t<\/a>\n\t\t\t\t\t\t\t\t\t\t\t\t\t\t\t<\/div>\n\t\t\t\t<\/div>\n\t\t\t\t<div class=\"elementor-element elementor-element-64c6e41 elementor-widget elementor-widget-text-editor\" data-id=\"64c6e41\" data-element_type=\"widget\" data-widget_type=\"text-editor.default\">\n\t\t\t\t<div class=\"elementor-widget-container\">\n\t\t\t\t\t\t\t\t\t<p>Mjesto i vrijeme izrade: Bo\u0161njaci, kraj 19. st.<\/p><p>Muzeju ga je darovao 2000. godine Matej Juzba\u0161i\u0107.&nbsp;<\/p>\t\t\t\t\t\t\t\t<\/div>\n\t\t\t\t<\/div>\n\t\t\t\t<div class=\"elementor-element elementor-element-ca43e0b elementor-view-default elementor-widget elementor-widget-icon\" data-id=\"ca43e0b\" data-element_type=\"widget\" data-widget_type=\"icon.default\">\n\t\t\t\t<div class=\"elementor-widget-container\">\n\t\t\t\t\t\t\t<div class=\"elementor-icon-wrapper\">\n\t\t\t<a class=\"elementor-icon\" href=\"https:\/\/qtour.org\/virtualni-postav-muzej-zupanja\/zetva\/#izdvojeno\">\n\t\t\t<i aria-hidden=\"true\" class=\"fas fa-long-arrow-alt-left\"><\/i>\t\t\t<\/a>\n\t\t<\/div>\n\t\t\t\t\t\t<\/div>\n\t\t\t\t<\/div>\n\t\t\t\t<div class=\"elementor-element elementor-element-2ce18dc elementor-widget elementor-widget-text-editor\" data-id=\"2ce18dc\" data-element_type=\"widget\" data-widget_type=\"text-editor.default\">\n\t\t\t\t<div class=\"elementor-widget-container\">\n\t\t\t\t\t\t\t\t\t<p><a href=\"https:\/\/qtour.org\/virtualni-postav-muzej-zupanja\/zetva\/#izdvojeno\">NATRAG<\/a><\/p>\t\t\t\t\t\t\t\t<\/div>\n\t\t\t\t<\/div>\n\t\t\t\t\t<\/div>\n\t\t<\/div>\n\t\t\t\t\t<\/div>\n\t\t<\/section>\n\t\t\t\t<\/div>\n\t\t","protected":false},"excerpt":{"rendered":"","protected":false},"author":1,"featured_media":0,"parent":4358,"menu_order":0,"comment_status":"closed","ping_status":"closed","template":"elementor_header_footer","meta":{"footnotes":""},"tags":[],"folder":[9],"class_list":["post-4529","page","type-page","status-publish","hentry"],"_links":{"self":[{"href":"https:\/\/qtour.org\/fr\/wp-json\/wp\/v2\/pages\/4529","targetHints":{"allow":["GET"]}}],"collection":[{"href":"https:\/\/qtour.org\/fr\/wp-json\/wp\/v2\/pages"}],"about":[{"href":"https:\/\/qtour.org\/fr\/wp-json\/wp\/v2\/types\/page"}],"author":[{"embeddable":true,"href":"https:\/\/qtour.org\/fr\/wp-json\/wp\/v2\/users\/1"}],"replies":[{"embeddable":true,"href":"https:\/\/qtour.org\/fr\/wp-json\/wp\/v2\/comments?post=4529"}],"version-history":[{"count":0,"href":"https:\/\/qtour.org\/fr\/wp-json\/wp\/v2\/pages\/4529\/revisions"}],"up":[{"embeddable":true,"href":"https:\/\/qtour.org\/fr\/wp-json\/wp\/v2\/pages\/4358"}],"wp:attachment":[{"href":"https:\/\/qtour.org\/fr\/wp-json\/wp\/v2\/media?parent=4529"}],"wp:term":[{"taxonomy":"post_tag","embeddable":true,"href":"https:\/\/qtour.org\/fr\/wp-json\/wp\/v2\/tags?post=4529"},{"taxonomy":"folder","embeddable":true,"href":"https:\/\/qtour.org\/fr\/wp-json\/wp\/v2\/folder?post=4529"}],"curies":[{"name":"wp","href":"https:\/\/api.w.org\/{rel}","templated":true}]}}