{"id":4500,"date":"2020-04-02T11:50:06","date_gmt":"2020-04-02T11:50:06","guid":{"rendered":"https:\/\/qtour.org\/?page_id=4500"},"modified":"2020-10-14T10:48:17","modified_gmt":"2020-10-14T10:48:17","slug":"zetva","status":"publish","type":"page","link":"https:\/\/qtour.org\/fr\/virtualni-postav-muzej-zupanja\/zetva\/","title":{"rendered":"\u017detva"},"content":{"rendered":"\t\t<div data-elementor-type=\"wp-page\" data-elementor-id=\"4500\" class=\"elementor elementor-4500\">\n\t\t\t\t\t\t<section class=\"elementor-section elementor-top-section elementor-element elementor-element-187f58a elementor-section-boxed elementor-section-height-default elementor-section-height-default\" data-id=\"187f58a\" data-element_type=\"section\">\n\t\t\t\t\t\t<div class=\"elementor-container elementor-column-gap-default\">\n\t\t\t\t\t<div class=\"elementor-column elementor-col-100 elementor-top-column elementor-element elementor-element-0b4b4fa\" data-id=\"0b4b4fa\" data-element_type=\"column\" data-settings=\"{&quot;background_background&quot;:&quot;classic&quot;}\">\n\t\t\t<div class=\"elementor-widget-wrap elementor-element-populated\">\n\t\t\t\t\t\t<div class=\"elementor-element elementor-element-434f64a elementor-widget elementor-widget-heading\" data-id=\"434f64a\" data-element_type=\"widget\" data-widget_type=\"heading.default\">\n\t\t\t\t<div class=\"elementor-widget-container\">\n\t\t\t\t\t<h2 class=\"elementor-heading-title elementor-size-default\">\u017detva<\/h2>\t\t\t\t<\/div>\n\t\t\t\t<\/div>\n\t\t\t\t<div class=\"elementor-element elementor-element-d43146f elementor-widget elementor-widget-text-editor\" data-id=\"d43146f\" data-element_type=\"widget\" data-widget_type=\"text-editor.default\">\n\t\t\t\t<div class=\"elementor-widget-container\">\n\t\t\t\t\t\t\t\t\t<p>Nalazite se pred drugim odjeljkom u kojem je izlo\u017eena scena podnevnog \u017eetvenog objeda u polju. Unutar prizora mo\u017eete vidjeti razli\u010dite alatke kojima se slu\u017eilo u \u017eetvi i razne posude za hranu i za\u010dine.<\/p>\n<p>Jutarnji objed u \u017eetvi i nekim drugim poslovima u polju, u \u017eupanjskom kraju naziva se \u201cru\u010dak\u201d i obi\u010dno se kod objeda u polju sastoji od doma\u0107eg su\u0161enog mesa: kulena ili \u201ekulina\u201c, \u0161unke, slanine i mlije\u010dnih proizvoda poput vrhnja ili kiseloga mlijeka. Nerijetko doma\u0107ica \u201eru\u010dkono\u0161a\u201d u pletenoj ko\u0161ari donese razli\u010dite posude zdjele, \u017elice, no\u017eeve, \u201csolenice\u201d i pribor za jelo. \u201eKa\u0161ike\u201d za poslu\u017eivanje jela naj\u010de\u0161\u0107e su izra\u0111ene od drveta da se pri no\u0161enju ne razbiju. Doma\u0107ica u polje donese i svje\u017ee ispe\u010denu, specifi\u010dnu vrstu kruha, \u201cpoga\u010du\u201d.<\/p>\t\t\t\t\t\t\t\t<\/div>\n\t\t\t\t<\/div>\n\t\t\t\t<div class=\"elementor-element elementor-element-5688ded elementor-widget elementor-widget-video\" data-id=\"5688ded\" data-element_type=\"widget\" data-settings=\"{&quot;youtube_url&quot;:&quot;https:\\\/\\\/www.youtube.com\\\/watch?v=hzXX7bSBn1U&quot;,&quot;video_type&quot;:&quot;youtube&quot;,&quot;controls&quot;:&quot;yes&quot;}\" data-widget_type=\"video.default\">\n\t\t\t\t<div class=\"elementor-widget-container\">\n\t\t\t\t\t\t\t<div class=\"elementor-wrapper elementor-open-inline\">\n\t\t\t<div class=\"elementor-video\"><\/div>\t\t<\/div>\n\t\t\t\t\t\t<\/div>\n\t\t\t\t<\/div>\n\t\t\t\t<div class=\"elementor-element elementor-element-6460abc elementor-widget elementor-widget-text-editor\" data-id=\"6460abc\" data-element_type=\"widget\" data-widget_type=\"text-editor.default\">\n\t\t\t\t<div class=\"elementor-widget-container\">\n\t\t\t\t\t\t\t\t\t<p>Na sam dan \u017eetve, ve\u0107 oko pono\u0107i, \u017eene, mu\u0161karci i djeca starije dobi odlaze na posao. Dok je rosa, \u017eene od strukova zobene slame prave u\u017ee, tj. u\u017ead za vezanje snopova \u017eita, a mu\u0161karci kose. \u010cim sunce iza\u0111e, \u017eeteoci me\u0111usobno podijele poslove. Prvi kosac \u201ekosba\u0161a\u201c kosi, a za njim dijete prostire (\u201estere\u201c, tj. \u201e stire\u201c) u\u017ead. Iza njih ide po jedna \u017eena \u201erukovedalja\u201c koja srpom skuplja \u017eito u rukohvate \u201erukoveti\u201c i sla\u017ee ih u snopove. \u017dene koje sudjeluju u \u017eetvi nazivaju se i \u201e\u017eetelice\u201c. Za \u017eenama ide \u201eveza\u010d\u201c koji ve\u017ee snopove. Kad se \u017eito pokosi, snopovi se odnose \u201esna\u0161aju\u201c u hrpu od devet snopova, tj. u \u201edevetak\u201c (dva devetka \u010dine \u201ekrst\u201c).<\/p>\n<p>Posljednji dan \u017eetve proslavljao se na poseban na\u010din, prvo u polju, a potom i u ku\u0107i. Kada se o\u017eanje posljednji snop \u017eita, sve\u017ee i polo\u017ei okomito, \u017eeteoci se okupe i izmole molitvu \u201cO\u010de na\u0161\u201d. U Bo\u0161njacima pri molitvi kle\u010di samo najmla\u0111a \u017eena pred snopom, a u Cerni svi \u017eeteoci, osim mu\u0161karca koji tri puta okre\u0107e snop dr\u017ee\u0107i ga u ruci govore\u0107i: \u201cJezus, Bogo dragi!\u201d U oba se slu\u010daja iz zadnjega snopa uzima kitica \u017eita ili se plete vijenac koji se odnosi doma\u0107inu. U ku\u0107i vlasnika doma\u0107ica pripravlja bogatu ve\u010deru za sve koji su sudjelovali u \u017eetvi. Taj se obi\u010daj u \u017eupanjskom kraju naziva \u201edo\u017eenja\u010da\u201c ili \u201edopo\u017eelnica\u201c.<\/p>\t\t\t\t\t\t\t\t<\/div>\n\t\t\t\t<\/div>\n\t\t\t\t<div class=\"elementor-element elementor-element-49d5cc9 elementor-widget elementor-widget-heading\" data-id=\"49d5cc9\" data-element_type=\"widget\" data-widget_type=\"heading.default\">\n\t\t\t\t<div class=\"elementor-widget-container\">\n\t\t\t\t\t<h2 class=\"elementor-heading-title elementor-size-default\">Izdvojeni predmeti iz prikaza<\/h2>\t\t\t\t<\/div>\n\t\t\t\t<\/div>\n\t\t\t\t<section class=\"elementor-section elementor-inner-section elementor-element elementor-element-4b174e0 elementor-section-boxed elementor-section-height-default elementor-section-height-default\" data-id=\"4b174e0\" data-element_type=\"section\" id=\"izdvojeno\">\n\t\t\t\t\t\t<div class=\"elementor-container elementor-column-gap-default\">\n\t\t\t\t\t<div class=\"elementor-column elementor-col-50 elementor-inner-column elementor-element elementor-element-c3b7e92\" data-id=\"c3b7e92\" data-element_type=\"column\">\n\t\t\t<div class=\"elementor-widget-wrap elementor-element-populated\">\n\t\t\t\t\t\t<div class=\"elementor-element elementor-element-2699d55 elementor-widget elementor-widget-image\" data-id=\"2699d55\" data-element_type=\"widget\" data-widget_type=\"image.default\">\n\t\t\t\t<div class=\"elementor-widget-container\">\n\t\t\t\t\t\t\t\t\t\t\t\t\t\t\t<img fetchpriority=\"high\" decoding=\"async\" width=\"300\" height=\"225\" src=\"https:\/\/qtour.org\/wp-content\/uploads\/2020\/04\/zbanja-slide-1-300x225.jpg\" class=\"attachment-medium size-medium wp-image-4740\" alt=\"\" srcset=\"https:\/\/qtour.org\/wp-content\/uploads\/2020\/04\/zbanja-slide-1-300x225.jpg 300w, https:\/\/qtour.org\/wp-content\/uploads\/2020\/04\/zbanja-slide-1-768x576.jpg 768w, https:\/\/qtour.org\/wp-content\/uploads\/2020\/04\/zbanja-slide-1.jpg 800w\" sizes=\"(max-width: 300px) 100vw, 300px\" \/>\t\t\t\t\t\t\t\t\t\t\t\t\t\t\t<\/div>\n\t\t\t\t<\/div>\n\t\t\t\t<div class=\"elementor-element elementor-element-38d9a1b elementor-widget elementor-widget-heading\" data-id=\"38d9a1b\" data-element_type=\"widget\" data-widget_type=\"heading.default\">\n\t\t\t\t<div class=\"elementor-widget-container\">\n\t\t\t\t\t<h2 class=\"elementor-heading-title elementor-size-default\">\u017dbanja<\/h2>\t\t\t\t<\/div>\n\t\t\t\t<\/div>\n\t\t\t\t<div class=\"elementor-element elementor-element-75e0a4d elementor-widget elementor-widget-text-editor\" data-id=\"75e0a4d\" data-element_type=\"widget\" data-widget_type=\"text-editor.default\">\n\t\t\t\t<div class=\"elementor-widget-container\">\n\t\t\t\t\t\t\t\t\t<p>Nalik je smanjenoj, plosnatoj ba\u010dvi, a slu\u017eila je za&#8230;<\/p>\t\t\t\t\t\t\t\t<\/div>\n\t\t\t\t<\/div>\n\t\t\t\t<div class=\"elementor-element elementor-element-7e1ebc6 elementor-align-center elementor-widget elementor-widget-button\" data-id=\"7e1ebc6\" data-element_type=\"widget\" data-widget_type=\"button.default\">\n\t\t\t\t<div class=\"elementor-widget-container\">\n\t\t\t\t\t\t\t\t\t<div class=\"elementor-button-wrapper\">\n\t\t\t\t\t<a class=\"elementor-button elementor-button-link elementor-size-sm\" href=\"https:\/\/qtour.org\/virtualni-postav-muzej-zupanja\/zbanja\/\">\n\t\t\t\t\t\t<span class=\"elementor-button-content-wrapper\">\n\t\t\t\t\t\t\t\t\t<span class=\"elementor-button-text\">Vi\u0161e<\/span>\n\t\t\t\t\t<\/span>\n\t\t\t\t\t<\/a>\n\t\t\t\t<\/div>\n\t\t\t\t\t\t\t\t<\/div>\n\t\t\t\t<\/div>\n\t\t\t\t\t<\/div>\n\t\t<\/div>\n\t\t\t\t<div class=\"elementor-column elementor-col-50 elementor-inner-column elementor-element elementor-element-1f465e2\" data-id=\"1f465e2\" data-element_type=\"column\">\n\t\t\t<div class=\"elementor-widget-wrap elementor-element-populated\">\n\t\t\t\t\t\t<div class=\"elementor-element elementor-element-18983cf elementor-widget elementor-widget-image\" data-id=\"18983cf\" data-element_type=\"widget\" data-widget_type=\"image.default\">\n\t\t\t\t<div class=\"elementor-widget-container\">\n\t\t\t\t\t\t\t\t\t\t\t\t\t\t\t<img decoding=\"async\" width=\"300\" height=\"225\" src=\"https:\/\/qtour.org\/wp-content\/uploads\/2020\/04\/srp-1-300x225.jpg\" class=\"attachment-medium size-medium wp-image-4737\" alt=\"\" srcset=\"https:\/\/qtour.org\/wp-content\/uploads\/2020\/04\/srp-1-300x225.jpg 300w, https:\/\/qtour.org\/wp-content\/uploads\/2020\/04\/srp-1-768x576.jpg 768w, https:\/\/qtour.org\/wp-content\/uploads\/2020\/04\/srp-1.jpg 800w\" sizes=\"(max-width: 300px) 100vw, 300px\" \/>\t\t\t\t\t\t\t\t\t\t\t\t\t\t\t<\/div>\n\t\t\t\t<\/div>\n\t\t\t\t<div class=\"elementor-element elementor-element-9a14c73 elementor-widget elementor-widget-heading\" data-id=\"9a14c73\" data-element_type=\"widget\" data-widget_type=\"heading.default\">\n\t\t\t\t<div class=\"elementor-widget-container\">\n\t\t\t\t\t<h2 class=\"elementor-heading-title elementor-size-default\">Srp<\/h2>\t\t\t\t<\/div>\n\t\t\t\t<\/div>\n\t\t\t\t<div class=\"elementor-element elementor-element-b377006 elementor-widget elementor-widget-text-editor\" data-id=\"b377006\" data-element_type=\"widget\" data-widget_type=\"text-editor.default\">\n\t\t\t\t<div class=\"elementor-widget-container\">\n\t\t\t\t\t\t\t\t\t<p>Jedna od najstarijih poljoprivrednih alatki.<\/p>\t\t\t\t\t\t\t\t<\/div>\n\t\t\t\t<\/div>\n\t\t\t\t<div class=\"elementor-element elementor-element-06905e5 elementor-align-center elementor-widget elementor-widget-button\" data-id=\"06905e5\" data-element_type=\"widget\" data-widget_type=\"button.default\">\n\t\t\t\t<div class=\"elementor-widget-container\">\n\t\t\t\t\t\t\t\t\t<div class=\"elementor-button-wrapper\">\n\t\t\t\t\t<a class=\"elementor-button elementor-button-link elementor-size-sm\" href=\"https:\/\/qtour.org\/virtualni-postav-muzej-zupanja\/srp\/\">\n\t\t\t\t\t\t<span class=\"elementor-button-content-wrapper\">\n\t\t\t\t\t\t\t\t\t<span class=\"elementor-button-text\">Vi\u0161e<\/span>\n\t\t\t\t\t<\/span>\n\t\t\t\t\t<\/a>\n\t\t\t\t<\/div>\n\t\t\t\t\t\t\t\t<\/div>\n\t\t\t\t<\/div>\n\t\t\t\t\t<\/div>\n\t\t<\/div>\n\t\t\t\t\t<\/div>\n\t\t<\/section>\n\t\t\t\t<div class=\"elementor-element elementor-element-fd91a19 elementor-view-default elementor-widget elementor-widget-icon\" data-id=\"fd91a19\" data-element_type=\"widget\" data-widget_type=\"icon.default\">\n\t\t\t\t<div class=\"elementor-widget-container\">\n\t\t\t\t\t\t\t<div class=\"elementor-icon-wrapper\">\n\t\t\t<a class=\"elementor-icon\" href=\"https:\/\/qtour.org\/virtualni-postav-muzej-zupanja\/2d-izlozba\/#izlozba-4\">\n\t\t\t<i aria-hidden=\"true\" class=\"fas fa-long-arrow-alt-left\"><\/i>\t\t\t<\/a>\n\t\t<\/div>\n\t\t\t\t\t\t<\/div>\n\t\t\t\t<\/div>\n\t\t\t\t<div class=\"elementor-element elementor-element-f8bde8c elementor-widget elementor-widget-text-editor\" data-id=\"f8bde8c\" data-element_type=\"widget\" data-widget_type=\"text-editor.default\">\n\t\t\t\t<div class=\"elementor-widget-container\">\n\t\t\t\t\t\t\t\t\t<p><a href=\"https:\/\/qtour.org\/virtualni-postav-muzej-zupanja\/2d-izlozba\/#izlozba-4\">NATRAG<\/a><\/p>\t\t\t\t\t\t\t\t<\/div>\n\t\t\t\t<\/div>\n\t\t\t\t\t<\/div>\n\t\t<\/div>\n\t\t\t\t\t<\/div>\n\t\t<\/section>\n\t\t\t\t<\/div>\n\t\t","protected":false},"excerpt":{"rendered":"<p>\u017detva Nalazite se pred drugim odjeljkom u kojem je izlo\u017eena scena podnevnog \u017eetvenog objeda u polju. Unutar prizora mo\u017eete vidjeti razli\u010dite alatke kojima se slu\u017eilo u \u017eetvi i razne posude za hranu i za\u010dine. Jutarnji objed u \u017eetvi i nekim drugim poslovima u polju, u \u017eupanjskom kraju naziva se \u201cru\u010dak\u201d i obi\u010dno se kod objeda&hellip;&nbsp;<a href=\"https:\/\/qtour.org\/fr\/virtualni-postav-muzej-zupanja\/zetva\/\" class=\"\" rel=\"bookmark\">Read More &raquo;<span class=\"screen-reader-text\">\u017detva<\/span><\/a><\/p>\n","protected":false},"author":1,"featured_media":0,"parent":4358,"menu_order":0,"comment_status":"closed","ping_status":"closed","template":"elementor_header_footer","meta":{"footnotes":""},"tags":[],"folder":[9],"class_list":["post-4500","page","type-page","status-publish","hentry"],"_links":{"self":[{"href":"https:\/\/qtour.org\/fr\/wp-json\/wp\/v2\/pages\/4500","targetHints":{"allow":["GET"]}}],"collection":[{"href":"https:\/\/qtour.org\/fr\/wp-json\/wp\/v2\/pages"}],"about":[{"href":"https:\/\/qtour.org\/fr\/wp-json\/wp\/v2\/types\/page"}],"author":[{"embeddable":true,"href":"https:\/\/qtour.org\/fr\/wp-json\/wp\/v2\/users\/1"}],"replies":[{"embeddable":true,"href":"https:\/\/qtour.org\/fr\/wp-json\/wp\/v2\/comments?post=4500"}],"version-history":[{"count":0,"href":"https:\/\/qtour.org\/fr\/wp-json\/wp\/v2\/pages\/4500\/revisions"}],"up":[{"embeddable":true,"href":"https:\/\/qtour.org\/fr\/wp-json\/wp\/v2\/pages\/4358"}],"wp:attachment":[{"href":"https:\/\/qtour.org\/fr\/wp-json\/wp\/v2\/media?parent=4500"}],"wp:term":[{"taxonomy":"post_tag","embeddable":true,"href":"https:\/\/qtour.org\/fr\/wp-json\/wp\/v2\/tags?post=4500"},{"taxonomy":"folder","embeddable":true,"href":"https:\/\/qtour.org\/fr\/wp-json\/wp\/v2\/folder?post=4500"}],"curies":[{"name":"wp","href":"https:\/\/api.w.org\/{rel}","templated":true}]}}