{"id":4448,"date":"2020-04-01T17:55:16","date_gmt":"2020-04-01T17:55:16","guid":{"rendered":"https:\/\/qtour.org\/?page_id=4448"},"modified":"2021-11-21T19:37:12","modified_gmt":"2021-11-21T19:37:12","slug":"zasto-se-saraju-jaja","status":"publish","type":"page","link":"https:\/\/qtour.org\/fr\/virtualni-postav-muzej-zupanja\/zasto-se-saraju-jaja\/","title":{"rendered":"Za\u0161to se \u0161araju jaja?"},"content":{"rendered":"\t\t<div data-elementor-type=\"wp-page\" data-elementor-id=\"4448\" class=\"elementor elementor-4448\">\n\t\t\t\t\t\t<section class=\"elementor-section elementor-top-section elementor-element elementor-element-fbf06dd elementor-section-boxed elementor-section-height-default elementor-section-height-default\" data-id=\"fbf06dd\" data-element_type=\"section\">\n\t\t\t\t\t\t<div class=\"elementor-container elementor-column-gap-default\">\n\t\t\t\t\t<div class=\"elementor-column elementor-col-100 elementor-top-column elementor-element elementor-element-db336ef\" data-id=\"db336ef\" data-element_type=\"column\" data-settings=\"{&quot;background_background&quot;:&quot;classic&quot;}\">\n\t\t\t<div class=\"elementor-widget-wrap elementor-element-populated\">\n\t\t\t\t\t\t<div class=\"elementor-element elementor-element-3a06963 elementor-widget elementor-widget-heading\" data-id=\"3a06963\" data-element_type=\"widget\" data-widget_type=\"heading.default\">\n\t\t\t\t<div class=\"elementor-widget-container\">\n\t\t\t\t\t<h2 class=\"elementor-heading-title elementor-size-default\">Za\u0161to se \u0161araju jaja?<\/h2>\t\t\t\t<\/div>\n\t\t\t\t<\/div>\n\t\t\t\t<div class=\"elementor-element elementor-element-6273110 elementor-widget elementor-widget-text-editor\" data-id=\"6273110\" data-element_type=\"widget\" data-widget_type=\"text-editor.default\">\n\t\t\t\t<div class=\"elementor-widget-container\">\n\t\t\t\t\t\t\t\t\t<p>Ako ste se ikada zapitali za\u0161to se \u0161araju (ukra\u0161avaju ili bojaju) jaja i za\u0161to ba\u0161 zec za Uskrs posje\u0107uje djecu, mo\u017eda \u0107e vam u pronalasku odgovora pomo\u0107i narodna predaja zabilje\u017eena u etnografskim istra\u017eivanjima u \u017dupanji.<\/p>\n<p>U svezi s obi\u010dajem \u0161aranja jaja i zecom koji ih donosi, etnolozi su u \u017dupanji otkrili zanimljivu predaju, koja ka\u017ee da je taj obi\u010daj zapravo sje\u0107anje na onaj dan kada su djeca, po nagovoru odraslih, bacala kamenje na Isusa. Usmena, narodna predaja ka\u017ee ovako: \u00ab\u00a0Kada bi kamen udario Isusa, pretvorio bi se u \u0161areno jaje pa se do danas jaja \u0161araju u spomen na taj dan.\u00a0\u00bb<\/p>\t\t\t\t\t\t\t\t<\/div>\n\t\t\t\t<\/div>\n\t\t\t\t<div class=\"elementor-element elementor-element-d8bc6ab elementor-widget elementor-widget-text-editor\" data-id=\"d8bc6ab\" data-element_type=\"widget\" data-widget_type=\"text-editor.default\">\n\t\t\t\t<div class=\"elementor-widget-container\">\n\t\t\t\t\t\t\t\t\t<p><\/p>\n<p>Prema istoj predaji, dolazak zeca se ve\u017ee s no\u0107i kada je Isus bdio u Getsemanskom vrtu (u podno\u017eju Maslinske gore u Jeruzalemu). Bio je vrlo usamljen i napu\u0161ten od svih, a onda je primijetio dva sjajna oka u mraku. To je bio zec koji ga je do\u0161ao razveseliti. Zato je njegova uloga i do danas ostala ista: uveseljavati djecu.<\/p>\n<p><\/p>\t\t\t\t\t\t\t\t<\/div>\n\t\t\t\t<\/div>\n\t\t\t\t<div class=\"elementor-element elementor-element-a19b373 elementor-view-default elementor-widget elementor-widget-icon\" data-id=\"a19b373\" data-element_type=\"widget\" data-widget_type=\"icon.default\">\n\t\t\t\t<div class=\"elementor-widget-container\">\n\t\t\t\t\t\t\t<div class=\"elementor-icon-wrapper\">\n\t\t\t<a class=\"elementor-icon\" href=\"https:\/\/qtour.org\/virtualni-postav-muzej-zupanja\/2d-izlozba\/#izlozba-3\">\n\t\t\t<i aria-hidden=\"true\" class=\"fas fa-long-arrow-alt-left\"><\/i>\t\t\t<\/a>\n\t\t<\/div>\n\t\t\t\t\t\t<\/div>\n\t\t\t\t<\/div>\n\t\t\t\t<div class=\"elementor-element elementor-element-bb52338 elementor-widget elementor-widget-text-editor\" data-id=\"bb52338\" data-element_type=\"widget\" data-widget_type=\"text-editor.default\">\n\t\t\t\t<div class=\"elementor-widget-container\">\n\t\t\t\t\t\t\t\t\t<p><a href=\"https:\/\/qtour.org\/virtualni-postav-muzej-zupanja\/2d-izlozba\/#izlozba-3\">NATRAG<\/a><\/p>\t\t\t\t\t\t\t\t<\/div>\n\t\t\t\t<\/div>\n\t\t\t\t\t<\/div>\n\t\t<\/div>\n\t\t\t\t\t<\/div>\n\t\t<\/section>\n\t\t\t\t<\/div>\n\t\t","protected":false},"excerpt":{"rendered":"<p>Za\u0161to se \u0161araju jaja? Ako ste se ikada zapitali za\u0161to se \u0161araju (ukra\u0161avaju ili bojaju) jaja i za\u0161to ba\u0161 zec za Uskrs posje\u0107uje djecu, mo\u017eda \u0107e vam u pronalasku odgovora pomo\u0107i narodna predaja zabilje\u017eena u etnografskim istra\u017eivanjima u \u017dupanji. U svezi s obi\u010dajem \u0161aranja jaja i zecom koji ih donosi, etnolozi su u \u017dupanji otkrili&hellip;&nbsp;<a href=\"https:\/\/qtour.org\/fr\/virtualni-postav-muzej-zupanja\/zasto-se-saraju-jaja\/\" class=\"\" rel=\"bookmark\">Read More &raquo;<span class=\"screen-reader-text\">Za\u0161to se \u0161araju jaja?<\/span><\/a><\/p>\n","protected":false},"author":1,"featured_media":0,"parent":4358,"menu_order":0,"comment_status":"closed","ping_status":"closed","template":"elementor_header_footer","meta":{"footnotes":""},"tags":[],"folder":[9],"class_list":["post-4448","page","type-page","status-publish","hentry"],"_links":{"self":[{"href":"https:\/\/qtour.org\/fr\/wp-json\/wp\/v2\/pages\/4448","targetHints":{"allow":["GET"]}}],"collection":[{"href":"https:\/\/qtour.org\/fr\/wp-json\/wp\/v2\/pages"}],"about":[{"href":"https:\/\/qtour.org\/fr\/wp-json\/wp\/v2\/types\/page"}],"author":[{"embeddable":true,"href":"https:\/\/qtour.org\/fr\/wp-json\/wp\/v2\/users\/1"}],"replies":[{"embeddable":true,"href":"https:\/\/qtour.org\/fr\/wp-json\/wp\/v2\/comments?post=4448"}],"version-history":[{"count":0,"href":"https:\/\/qtour.org\/fr\/wp-json\/wp\/v2\/pages\/4448\/revisions"}],"up":[{"embeddable":true,"href":"https:\/\/qtour.org\/fr\/wp-json\/wp\/v2\/pages\/4358"}],"wp:attachment":[{"href":"https:\/\/qtour.org\/fr\/wp-json\/wp\/v2\/media?parent=4448"}],"wp:term":[{"taxonomy":"post_tag","embeddable":true,"href":"https:\/\/qtour.org\/fr\/wp-json\/wp\/v2\/tags?post=4448"},{"taxonomy":"folder","embeddable":true,"href":"https:\/\/qtour.org\/fr\/wp-json\/wp\/v2\/folder?post=4448"}],"curies":[{"name":"wp","href":"https:\/\/api.w.org\/{rel}","templated":true}]}}