{"id":4320,"date":"2020-04-01T10:12:46","date_gmt":"2020-04-01T10:12:46","guid":{"rendered":"https:\/\/qtour.org\/?page_id=4320"},"modified":"2021-11-21T19:23:48","modified_gmt":"2021-11-21T19:23:48","slug":"agencija","status":"publish","type":"page","link":"https:\/\/qtour.org\/fr\/virtualni-postav-muzej-zupanja\/agencija\/","title":{"rendered":"Agencija"},"content":{"rendered":"\t\t<div data-elementor-type=\"wp-page\" data-elementor-id=\"4320\" class=\"elementor elementor-4320\">\n\t\t\t\t\t\t<section class=\"elementor-section elementor-top-section elementor-element elementor-element-e6f3bb1 elementor-section-boxed elementor-section-height-default elementor-section-height-default\" data-id=\"e6f3bb1\" data-element_type=\"section\">\n\t\t\t\t\t\t<div class=\"elementor-container elementor-column-gap-default\">\n\t\t\t\t\t<div class=\"elementor-column elementor-col-100 elementor-top-column elementor-element elementor-element-65843ff\" data-id=\"65843ff\" data-element_type=\"column\" data-settings=\"{&quot;background_background&quot;:&quot;classic&quot;}\">\n\t\t\t<div class=\"elementor-widget-wrap elementor-element-populated\">\n\t\t\t\t\t\t<div class=\"elementor-element elementor-element-5798330 elementor-widget elementor-widget-heading\" data-id=\"5798330\" data-element_type=\"widget\" data-widget_type=\"heading.default\">\n\t\t\t\t<div class=\"elementor-widget-container\">\n\t\t\t\t\t<h2 class=\"elementor-heading-title elementor-size-default\">Agencija<\/h2>\t\t\t\t<\/div>\n\t\t\t\t<\/div>\n\t\t\t\t<div class=\"elementor-element elementor-element-1ef375c elementor-widget elementor-widget-text-editor\" data-id=\"1ef375c\" data-element_type=\"widget\" data-widget_type=\"text-editor.default\">\n\t\t\t\t<div class=\"elementor-widget-container\">\n\t\t\t\t\t\t\t\t\t<p>Stalni postav Etnolo\u0161koga odjela u Zavi\u010dajnom muzeju Stjepana Grubera u \u017dupanji predstavlja najzna\u010dajnije dijelove tradicijske kulture \u017eupanjske Posavine od kraja 19. stolje\u0107a do sredine 20. stolje\u0107a. Smje\u0161ten je u jednoj od triju zgrada Muzeja tj., biv\u0161oj zgradi parobrodske postaje koju danas nazivamo Agencija. Agencija je gra\u0111ena sredinom 19. stolje\u0107a u vrijeme kada je Savom na stalnoj liniji od Siska do Zemuna plovio prvi hrvatski parobrod \u201eSloga\u201c.<br><\/p>\t\t\t\t\t\t\t\t<\/div>\n\t\t\t\t<\/div>\n\t\t\t\t<div class=\"elementor-element elementor-element-85d1443 elementor-widget elementor-widget-video\" data-id=\"85d1443\" data-element_type=\"widget\" data-settings=\"{&quot;youtube_url&quot;:&quot;https:\\\/\\\/www.youtube.com\\\/watch?v=mq4sOsE5wRc&quot;,&quot;video_type&quot;:&quot;youtube&quot;,&quot;controls&quot;:&quot;yes&quot;}\" data-widget_type=\"video.default\">\n\t\t\t\t<div class=\"elementor-widget-container\">\n\t\t\t\t\t\t\t<div class=\"elementor-wrapper elementor-open-inline\">\n\t\t\t<div class=\"elementor-video\"><\/div>\t\t<\/div>\n\t\t\t\t\t\t<\/div>\n\t\t\t\t<\/div>\n\t\t\t\t<div class=\"elementor-element elementor-element-3279788 elementor-widget elementor-widget-text-editor\" data-id=\"3279788\" data-element_type=\"widget\" data-widget_type=\"text-editor.default\">\n\t\t\t\t<div class=\"elementor-widget-container\">\n\t\t\t\t\t\t\t\t\t<p>Primarne teme u koncepciji Etnolo\u0161koga postava su razvrstane prema godi\u0161njim dobima (obi\u010dajima kroz godinu), ali i prema \u017eivotnim obi\u010dajima (od ro\u0111enja do smrti). Unutar tih tema predo\u010deni su mnogobrojni etnolo\u0161ki predmeti koje su starosjedioci, hrvatsko stanovni\u0161tvo katoli\u010dke vjeroispovijesti \u2013 \u0160okci s podru\u010dja \u017eupanjske Posavine koristili pri obavljanju svakodnevnih ili povremenih poslova u doma\u0107instvu.<\/p>\n<p>Postavom je uglavnom obuhva\u0107eno vremensko razdoblje od sredine 19. do polovice 20 stolje\u0107a. Izlo\u017ebeni prostor postava se prote\u017ee u dvije izlo\u017ebene prostorije u prizemlju te unutar potkrovlja. U prizemlju se nalaze odjeljci s insceniranim prikazima narodnih obi\u010daja kroz \u010detiri godi\u0161nja doba te prezentacija tematske cjeline \u017eivotnih obi\u010daja, a u izlo\u017ebenom prostoru potkrovlja obra\u0111ena je tema tradicijskog rukotvorstva, uz rekonstrukciju nekoliko zanatskih radionica.<br><\/p>\n<p>Autori Stalnoga postava su mr. sc. Janja Juzba\u0161i\u0107, za stru\u010dni dio, te doc. mr. sc. Mario Beusan, za prostorno i likovno rje\u0161enje.<br><\/p>\t\t\t\t\t\t\t\t<\/div>\n\t\t\t\t<\/div>\n\t\t\t\t<div class=\"elementor-element elementor-element-710a56b elementor-view-default elementor-widget elementor-widget-icon\" data-id=\"710a56b\" data-element_type=\"widget\" data-widget_type=\"icon.default\">\n\t\t\t\t<div class=\"elementor-widget-container\">\n\t\t\t\t\t\t\t<div class=\"elementor-icon-wrapper\">\n\t\t\t<a class=\"elementor-icon\" href=\"https:\/\/qtour.org\/virtualni-postav-muzej-zupanja\/2d-izlozba\/#izlozba-1\">\n\t\t\t<i aria-hidden=\"true\" class=\"fas fa-long-arrow-alt-left\"><\/i>\t\t\t<\/a>\n\t\t<\/div>\n\t\t\t\t\t\t<\/div>\n\t\t\t\t<\/div>\n\t\t\t\t<div class=\"elementor-element elementor-element-fa3d004 elementor-widget elementor-widget-text-editor\" data-id=\"fa3d004\" data-element_type=\"widget\" data-widget_type=\"text-editor.default\">\n\t\t\t\t<div class=\"elementor-widget-container\">\n\t\t\t\t\t\t\t\t\t<p><a href=\"https:\/\/qtour.org\/virtualni-postav-muzej-zupanja\/2d-izlozba\/#izlozba-1\">NATRAG<\/a><\/p>\t\t\t\t\t\t\t\t<\/div>\n\t\t\t\t<\/div>\n\t\t\t\t\t<\/div>\n\t\t<\/div>\n\t\t\t\t\t<\/div>\n\t\t<\/section>\n\t\t\t\t<\/div>\n\t\t","protected":false},"excerpt":{"rendered":"<p>Agencija Stalni postav Etnolo\u0161koga odjela u Zavi\u010dajnom muzeju Stjepana Grubera u \u017dupanji predstavlja najzna\u010dajnije dijelove tradicijske kulture \u017eupanjske Posavine od kraja 19. stolje\u0107a do sredine 20. stolje\u0107a. Smje\u0161ten je u jednoj od triju zgrada Muzeja tj., biv\u0161oj zgradi parobrodske postaje koju danas nazivamo Agencija. Agencija je gra\u0111ena sredinom 19. stolje\u0107a u vrijeme kada je Savom&hellip;&nbsp;<a href=\"https:\/\/qtour.org\/fr\/virtualni-postav-muzej-zupanja\/agencija\/\" class=\"\" rel=\"bookmark\">Read More &raquo;<span class=\"screen-reader-text\">Agencija<\/span><\/a><\/p>\n","protected":false},"author":1,"featured_media":0,"parent":4358,"menu_order":0,"comment_status":"closed","ping_status":"closed","template":"elementor_header_footer","meta":{"footnotes":""},"tags":[],"folder":[9],"class_list":["post-4320","page","type-page","status-publish","hentry"],"_links":{"self":[{"href":"https:\/\/qtour.org\/fr\/wp-json\/wp\/v2\/pages\/4320","targetHints":{"allow":["GET"]}}],"collection":[{"href":"https:\/\/qtour.org\/fr\/wp-json\/wp\/v2\/pages"}],"about":[{"href":"https:\/\/qtour.org\/fr\/wp-json\/wp\/v2\/types\/page"}],"author":[{"embeddable":true,"href":"https:\/\/qtour.org\/fr\/wp-json\/wp\/v2\/users\/1"}],"replies":[{"embeddable":true,"href":"https:\/\/qtour.org\/fr\/wp-json\/wp\/v2\/comments?post=4320"}],"version-history":[{"count":0,"href":"https:\/\/qtour.org\/fr\/wp-json\/wp\/v2\/pages\/4320\/revisions"}],"up":[{"embeddable":true,"href":"https:\/\/qtour.org\/fr\/wp-json\/wp\/v2\/pages\/4358"}],"wp:attachment":[{"href":"https:\/\/qtour.org\/fr\/wp-json\/wp\/v2\/media?parent=4320"}],"wp:term":[{"taxonomy":"post_tag","embeddable":true,"href":"https:\/\/qtour.org\/fr\/wp-json\/wp\/v2\/tags?post=4320"},{"taxonomy":"folder","embeddable":true,"href":"https:\/\/qtour.org\/fr\/wp-json\/wp\/v2\/folder?post=4320"}],"curies":[{"name":"wp","href":"https:\/\/api.w.org\/{rel}","templated":true}]}}