{"id":4886,"date":"2020-04-05T12:42:31","date_gmt":"2020-04-05T12:42:31","guid":{"rendered":"https:\/\/qtour.org\/?page_id=4886"},"modified":"2021-11-21T19:31:20","modified_gmt":"2021-11-21T19:31:20","slug":"2d-izlozba","status":"publish","type":"page","link":"https:\/\/qtour.org\/en\/virtualni-postav-muzej-zupanja\/2d-izlozba\/","title":{"rendered":"Stalni postav Etnolo\u0161kog odjela &#8211; 2D"},"content":{"rendered":"\t\t<div data-elementor-type=\"wp-page\" data-elementor-id=\"4886\" class=\"elementor elementor-4886\">\n\t\t\t\t\t\t<section class=\"elementor-section elementor-top-section elementor-element elementor-element-bc88fcf elementor-section-stretched elementor-section-height-full elementor-section-boxed elementor-section-height-default elementor-section-items-middle\" data-id=\"bc88fcf\" data-element_type=\"section\" data-settings=\"{&quot;stretch_section&quot;:&quot;section-stretched&quot;,&quot;background_background&quot;:&quot;classic&quot;}\">\n\t\t\t\t\t\t<div class=\"elementor-container elementor-column-gap-default\">\n\t\t\t\t\t<div class=\"elementor-column elementor-col-100 elementor-top-column elementor-element elementor-element-9bbb7f9\" data-id=\"9bbb7f9\" data-element_type=\"column\">\n\t\t\t<div class=\"elementor-widget-wrap elementor-element-populated\">\n\t\t\t\t\t\t<div class=\"elementor-element elementor-element-555c472 elementor-hidden-tablet elementor-hidden-phone elementor-widget elementor-widget-text-editor\" data-id=\"555c472\" data-element_type=\"widget\" data-widget_type=\"text-editor.default\">\n\t\t\t\t<div class=\"elementor-widget-container\">\n\t\t\t\t\t\t\t\t\t<p>Kretanje: strelicama na tipkovnici, kota\u010di\u0107em mi\u0161a, pritiskom na strelice ili povla\u010denjem.<\/p>\t\t\t\t\t\t\t\t<\/div>\n\t\t\t\t<\/div>\n\t\t\t\t<div class=\"elementor-element elementor-element-4276537 elementor-view-default elementor-widget elementor-widget-icon\" data-id=\"4276537\" data-element_type=\"widget\" data-widget_type=\"icon.default\">\n\t\t\t\t<div class=\"elementor-widget-container\">\n\t\t\t\t\t\t\t<div class=\"elementor-icon-wrapper\">\n\t\t\t<a class=\"elementor-icon\" href=\"https:\/\/qtour.org\/virtualni-postav-muzej-zupanja\/\">\n\t\t\t<i aria-hidden=\"true\" class=\"fas fa-long-arrow-alt-left\"><\/i>\t\t\t<\/a>\n\t\t<\/div>\n\t\t\t\t\t\t<\/div>\n\t\t\t\t<\/div>\n\t\t\t\t<div class=\"elementor-element elementor-element-6a3335a elementor-widget elementor-widget-text-editor\" data-id=\"6a3335a\" data-element_type=\"widget\" data-widget_type=\"text-editor.default\">\n\t\t\t\t<div class=\"elementor-widget-container\">\n\t\t\t\t\t\t\t\t\t<p><a href=\"https:\/\/qtour.org\/virtualni-postav-muzej-zupanja\/\">NATRAG<\/a><\/p>\t\t\t\t\t\t\t\t<\/div>\n\t\t\t\t<\/div>\n\t\t\t\t\t<\/div>\n\t\t<\/div>\n\t\t\t\t\t<\/div>\n\t\t<\/section>\n\t\t\t\t<\/div>\n\t\t","protected":false},"excerpt":{"rendered":"<p>Kretanje: strelicama na tipkovnici, kota\u010di\u0107em mi\u0161a, pritiskom na strelice ili povla\u010denjem. NATRAG<\/p>\n","protected":false},"author":1,"featured_media":0,"parent":4358,"menu_order":0,"comment_status":"closed","ping_status":"closed","template":"elementor_header_footer","meta":{"footnotes":""},"tags":[],"folder":[9],"class_list":["post-4886","page","type-page","status-publish","hentry"],"_links":{"self":[{"href":"https:\/\/qtour.org\/en\/wp-json\/wp\/v2\/pages\/4886","targetHints":{"allow":["GET"]}}],"collection":[{"href":"https:\/\/qtour.org\/en\/wp-json\/wp\/v2\/pages"}],"about":[{"href":"https:\/\/qtour.org\/en\/wp-json\/wp\/v2\/types\/page"}],"author":[{"embeddable":true,"href":"https:\/\/qtour.org\/en\/wp-json\/wp\/v2\/users\/1"}],"replies":[{"embeddable":true,"href":"https:\/\/qtour.org\/en\/wp-json\/wp\/v2\/comments?post=4886"}],"version-history":[{"count":0,"href":"https:\/\/qtour.org\/en\/wp-json\/wp\/v2\/pages\/4886\/revisions"}],"up":[{"embeddable":true,"href":"https:\/\/qtour.org\/en\/wp-json\/wp\/v2\/pages\/4358"}],"wp:attachment":[{"href":"https:\/\/qtour.org\/en\/wp-json\/wp\/v2\/media?parent=4886"}],"wp:term":[{"taxonomy":"post_tag","embeddable":true,"href":"https:\/\/qtour.org\/en\/wp-json\/wp\/v2\/tags?post=4886"},{"taxonomy":"folder","embeddable":true,"href":"https:\/\/qtour.org\/en\/wp-json\/wp\/v2\/folder?post=4886"}],"curies":[{"name":"wp","href":"https:\/\/api.w.org\/{rel}","templated":true}]}}