{"id":4710,"date":"2020-04-02T18:41:23","date_gmt":"2020-04-02T18:41:23","guid":{"rendered":"https:\/\/qtour.org\/?page_id=4710"},"modified":"2020-10-14T10:44:47","modified_gmt":"2020-10-14T10:44:47","slug":"otarak","status":"publish","type":"page","link":"https:\/\/qtour.org\/en\/virtualni-postav-muzej-zupanja\/otarak\/","title":{"rendered":"Otarak"},"content":{"rendered":"\t\t<div data-elementor-type=\"wp-page\" data-elementor-id=\"4710\" class=\"elementor elementor-4710\">\n\t\t\t\t\t\t<section class=\"elementor-section elementor-top-section elementor-element elementor-element-018c960 elementor-section-boxed elementor-section-height-default elementor-section-height-default\" data-id=\"018c960\" data-element_type=\"section\">\n\t\t\t\t\t\t<div class=\"elementor-container elementor-column-gap-default\">\n\t\t\t\t\t<div class=\"elementor-column elementor-col-100 elementor-top-column elementor-element elementor-element-6f5c5df\" data-id=\"6f5c5df\" data-element_type=\"column\" data-settings=\"{&quot;background_background&quot;:&quot;classic&quot;}\">\n\t\t\t<div class=\"elementor-widget-wrap elementor-element-populated\">\n\t\t\t\t\t\t<div class=\"elementor-element elementor-element-549d407 elementor-widget elementor-widget-heading\" data-id=\"549d407\" data-element_type=\"widget\" data-widget_type=\"heading.default\">\n\t\t\t\t<div class=\"elementor-widget-container\">\n\t\t\t\t\t<h2 class=\"elementor-heading-title elementor-size-default\">Otarak<\/h2>\t\t\t\t<\/div>\n\t\t\t\t<\/div>\n\t\t\t\t<div class=\"elementor-element elementor-element-1049c45 elementor-widget elementor-widget-text-editor\" data-id=\"1049c45\" data-element_type=\"widget\" data-widget_type=\"text-editor.default\">\n\t\t\t\t<div class=\"elementor-widget-container\">\n\t\t\t\t\t\t\t\t\t<p>\u201eOtarak\u201c ili \u201epe\u0161kir\u201c je naziv za tradicijski ru\u010dnik napravljen od doma\u0107ega platna, istkanog \u201eudaske\u201c ili ure\u0161en razli\u010ditim plosnim i drugim vezovima. Primjena mu je bila \u0161arolika i raznovrsna. U najmanjim verzijama slu\u017eio je za ukra\u0161avanje \u010duturica, svatovskih palica, ne\u0161to ve\u0107ima prekrivale su se ko\u0161are s hranom, mogao je slu\u017eiti kao pokrivalo za glavu, svatovski rubac, \u2026<\/p>\t\t\t\t\t\t\t\t<\/div>\n\t\t\t\t<\/div>\n\t\t\t\t<div class=\"elementor-element elementor-element-2b00539 elementor-widget elementor-widget-text-editor\" data-id=\"2b00539\" data-element_type=\"widget\" data-widget_type=\"text-editor.default\">\n\t\t\t\t<div class=\"elementor-widget-container\">\n\t\t\t\t\t\t\t\t\t<p><\/p>\n<p>\u201eOtarak\u201c u ovoj vitrini, ure\u0161en je pri tkanju utkanim svilenim kocemu boji. U sredi\u0161njem dijelu dominira motiv ru\u017ee u crvenoj, zelenoj, ru\u017ei\u010dastoj i plavoj boji.Oko ru\u017ea je motiv stiliziranoga li\u0161\u0107a u crvenoj,\u017eutoj i plavoj boji. Iznad poruba u\u0161iven je uski kupovni trak u obliku vijugaste linije, a na rubovima je na\u0161iveno platno ure\u0161eno bu\u0161enim vezom (strojno opletene niti -\u201e\u0161lingom\u201c i \u201eri\u0161aljeom\u201c). Otarak izlo\u017een u vitrini muzej je otkupio 1986. godine od Ane Petri\u010devi\u0107. Mjesto i vrijeme izrade: Babina Greda, po\u010detak 20. st.<\/p>\n<p><\/p>\t\t\t\t\t\t\t\t<\/div>\n\t\t\t\t<\/div>\n\t\t\t\t<div class=\"elementor-element elementor-element-5509e71 elementor-view-default elementor-widget elementor-widget-icon\" data-id=\"5509e71\" data-element_type=\"widget\" data-widget_type=\"icon.default\">\n\t\t\t\t<div class=\"elementor-widget-container\">\n\t\t\t\t\t\t\t<div class=\"elementor-icon-wrapper\">\n\t\t\t<a class=\"elementor-icon\" href=\"https:\/\/qtour.org\/virtualni-postav-muzej-zupanja\/mladenci\/#izdvojeno\">\n\t\t\t<i aria-hidden=\"true\" class=\"fas fa-long-arrow-alt-left\"><\/i>\t\t\t<\/a>\n\t\t<\/div>\n\t\t\t\t\t\t<\/div>\n\t\t\t\t<\/div>\n\t\t\t\t<div class=\"elementor-element elementor-element-c9e66f6 elementor-widget elementor-widget-text-editor\" data-id=\"c9e66f6\" data-element_type=\"widget\" data-widget_type=\"text-editor.default\">\n\t\t\t\t<div class=\"elementor-widget-container\">\n\t\t\t\t\t\t\t\t\t<p><a href=\"https:\/\/qtour.org\/virtualni-postav-muzej-zupanja\/mladenci\/#izdvojeno\">NATRAG<\/a><\/p>\t\t\t\t\t\t\t\t<\/div>\n\t\t\t\t<\/div>\n\t\t\t\t\t<\/div>\n\t\t<\/div>\n\t\t\t\t\t<\/div>\n\t\t<\/section>\n\t\t\t\t<\/div>\n\t\t","protected":false},"excerpt":{"rendered":"<p>Otarak \u201eOtarak\u201c ili \u201epe\u0161kir\u201c je naziv za tradicijski ru\u010dnik napravljen od doma\u0107ega platna, istkanog \u201eudaske\u201c ili ure\u0161en razli\u010ditim plosnim i drugim vezovima. Primjena mu je bila \u0161arolika i raznovrsna. U najmanjim verzijama slu\u017eio je za ukra\u0161avanje \u010duturica, svatovskih palica, ne\u0161to ve\u0107ima prekrivale su se ko\u0161are s hranom, mogao je slu\u017eiti kao pokrivalo za glavu, svatovski&hellip;&nbsp;<a href=\"https:\/\/qtour.org\/en\/virtualni-postav-muzej-zupanja\/otarak\/\" class=\"\" rel=\"bookmark\">Read More &raquo;<span class=\"screen-reader-text\">Otarak<\/span><\/a><\/p>\n","protected":false},"author":1,"featured_media":0,"parent":4358,"menu_order":0,"comment_status":"closed","ping_status":"closed","template":"elementor_header_footer","meta":{"footnotes":""},"tags":[],"folder":[9],"class_list":["post-4710","page","type-page","status-publish","hentry"],"_links":{"self":[{"href":"https:\/\/qtour.org\/en\/wp-json\/wp\/v2\/pages\/4710","targetHints":{"allow":["GET"]}}],"collection":[{"href":"https:\/\/qtour.org\/en\/wp-json\/wp\/v2\/pages"}],"about":[{"href":"https:\/\/qtour.org\/en\/wp-json\/wp\/v2\/types\/page"}],"author":[{"embeddable":true,"href":"https:\/\/qtour.org\/en\/wp-json\/wp\/v2\/users\/1"}],"replies":[{"embeddable":true,"href":"https:\/\/qtour.org\/en\/wp-json\/wp\/v2\/comments?post=4710"}],"version-history":[{"count":0,"href":"https:\/\/qtour.org\/en\/wp-json\/wp\/v2\/pages\/4710\/revisions"}],"up":[{"embeddable":true,"href":"https:\/\/qtour.org\/en\/wp-json\/wp\/v2\/pages\/4358"}],"wp:attachment":[{"href":"https:\/\/qtour.org\/en\/wp-json\/wp\/v2\/media?parent=4710"}],"wp:term":[{"taxonomy":"post_tag","embeddable":true,"href":"https:\/\/qtour.org\/en\/wp-json\/wp\/v2\/tags?post=4710"},{"taxonomy":"folder","embeddable":true,"href":"https:\/\/qtour.org\/en\/wp-json\/wp\/v2\/folder?post=4710"}],"curies":[{"name":"wp","href":"https:\/\/api.w.org\/{rel}","templated":true}]}}