{"id":4670,"date":"2020-04-02T18:18:38","date_gmt":"2020-04-02T18:18:38","guid":{"rendered":"https:\/\/qtour.org\/?page_id=4670"},"modified":"2021-11-21T19:37:36","modified_gmt":"2021-11-21T19:37:36","slug":"zlatovez","status":"publish","type":"page","link":"https:\/\/qtour.org\/en\/virtualni-postav-muzej-zupanja\/zlatovez\/","title":{"rendered":"Zlatovez"},"content":{"rendered":"\t\t<div data-elementor-type=\"wp-page\" data-elementor-id=\"4670\" class=\"elementor elementor-4670\">\n\t\t\t\t\t\t<section class=\"elementor-section elementor-top-section elementor-element elementor-element-d6d7ffa elementor-section-boxed elementor-section-height-default elementor-section-height-default\" data-id=\"d6d7ffa\" data-element_type=\"section\">\n\t\t\t\t\t\t<div class=\"elementor-container elementor-column-gap-default\">\n\t\t\t\t\t<div class=\"elementor-column elementor-col-100 elementor-top-column elementor-element elementor-element-c62c7d9\" data-id=\"c62c7d9\" data-element_type=\"column\" data-settings=\"{&quot;background_background&quot;:&quot;classic&quot;}\">\n\t\t\t<div class=\"elementor-widget-wrap elementor-element-populated\">\n\t\t\t\t\t\t<div class=\"elementor-element elementor-element-26874e6 elementor-widget elementor-widget-heading\" data-id=\"26874e6\" data-element_type=\"widget\" data-widget_type=\"heading.default\">\n\t\t\t\t<div class=\"elementor-widget-container\">\n\t\t\t\t\t<h2 class=\"elementor-heading-title elementor-size-default\">Zlatovez<\/h2>\t\t\t\t<\/div>\n\t\t\t\t<\/div>\n\t\t\t\t<div class=\"elementor-element elementor-element-d7cee6e elementor-widget elementor-widget-text-editor\" data-id=\"d7cee6e\" data-element_type=\"widget\" data-widget_type=\"text-editor.default\">\n\t\t\t\t<div class=\"elementor-widget-container\">\n\t\t\t\t\t\t\t\t\t<p>Vez zlatom pojavio se u 19. stolje\u0107u, a bio je znak presti\u017ea pojedinih seoskih obitelji, jer su tim vezom ukra\u0161avali najsve\u010danije djevoja\u010dko i moma\u010dko ruho. Prije tih vezova na selu, zlatovez se radio samo na dvorovima, crkvama i u plemi\u0107kim obiteljima. Zabilje\u017eene su tri tradicijske tehnike izvedbe zlatoveza: plosni vezovi zlatnom niti \u2013 zlatovez zvan \u201enaskroz\u201c, zlatovez preko papirnate podloge i uvo\u0111enje zlatne niti u tkanje.<\/p>\t\t\t\t\t\t\t\t<\/div>\n\t\t\t\t<\/div>\n\t\t\t\t<div class=\"elementor-element elementor-element-57bb340 elementor-widget elementor-widget-video\" data-id=\"57bb340\" data-element_type=\"widget\" data-settings=\"{&quot;youtube_url&quot;:&quot;https:\\\/\\\/www.youtube.com\\\/watch?v=IknFY8UU-H4&amp;feature=emb_title&quot;,&quot;video_type&quot;:&quot;youtube&quot;,&quot;controls&quot;:&quot;yes&quot;}\" data-widget_type=\"video.default\">\n\t\t\t\t<div class=\"elementor-widget-container\">\n\t\t\t\t\t\t\t<div class=\"elementor-wrapper elementor-open-inline\">\n\t\t\t<div class=\"elementor-video\"><\/div>\t\t<\/div>\n\t\t\t\t\t\t<\/div>\n\t\t\t\t<\/div>\n\t\t\t\t<div class=\"elementor-element elementor-element-640c05c elementor-widget elementor-widget-text-editor\" data-id=\"640c05c\" data-element_type=\"widget\" data-widget_type=\"text-editor.default\">\n\t\t\t\t<div class=\"elementor-widget-container\">\n\t\t\t\t\t\t\t\t\t<p>Uz zlatovez se vrlo \u010desto, gotovo neizostavno, pojavljuju i mnogobrojne vrste aplikacija. To su razli\u010dite vrste sitnih okruglih ili plo\u0161nih perlica koje su prvotno bile napravljene od stakla u srebrnoj i zlatnoj boji, a koje su se vrlo lijepo slagale sa svim vrstama zlatnih niti.<\/p>\t\t\t\t\t\t\t\t<\/div>\n\t\t\t\t<\/div>\n\t\t\t\t<div class=\"elementor-element elementor-element-418f90e elementor-view-default elementor-widget elementor-widget-icon\" data-id=\"418f90e\" data-element_type=\"widget\" data-widget_type=\"icon.default\">\n\t\t\t\t<div class=\"elementor-widget-container\">\n\t\t\t\t\t\t\t<div class=\"elementor-icon-wrapper\">\n\t\t\t<a class=\"elementor-icon\" href=\"https:\/\/qtour.org\/virtualni-postav-muzej-zupanja\/2d-izlozba\/#izlozba-11\">\n\t\t\t<i aria-hidden=\"true\" class=\"fas fa-long-arrow-alt-left\"><\/i>\t\t\t<\/a>\n\t\t<\/div>\n\t\t\t\t\t\t<\/div>\n\t\t\t\t<\/div>\n\t\t\t\t<div class=\"elementor-element elementor-element-831de54 elementor-widget elementor-widget-text-editor\" data-id=\"831de54\" data-element_type=\"widget\" data-widget_type=\"text-editor.default\">\n\t\t\t\t<div class=\"elementor-widget-container\">\n\t\t\t\t\t\t\t\t\t<p><a href=\"https:\/\/qtour.org\/virtualni-postav-muzej-zupanja\/2d-izlozba\/#izlozba-11\">NATRAG<\/a><\/p>\t\t\t\t\t\t\t\t<\/div>\n\t\t\t\t<\/div>\n\t\t\t\t\t<\/div>\n\t\t<\/div>\n\t\t\t\t\t<\/div>\n\t\t<\/section>\n\t\t\t\t<\/div>\n\t\t","protected":false},"excerpt":{"rendered":"<p>Zlatovez Vez zlatom pojavio se u 19. stolje\u0107u, a bio je znak presti\u017ea pojedinih seoskih obitelji, jer su tim vezom ukra\u0161avali najsve\u010danije djevoja\u010dko i moma\u010dko ruho. Prije tih vezova na selu, zlatovez se radio samo na dvorovima, crkvama i u plemi\u0107kim obiteljima. Zabilje\u017eene su tri tradicijske tehnike izvedbe zlatoveza: plosni vezovi zlatnom niti \u2013 zlatovez&hellip;&nbsp;<a href=\"https:\/\/qtour.org\/en\/virtualni-postav-muzej-zupanja\/zlatovez\/\" class=\"\" rel=\"bookmark\">Read More &raquo;<span class=\"screen-reader-text\">Zlatovez<\/span><\/a><\/p>\n","protected":false},"author":1,"featured_media":0,"parent":4358,"menu_order":0,"comment_status":"closed","ping_status":"closed","template":"elementor_header_footer","meta":{"footnotes":""},"tags":[],"folder":[9],"class_list":["post-4670","page","type-page","status-publish","hentry"],"_links":{"self":[{"href":"https:\/\/qtour.org\/en\/wp-json\/wp\/v2\/pages\/4670","targetHints":{"allow":["GET"]}}],"collection":[{"href":"https:\/\/qtour.org\/en\/wp-json\/wp\/v2\/pages"}],"about":[{"href":"https:\/\/qtour.org\/en\/wp-json\/wp\/v2\/types\/page"}],"author":[{"embeddable":true,"href":"https:\/\/qtour.org\/en\/wp-json\/wp\/v2\/users\/1"}],"replies":[{"embeddable":true,"href":"https:\/\/qtour.org\/en\/wp-json\/wp\/v2\/comments?post=4670"}],"version-history":[{"count":0,"href":"https:\/\/qtour.org\/en\/wp-json\/wp\/v2\/pages\/4670\/revisions"}],"up":[{"embeddable":true,"href":"https:\/\/qtour.org\/en\/wp-json\/wp\/v2\/pages\/4358"}],"wp:attachment":[{"href":"https:\/\/qtour.org\/en\/wp-json\/wp\/v2\/media?parent=4670"}],"wp:term":[{"taxonomy":"post_tag","embeddable":true,"href":"https:\/\/qtour.org\/en\/wp-json\/wp\/v2\/tags?post=4670"},{"taxonomy":"folder","embeddable":true,"href":"https:\/\/qtour.org\/en\/wp-json\/wp\/v2\/folder?post=4670"}],"curies":[{"name":"wp","href":"https:\/\/api.w.org\/{rel}","templated":true}]}}