{"id":4517,"date":"2020-04-02T12:10:20","date_gmt":"2020-04-02T12:10:20","guid":{"rendered":"https:\/\/qtour.org\/?page_id=4517"},"modified":"2020-10-14T10:47:57","modified_gmt":"2020-10-14T10:47:57","slug":"zbanja","status":"publish","type":"page","link":"https:\/\/qtour.org\/en\/virtualni-postav-muzej-zupanja\/zbanja\/","title":{"rendered":"\u017dbanja"},"content":{"rendered":"\t\t<div data-elementor-type=\"wp-page\" data-elementor-id=\"4517\" class=\"elementor elementor-4517\">\n\t\t\t\t\t\t<section class=\"elementor-section elementor-top-section elementor-element elementor-element-77767dc elementor-section-boxed elementor-section-height-default elementor-section-height-default\" data-id=\"77767dc\" data-element_type=\"section\">\n\t\t\t\t\t\t<div class=\"elementor-container elementor-column-gap-default\">\n\t\t\t\t\t<div class=\"elementor-column elementor-col-100 elementor-top-column elementor-element elementor-element-c2ff118\" data-id=\"c2ff118\" data-element_type=\"column\" data-settings=\"{&quot;background_background&quot;:&quot;classic&quot;}\">\n\t\t\t<div class=\"elementor-widget-wrap elementor-element-populated\">\n\t\t\t\t\t\t<div class=\"elementor-element elementor-element-3baaa91 elementor-widget elementor-widget-heading\" data-id=\"3baaa91\" data-element_type=\"widget\" data-widget_type=\"heading.default\">\n\t\t\t\t<div class=\"elementor-widget-container\">\n\t\t\t\t\t<h2 class=\"elementor-heading-title elementor-size-default\">\u017dbanja<\/h2>\t\t\t\t<\/div>\n\t\t\t\t<\/div>\n\t\t\t\t<div class=\"elementor-element elementor-element-f9cb6c0 elementor-widget elementor-widget-text-editor\" data-id=\"f9cb6c0\" data-element_type=\"widget\" data-widget_type=\"text-editor.default\">\n\t\t\t\t<div class=\"elementor-widget-container\">\n\t\t\t\t\t\t\t\t\t<p>Ova se posuda u \u017eupanjskom kraju naziva \u201e\u017ebanja\u201c ili \u201e\u010dobanja\u201c. Na\u010dinjena je od drvenih da\u0161\u010dica (\u201edu\u017eica\u201c ) u\u010dvr\u0161\u0107enih \u017eeljeznim obru\u010dima i nalik je na smanjenu (plosnatu) ba\u010dvu.<\/p>\t\t\t\t\t\t\t\t<\/div>\n\t\t\t\t<\/div>\n\t\t\t\t<div class=\"elementor-element elementor-element-9bcba89 elementor-widget elementor-widget-image\" data-id=\"9bcba89\" data-element_type=\"widget\" data-widget_type=\"image.default\">\n\t\t\t\t<div class=\"elementor-widget-container\">\n\t\t\t\t\t\t\t\t\t\t\t\t\t\t\t\t<a href=\"https:\/\/qtour.org\/wp-content\/uploads\/2020\/04\/zbanja-2.jpg\" data-elementor-open-lightbox=\"yes\" data-e-action-hash=\"#elementor-action%3Aaction%3Dlightbox%26settings%3DeyJpZCI6NDUyMCwidXJsIjpmYWxzZX0%3D\">\n\t\t\t\t\t\t\t<img decoding=\"async\" src=\"https:\/\/qtour.org\/wp-content\/uploads\/2020\/04\/zbanja-2.jpg\" title=\"\" alt=\"\" loading=\"lazy\" \/>\t\t\t\t\t\t\t\t<\/a>\n\t\t\t\t\t\t\t\t\t\t\t\t\t\t\t<\/div>\n\t\t\t\t<\/div>\n\t\t\t\t<div class=\"elementor-element elementor-element-181c8eb elementor-widget elementor-widget-text-editor\" data-id=\"181c8eb\" data-element_type=\"widget\" data-widget_type=\"text-editor.default\">\n\t\t\t\t<div class=\"elementor-widget-container\">\n\t\t\t\t\t\t\t\t\t<p><\/p>\n<p>Valjkasta je oblika s u\u010dvr\u0161\u0107enim lancem na gornjem rubu, koji slu\u017ei za no\u0161enje. U ovoj posudi naj\u010de\u0161\u0107e se nosi voda u \u017eetvi. Pri poslu ili objedu, djeca su u \u017ebanji ili u kerami\u010dkoj posudi (\u201ekor\u0161ovu\u201c) s obli\u017enjeg bunara donosila hladnu vodu.<\/p>\n<p>Mjesto i vrijeme izrade: Vrbanja, po\u010detak 20 st.<\/p>\n<p><\/p>\t\t\t\t\t\t\t\t<\/div>\n\t\t\t\t<\/div>\n\t\t\t\t<div class=\"elementor-element elementor-element-eaf3a69 elementor-view-default elementor-widget elementor-widget-icon\" data-id=\"eaf3a69\" data-element_type=\"widget\" data-widget_type=\"icon.default\">\n\t\t\t\t<div class=\"elementor-widget-container\">\n\t\t\t\t\t\t\t<div class=\"elementor-icon-wrapper\">\n\t\t\t<a class=\"elementor-icon\" href=\"https:\/\/qtour.org\/virtualni-postav-muzej-zupanja\/zetva\/#izdvojeno\">\n\t\t\t<i aria-hidden=\"true\" class=\"fas fa-long-arrow-alt-left\"><\/i>\t\t\t<\/a>\n\t\t<\/div>\n\t\t\t\t\t\t<\/div>\n\t\t\t\t<\/div>\n\t\t\t\t<div class=\"elementor-element elementor-element-6a06c53 elementor-widget elementor-widget-text-editor\" data-id=\"6a06c53\" data-element_type=\"widget\" data-widget_type=\"text-editor.default\">\n\t\t\t\t<div class=\"elementor-widget-container\">\n\t\t\t\t\t\t\t\t\t<p><a href=\"https:\/\/qtour.org\/virtualni-postav-muzej-zupanja\/zetva\/#izdvojeno\">NATRAG<\/a><\/p>\t\t\t\t\t\t\t\t<\/div>\n\t\t\t\t<\/div>\n\t\t\t\t\t<\/div>\n\t\t<\/div>\n\t\t\t\t\t<\/div>\n\t\t<\/section>\n\t\t\t\t<\/div>\n\t\t","protected":false},"excerpt":{"rendered":"<p>\u017dbanja Ova se posuda u \u017eupanjskom kraju naziva \u201e\u017ebanja\u201c ili \u201e\u010dobanja\u201c. Na\u010dinjena je od drvenih da\u0161\u010dica (\u201edu\u017eica\u201c ) u\u010dvr\u0161\u0107enih \u017eeljeznim obru\u010dima i nalik je na smanjenu (plosnatu) ba\u010dvu. Valjkasta je oblika s u\u010dvr\u0161\u0107enim lancem na gornjem rubu, koji slu\u017ei za no\u0161enje. U ovoj posudi naj\u010de\u0161\u0107e se nosi voda u \u017eetvi. Pri poslu ili objedu, djeca&hellip;&nbsp;<a href=\"https:\/\/qtour.org\/en\/virtualni-postav-muzej-zupanja\/zbanja\/\" class=\"\" rel=\"bookmark\">Read More &raquo;<span class=\"screen-reader-text\">\u017dbanja<\/span><\/a><\/p>\n","protected":false},"author":1,"featured_media":0,"parent":4358,"menu_order":0,"comment_status":"closed","ping_status":"closed","template":"elementor_header_footer","meta":{"footnotes":""},"tags":[],"folder":[9],"class_list":["post-4517","page","type-page","status-publish","hentry"],"_links":{"self":[{"href":"https:\/\/qtour.org\/en\/wp-json\/wp\/v2\/pages\/4517","targetHints":{"allow":["GET"]}}],"collection":[{"href":"https:\/\/qtour.org\/en\/wp-json\/wp\/v2\/pages"}],"about":[{"href":"https:\/\/qtour.org\/en\/wp-json\/wp\/v2\/types\/page"}],"author":[{"embeddable":true,"href":"https:\/\/qtour.org\/en\/wp-json\/wp\/v2\/users\/1"}],"replies":[{"embeddable":true,"href":"https:\/\/qtour.org\/en\/wp-json\/wp\/v2\/comments?post=4517"}],"version-history":[{"count":0,"href":"https:\/\/qtour.org\/en\/wp-json\/wp\/v2\/pages\/4517\/revisions"}],"up":[{"embeddable":true,"href":"https:\/\/qtour.org\/en\/wp-json\/wp\/v2\/pages\/4358"}],"wp:attachment":[{"href":"https:\/\/qtour.org\/en\/wp-json\/wp\/v2\/media?parent=4517"}],"wp:term":[{"taxonomy":"post_tag","embeddable":true,"href":"https:\/\/qtour.org\/en\/wp-json\/wp\/v2\/tags?post=4517"},{"taxonomy":"folder","embeddable":true,"href":"https:\/\/qtour.org\/en\/wp-json\/wp\/v2\/folder?post=4517"}],"curies":[{"name":"wp","href":"https:\/\/api.w.org\/{rel}","templated":true}]}}