{"id":4429,"date":"2020-04-01T17:33:36","date_gmt":"2020-04-01T17:33:36","guid":{"rendered":"https:\/\/qtour.org\/?page_id=4429"},"modified":"2021-11-21T19:37:57","modified_gmt":"2021-11-21T19:37:57","slug":"zenska-nosnja","status":"publish","type":"page","link":"https:\/\/qtour.org\/en\/virtualni-postav-muzej-zupanja\/zenska-nosnja\/","title":{"rendered":"\u017denska no\u0161nja"},"content":{"rendered":"\t\t<div data-elementor-type=\"wp-page\" data-elementor-id=\"4429\" class=\"elementor elementor-4429\">\n\t\t\t\t\t\t<section class=\"elementor-section elementor-top-section elementor-element elementor-element-d5ce2c5 elementor-section-boxed elementor-section-height-default elementor-section-height-default\" data-id=\"d5ce2c5\" data-element_type=\"section\">\n\t\t\t\t\t\t<div class=\"elementor-container elementor-column-gap-default\">\n\t\t\t\t\t<div class=\"elementor-column elementor-col-100 elementor-top-column elementor-element elementor-element-835a4ef\" data-id=\"835a4ef\" data-element_type=\"column\" data-settings=\"{&quot;background_background&quot;:&quot;classic&quot;}\">\n\t\t\t<div class=\"elementor-widget-wrap elementor-element-populated\">\n\t\t\t\t\t\t<div class=\"elementor-element elementor-element-9136bb8 elementor-widget elementor-widget-heading\" data-id=\"9136bb8\" data-element_type=\"widget\" data-widget_type=\"heading.default\">\n\t\t\t\t<div class=\"elementor-widget-container\">\n\t\t\t\t\t<h2 class=\"elementor-heading-title elementor-size-default\">\u017denska no\u0161nja<\/h2>\t\t\t\t<\/div>\n\t\t\t\t<\/div>\n\t\t\t\t<div class=\"elementor-element elementor-element-5980e89 elementor-widget elementor-widget-text-editor\" data-id=\"5980e89\" data-element_type=\"widget\" data-widget_type=\"text-editor.default\">\n\t\t\t\t<div class=\"elementor-widget-container\">\n\t\t\t\t\t\t\t\t\t<p>Lutka je obu\u010dena u komplet \u017eenske prigodne tradicijske no\u0161nje za udanu \u017eenu (\u201esna\u0161u\u201c) iz \u017dupanje. Ovakva se no\u0161nja nosila u crkvu kod posvete jela (\u201esvetenja\u201c), te za neke druge blagdane i sve\u010danije prigode. Ovaj je komplet poznat pod nazivom \u201evezenica\u201c, a za njega su govorili: \u201eSna\u0161a spremita u vezenicu\u201c.<\/p>\t\t\t\t\t\t\t\t<\/div>\n\t\t\t\t<\/div>\n\t\t\t\t<div class=\"elementor-element elementor-element-ac4d9bf elementor-widget elementor-widget-text-editor\" data-id=\"ac4d9bf\" data-element_type=\"widget\" data-widget_type=\"text-editor.default\">\n\t\t\t\t<div class=\"elementor-widget-container\">\n\t\t\t\t\t\t\t\t\t<p><\/p>\n<p>Oglavlje se sastoji od \u201e\u0161lingane\u201c marame s odgovaraju\u0107im donjim rupcima (\u201epocelicom\u201c, crvenom maramom na \u201etufnice\u201c) i oblikovanom kosom u \u201eko\u0161aricu\u201c te \u0161i\u0161kama iznad uha i umetkom \u201ekukmom\u201c.<\/p>\n<p>Temeljno ruho je na\u010dinjeno od bijeloga tkanja, a sastoji se \u201eople\u0107ka\u201c, kra\u0107e \u017eenske ko\u0161ulje s \u010dipkom na rukavima i \u017eenske suknje \u201evezenice\u201c,ukra\u0161ene okomitim uresima od crvenoga pamuka \u201epre\u0111ice\u201c. Opasana je vunenim pojasom \u201etkanicom\u201ci nosi krzneni kratki prsluk \u201eko\u017eu\u0161\u010di\u0107\u201c, ukra\u0161en \u201eogledalcima\u201c. Na prednjem dijelu, suknja je pokrivena prega\u010dom od crne vune s resama, a na vratu se nalazi \u201e\u0161lingana\u201c marama. Na nogama su joj \u201e\u0161tipane\u201c crvene vunene \u010darape \u201e\u0161trinfe\u201c i opanci. U ruci sna\u0161a dr\u017ei ko\u0161aru prekrivenu malim tradicijskim ru\u010dnikom \u201eotar\u010di\u0107em\u201c.<\/p>\n<p><\/p>\t\t\t\t\t\t\t\t<\/div>\n\t\t\t\t<\/div>\n\t\t\t\t<div class=\"elementor-element elementor-element-b827943 elementor-view-default elementor-widget elementor-widget-icon\" data-id=\"b827943\" data-element_type=\"widget\" data-widget_type=\"icon.default\">\n\t\t\t\t<div class=\"elementor-widget-container\">\n\t\t\t\t\t\t\t<div class=\"elementor-icon-wrapper\">\n\t\t\t<a class=\"elementor-icon\" href=\"https:\/\/qtour.org\/virtualni-postav-muzej-zupanja\/u-cvitnicu-jelo\/#izdvojeno\">\n\t\t\t<i aria-hidden=\"true\" class=\"fas fa-long-arrow-alt-left\"><\/i>\t\t\t<\/a>\n\t\t<\/div>\n\t\t\t\t\t\t<\/div>\n\t\t\t\t<\/div>\n\t\t\t\t<div class=\"elementor-element elementor-element-8318872 elementor-widget elementor-widget-text-editor\" data-id=\"8318872\" data-element_type=\"widget\" data-widget_type=\"text-editor.default\">\n\t\t\t\t<div class=\"elementor-widget-container\">\n\t\t\t\t\t\t\t\t\t<p><a href=\"https:\/\/qtour.org\/virtualni-postav-muzej-zupanja\/u-cvitnicu-jelo\/#izdvojeno\">NATRAG<\/a><\/p>\t\t\t\t\t\t\t\t<\/div>\n\t\t\t\t<\/div>\n\t\t\t\t\t<\/div>\n\t\t<\/div>\n\t\t\t\t\t<\/div>\n\t\t<\/section>\n\t\t\t\t<section class=\"elementor-section elementor-top-section elementor-element elementor-element-cc134c9 elementor-section-boxed elementor-section-height-default elementor-section-height-default\" data-id=\"cc134c9\" data-element_type=\"section\">\n\t\t\t\t\t\t<div class=\"elementor-container elementor-column-gap-default\">\n\t\t\t\t\t<div class=\"elementor-column elementor-col-100 elementor-top-column elementor-element elementor-element-06cda02\" data-id=\"06cda02\" data-element_type=\"column\">\n\t\t\t<div class=\"elementor-widget-wrap\">\n\t\t\t\t\t\t\t<\/div>\n\t\t<\/div>\n\t\t\t\t\t<\/div>\n\t\t<\/section>\n\t\t\t\t<\/div>\n\t\t","protected":false},"excerpt":{"rendered":"<p>\u017denska no\u0161nja Lutka je obu\u010dena u komplet \u017eenske prigodne tradicijske no\u0161nje za udanu \u017eenu (\u201esna\u0161u\u201c) iz \u017dupanje. Ovakva se no\u0161nja nosila u crkvu kod posvete jela (\u201esvetenja\u201c), te za neke druge blagdane i sve\u010danije prigode. Ovaj je komplet poznat pod nazivom \u201evezenica\u201c, a za njega su govorili: \u201eSna\u0161a spremita u vezenicu\u201c. Oglavlje se sastoji od&hellip;&nbsp;<a href=\"https:\/\/qtour.org\/en\/virtualni-postav-muzej-zupanja\/zenska-nosnja\/\" class=\"\" rel=\"bookmark\">Read More &raquo;<span class=\"screen-reader-text\">\u017denska no\u0161nja<\/span><\/a><\/p>\n","protected":false},"author":1,"featured_media":0,"parent":4358,"menu_order":0,"comment_status":"closed","ping_status":"closed","template":"elementor_header_footer","meta":{"footnotes":""},"tags":[],"folder":[9],"class_list":["post-4429","page","type-page","status-publish","hentry"],"_links":{"self":[{"href":"https:\/\/qtour.org\/en\/wp-json\/wp\/v2\/pages\/4429","targetHints":{"allow":["GET"]}}],"collection":[{"href":"https:\/\/qtour.org\/en\/wp-json\/wp\/v2\/pages"}],"about":[{"href":"https:\/\/qtour.org\/en\/wp-json\/wp\/v2\/types\/page"}],"author":[{"embeddable":true,"href":"https:\/\/qtour.org\/en\/wp-json\/wp\/v2\/users\/1"}],"replies":[{"embeddable":true,"href":"https:\/\/qtour.org\/en\/wp-json\/wp\/v2\/comments?post=4429"}],"version-history":[{"count":0,"href":"https:\/\/qtour.org\/en\/wp-json\/wp\/v2\/pages\/4429\/revisions"}],"up":[{"embeddable":true,"href":"https:\/\/qtour.org\/en\/wp-json\/wp\/v2\/pages\/4358"}],"wp:attachment":[{"href":"https:\/\/qtour.org\/en\/wp-json\/wp\/v2\/media?parent=4429"}],"wp:term":[{"taxonomy":"post_tag","embeddable":true,"href":"https:\/\/qtour.org\/en\/wp-json\/wp\/v2\/tags?post=4429"},{"taxonomy":"folder","embeddable":true,"href":"https:\/\/qtour.org\/en\/wp-json\/wp\/v2\/folder?post=4429"}],"curies":[{"name":"wp","href":"https:\/\/api.w.org\/{rel}","templated":true}]}}