{"id":16215,"date":"2022-02-09T13:15:12","date_gmt":"2022-02-09T13:15:12","guid":{"rendered":"https:\/\/qtour.org\/?page_id=16215"},"modified":"2025-12-31T12:00:38","modified_gmt":"2025-12-31T12:00:38","slug":"app-5-27","status":"publish","type":"page","link":"https:\/\/qtour.org\/en\/app-5-27\/","title":{"rendered":"Ko\u0161ara od vrbova \u0161iblja, sredina 20. st., \u017dagrovi\u0107"},"content":{"rendered":"","protected":true},"excerpt":{"rendered":"","protected":true},"author":3,"featured_media":0,"parent":0,"menu_order":0,"comment_status":"closed","ping_status":"closed","template":"","meta":{"footnotes":""},"tags":[],"folder":[81],"class_list":["post-16215","page","type-page","status-publish","post-password-required","hentry"],"_links":{"self":[{"href":"https:\/\/qtour.org\/en\/wp-json\/wp\/v2\/pages\/16215","targetHints":{"allow":["GET"]}}],"collection":[{"href":"https:\/\/qtour.org\/en\/wp-json\/wp\/v2\/pages"}],"about":[{"href":"https:\/\/qtour.org\/en\/wp-json\/wp\/v2\/types\/page"}],"author":[{"embeddable":true,"href":"https:\/\/qtour.org\/en\/wp-json\/wp\/v2\/users\/3"}],"replies":[{"embeddable":true,"href":"https:\/\/qtour.org\/en\/wp-json\/wp\/v2\/comments?post=16215"}],"version-history":[{"count":2,"href":"https:\/\/qtour.org\/en\/wp-json\/wp\/v2\/pages\/16215\/revisions"}],"predecessor-version":[{"id":19805,"href":"https:\/\/qtour.org\/en\/wp-json\/wp\/v2\/pages\/16215\/revisions\/19805"}],"wp:attachment":[{"href":"https:\/\/qtour.org\/en\/wp-json\/wp\/v2\/media?parent=16215"}],"wp:term":[{"taxonomy":"post_tag","embeddable":true,"href":"https:\/\/qtour.org\/en\/wp-json\/wp\/v2\/tags?post=16215"},{"taxonomy":"folder","embeddable":true,"href":"https:\/\/qtour.org\/en\/wp-json\/wp\/v2\/folder?post=16215"}],"curies":[{"name":"wp","href":"https:\/\/api.w.org\/{rel}","templated":true}]}}