{"id":6218,"date":"2020-08-10T12:26:08","date_gmt":"2020-08-10T12:26:08","guid":{"rendered":"https:\/\/qtour.org\/?page_id=6218"},"modified":"2020-08-26T11:26:00","modified_gmt":"2020-08-26T11:26:00","slug":"prica-o-lopti","status":"publish","type":"page","link":"https:\/\/qtour.org\/de\/ima-jedan-granicar-boja-mu-je-plava\/prica-o-lopti\/","title":{"rendered":"Pri\u010da o lopti"},"content":{"rendered":"\t\t<div data-elementor-type=\"wp-page\" data-elementor-id=\"6218\" class=\"elementor elementor-6218\">\n\t\t\t\t\t\t<section class=\"elementor-section elementor-top-section elementor-element elementor-element-7fc2d6d animated-fast elementor-section-content-top elementor-section-boxed elementor-section-height-default elementor-section-height-default elementor-invisible\" data-id=\"7fc2d6d\" data-element_type=\"section\" data-settings=\"{&quot;background_background&quot;:&quot;classic&quot;,&quot;animation&quot;:&quot;slideInRight&quot;,&quot;animation_tablet&quot;:&quot;slideInRight&quot;,&quot;animation_mobile&quot;:&quot;slideInRight&quot;}\">\n\t\t\t\t\t\t\t<div class=\"elementor-background-overlay\"><\/div>\n\t\t\t\t\t\t\t<div class=\"elementor-container elementor-column-gap-no\">\n\t\t\t\t\t<div class=\"elementor-column elementor-col-100 elementor-top-column elementor-element elementor-element-a94fdf2\" data-id=\"a94fdf2\" data-element_type=\"column\" data-settings=\"{&quot;background_background&quot;:&quot;classic&quot;}\">\n\t\t\t<div class=\"elementor-widget-wrap elementor-element-populated\">\n\t\t\t\t\t\t<div class=\"elementor-element elementor-element-c0cf442 elementor-widget elementor-widget-heading\" data-id=\"c0cf442\" data-element_type=\"widget\" data-widget_type=\"heading.default\">\n\t\t\t\t<div class=\"elementor-widget-container\">\n\t\t\t\t\t<h2 class=\"elementor-heading-title elementor-size-default\">Pri\u010da o prvoj lopti<\/h2>\t\t\t\t<\/div>\n\t\t\t\t<\/div>\n\t\t\t\t<div class=\"elementor-element elementor-element-e7fb289 elementor-align-left elementor-button-danger elementor-widget elementor-widget-button\" data-id=\"e7fb289\" data-element_type=\"widget\" data-widget_type=\"button.default\">\n\t\t\t\t<div class=\"elementor-widget-container\">\n\t\t\t\t\t\t\t\t\t<div class=\"elementor-button-wrapper\">\n\t\t\t\t\t<a class=\"elementor-button elementor-button-link elementor-size-sm\" href=\"https:\/\/qtour.org\/ima-jedan-granicar-boja-mu-je-plava\/#pocetna-4\">\n\t\t\t\t\t\t<span class=\"elementor-button-content-wrapper\">\n\t\t\t\t\t\t\t\t\t<span class=\"elementor-button-text\">< Vrati na sadr\u017eaj<\/span>\n\t\t\t\t\t<\/span>\n\t\t\t\t\t<\/a>\n\t\t\t\t<\/div>\n\t\t\t\t\t\t\t\t<\/div>\n\t\t\t\t<\/div>\n\t\t\t\t<section class=\"elementor-section elementor-inner-section elementor-element elementor-element-7e821e3 elementor-section-full_width elementor-section-height-default elementor-section-height-default\" data-id=\"7e821e3\" data-element_type=\"section\">\n\t\t\t\t\t\t<div class=\"elementor-container elementor-column-gap-default\">\n\t\t\t\t\t<div class=\"elementor-column elementor-col-100 elementor-inner-column elementor-element elementor-element-ea2ed66\" data-id=\"ea2ed66\" data-element_type=\"column\" data-settings=\"{&quot;background_background&quot;:&quot;classic&quot;}\">\n\t\t\t<div class=\"elementor-widget-wrap elementor-element-populated\">\n\t\t\t\t\t\t<div class=\"elementor-element elementor-element-64e19be elementor-widget elementor-widget-text-editor\" data-id=\"64e19be\" data-element_type=\"widget\" data-widget_type=\"text-editor.default\">\n\t\t\t\t<div class=\"elementor-widget-container\">\n\t\t\t\t\t\t\t\t\t<p>Prema usmenim kazivanjima, kao i raznim drugim izvorima, prihva\u0107ena je teza da su Englezi u \u017dupanju tijekom izgradnje tvornice tanina <strong>1880. godine donijeli prvu pravu ko\u017enu nogometnu loptu, kao i pravila igranja nogometa.<\/strong> Premda je tvornica po\u010dela s radom 1883. godine, ve\u0107 od 1880. godine dio Engleza smje\u0161ten je u \u017dupanji, pa se <strong>ta godina uzima za po\u010detak igranja nogometa u \u017dupanji i Hrvatskoj. <\/strong>Kako je za igranje nogometa bilo potrebno vi\u0161e osoba, Englezi su ponekad u nogometno nadmetanje uklju\u010divali i doma\u0107e stanovnike. (Pe\u0161i\u0107, 2006: 26)<\/p><p>Za opis prvih susreta \u017dupanjaca s nogometom va\u017ena su svjedo\u010danstva <strong>\u0110ure Nikoli\u0107a (1871. &#8211; 1954.), <\/strong>dugogodi\u0161njeg \u010dinovnika u tvornici tanina u \u017dupanji (Balentovi\u0107, 1995: 5).<\/p><p>Va\u017enu ulogu u popularizaciji \u017dupanje kao kolijevke nogometa u Hrvatskoj imao je <strong>Ivo Balentovi\u0107- Beli (1913. \u2013 2001.)<\/strong>, knji\u017eevnik, dugogodi\u0161nji \u010dlan kluba i prou\u010davatelj \u017eupanjske povijesti.<\/p><p>Upravo zahvaljuju\u0107i njegovim monografijama o povijesti Grani\u010dara iz 1951. i 1961. godine, u kojima je naveo i brojne podatke o Englezima i nogometu u \u017dupanji, <strong>1969.<\/strong> godine na stadionu NK-a \u201eGrani\u010dar\u201c tada\u0161nji Nogometni (fudbalski) savez Jugoslavije postavio je <strong>spomen-plo\u010du<\/strong> povodom 50. obljetnice svog nastanka i u znak sje\u0107anja na prvo igranje nogometa u tada\u0161njoj Jugoslaviji 1880. godine, \u010dime je prakti\u010dki priznato prvenstvo \u017dupanji kao kolijevci nogometa.<\/p><p><strong>Slu\u010dajnim pronalaskom prve lopte<\/strong> <strong>1979. godine<\/strong> u potpunosti je potvr\u0111ena pretpostavka o prvom igranju nogometa u \u017dupanji. Kod \u017dupanjca <strong>Antuna Tuce Or\u0161oli\u0107a<\/strong> nalazila se lopta, u kojoj je vlasnik dr\u017eao razli\u010dit pribor. \u017dupanjci <strong>Mirko \u0160ar\u010devi\u0107, \u0110uka Verner i Ljudevit \u0160inka<\/strong>, istra\u017euju\u0107i ve\u0107 tada povijest nogometa u \u017dupanji i Hrvatskoj, saznali su da je loptu vlasnik naslijedio od svog o\u010duha, <strong>Marka Koba\u0161evi\u0107a<\/strong>, koji ju je dobio na poklon od jednog Engleza u vrijeme izgradnje tvornice, te su s pravom odlu\u010dili istra\u017eiti podrijetlo i sastav lopte.<\/p><p>Premda je prona\u0111ena lopta uslijed vremena i prenamjene izgubila oblik, restauracijom i analizom ko\u017ee u jednom institutu u Frankfurtu utvr\u0111eno je da zaista pripada opisanom razdoblju, da je <strong>stara vi\u0161e od 100 godina<\/strong> i da se radi o ko\u017enoj lopti obujma <strong>77 cm<\/strong>, kakvom se u vrijeme njena nastanka igralo u Engleskoj.<\/p><p>Najstarija sa\u010duvana nogometna lopta u Hrvatskoj prvi je put je prezentirana javnosti\u00a0 <strong>24. travnja 1980. godine <\/strong>na sve\u010danoj sjednici NSH u povodu 100. godi\u0161njice igranja nogometa.<\/p><p>Pritom je sve\u010dano otkriveno spomen-obilje\u017eje pored stadiona i <strong>spomenik prvoj nogometnoj lopti<\/strong> na glavnom \u017eupanjskom trgu, oboje rad <strong>akademskog slikara Ivana Hermana (1937. \u2013 2000.)<\/strong>. Na\u017ealost, spomenik lopti uni\u0161ten je <strong>1991. godine.<\/strong> Novi spomenik prvoj lopti dao je podi\u0107i Hrvatski nogometni savez <strong>2015. godine.<\/strong><\/p><p>Nakon smrti Antuna Or\u0161oli\u0107a, popularnu \u201eprvu loptu\u201c naslijedio je njegov pastorak dr. <strong>Augustin Luka\u010devi\u0107, <\/strong>a lopta je i danas u vlasni\u0161tvu njegove obitelji i k\u0107eri <strong>Ivane Gorba\u010dev.<\/strong> Prilikom obilje\u017eavanja \u201eNo\u0107i muzeja\u201c <strong>2018. godine<\/strong>. najstarija sa\u010duvana lopta bila je izlo\u017eena u Zavi\u010dajnom muzeju Stjepana Grubera, na ponos svim \u017dupanjcima.<\/p>\t\t\t\t\t\t\t\t<\/div>\n\t\t\t\t<\/div>\n\t\t\t\t\t<\/div>\n\t\t<\/div>\n\t\t\t\t\t<\/div>\n\t\t<\/section>\n\t\t\t\t<section class=\"elementor-section elementor-inner-section elementor-element elementor-element-d763a15 elementor-section-full_width elementor-section-height-default elementor-section-height-default\" data-id=\"d763a15\" data-element_type=\"section\">\n\t\t\t\t\t\t<div class=\"elementor-container elementor-column-gap-default\">\n\t\t\t\t\t<div class=\"elementor-column elementor-col-50 elementor-inner-column elementor-element elementor-element-b367f69\" data-id=\"b367f69\" data-element_type=\"column\" data-settings=\"{&quot;background_background&quot;:&quot;classic&quot;}\">\n\t\t\t<div class=\"elementor-widget-wrap elementor-element-populated\">\n\t\t\t\t\t\t<div class=\"elementor-element elementor-element-f0a1692 elementor-align-center elementor-widget elementor-widget-button\" data-id=\"f0a1692\" data-element_type=\"widget\" data-widget_type=\"button.default\">\n\t\t\t\t<div class=\"elementor-widget-container\">\n\t\t\t\t\t\t\t\t\t<div class=\"elementor-button-wrapper\">\n\t\t\t\t\t<a class=\"elementor-button elementor-button-link elementor-size-sm\" href=\"https:\/\/qtour.org\/ima-jedan-granicar-boja-mu-je-plava\/#pocetna-6\">\n\t\t\t\t\t\t<span class=\"elementor-button-content-wrapper\">\n\t\t\t\t\t\t\t\t\t<span class=\"elementor-button-text\">Natrag<\/span>\n\t\t\t\t\t<\/span>\n\t\t\t\t\t<\/a>\n\t\t\t\t<\/div>\n\t\t\t\t\t\t\t\t<\/div>\n\t\t\t\t<\/div>\n\t\t\t\t\t<\/div>\n\t\t<\/div>\n\t\t\t\t<div class=\"elementor-column elementor-col-50 elementor-inner-column elementor-element elementor-element-5d2e4c3\" data-id=\"5d2e4c3\" data-element_type=\"column\" data-settings=\"{&quot;background_background&quot;:&quot;classic&quot;}\">\n\t\t\t<div class=\"elementor-widget-wrap elementor-element-populated\">\n\t\t\t\t\t\t<div class=\"elementor-element elementor-element-4cf375c elementor-align-center elementor-widget elementor-widget-button\" data-id=\"4cf375c\" data-element_type=\"widget\" data-widget_type=\"button.default\">\n\t\t\t\t<div class=\"elementor-widget-container\">\n\t\t\t\t\t\t\t\t\t<div class=\"elementor-button-wrapper\">\n\t\t\t\t\t<a class=\"elementor-button elementor-button-link elementor-size-sm\" href=\"https:\/\/qtour.org\/ima-jedan-granicar-boja-mu-je-plava\/#pocetna-4\">\n\t\t\t\t\t\t<span class=\"elementor-button-content-wrapper\">\n\t\t\t\t\t\t\t\t\t<span class=\"elementor-button-text\">Vrati na sadr\u017eaj<\/span>\n\t\t\t\t\t<\/span>\n\t\t\t\t\t<\/a>\n\t\t\t\t<\/div>\n\t\t\t\t\t\t\t\t<\/div>\n\t\t\t\t<\/div>\n\t\t\t\t\t<\/div>\n\t\t<\/div>\n\t\t\t\t\t<\/div>\n\t\t<\/section>\n\t\t\t\t\t<\/div>\n\t\t<\/div>\n\t\t\t\t\t<\/div>\n\t\t<\/section>\n\t\t\t\t<\/div>\n\t\t","protected":false},"excerpt":{"rendered":"<p>Pri\u010da o prvoj lopti < Vrati na sadr\u017eaj Prema usmenim kazivanjima, kao i raznim drugim izvorima, prihva\u0107ena je teza da su Englezi u \u017dupanju tijekom izgradnje tvornice tanina 1880. godine donijeli prvu pravu ko\u017enu nogometnu loptu, kao i pravila igranja nogometa. Premda je tvornica po\u010dela s radom 1883. godine, ve\u0107 od 1880. godine dio Engleza&hellip;&nbsp;<a href=\"https:\/\/qtour.org\/de\/ima-jedan-granicar-boja-mu-je-plava\/prica-o-lopti\/\" class=\"\" rel=\"bookmark\">Read More &raquo;<span class=\"screen-reader-text\">Pri\u010da o lopti<\/span><\/a><\/p>\n","protected":false},"author":1,"featured_media":6659,"parent":5856,"menu_order":0,"comment_status":"closed","ping_status":"closed","template":"elementor_header_footer","meta":{"footnotes":""},"tags":[],"folder":[9],"class_list":["post-6218","page","type-page","status-publish","has-post-thumbnail","hentry"],"_links":{"self":[{"href":"https:\/\/qtour.org\/de\/wp-json\/wp\/v2\/pages\/6218","targetHints":{"allow":["GET"]}}],"collection":[{"href":"https:\/\/qtour.org\/de\/wp-json\/wp\/v2\/pages"}],"about":[{"href":"https:\/\/qtour.org\/de\/wp-json\/wp\/v2\/types\/page"}],"author":[{"embeddable":true,"href":"https:\/\/qtour.org\/de\/wp-json\/wp\/v2\/users\/1"}],"replies":[{"embeddable":true,"href":"https:\/\/qtour.org\/de\/wp-json\/wp\/v2\/comments?post=6218"}],"version-history":[{"count":0,"href":"https:\/\/qtour.org\/de\/wp-json\/wp\/v2\/pages\/6218\/revisions"}],"up":[{"embeddable":true,"href":"https:\/\/qtour.org\/de\/wp-json\/wp\/v2\/pages\/5856"}],"wp:featuredmedia":[{"embeddable":true,"href":"https:\/\/qtour.org\/de\/wp-json\/wp\/v2\/media\/6659"}],"wp:attachment":[{"href":"https:\/\/qtour.org\/de\/wp-json\/wp\/v2\/media?parent=6218"}],"wp:term":[{"taxonomy":"post_tag","embeddable":true,"href":"https:\/\/qtour.org\/de\/wp-json\/wp\/v2\/tags?post=6218"},{"taxonomy":"folder","embeddable":true,"href":"https:\/\/qtour.org\/de\/wp-json\/wp\/v2\/folder?post=6218"}],"curies":[{"name":"wp","href":"https:\/\/api.w.org\/{rel}","templated":true}]}}