{"id":4697,"date":"2020-04-02T18:30:24","date_gmt":"2020-04-02T18:30:24","guid":{"rendered":"https:\/\/qtour.org\/?page_id=4697"},"modified":"2020-10-14T10:46:01","modified_gmt":"2020-10-14T10:46:01","slug":"sanduk-za-ruvo","status":"publish","type":"page","link":"https:\/\/qtour.org\/de\/virtualni-postav-muzej-zupanja\/sanduk-za-ruvo\/","title":{"rendered":"Sanduk za ruvo"},"content":{"rendered":"\t\t<div data-elementor-type=\"wp-page\" data-elementor-id=\"4697\" class=\"elementor elementor-4697\">\n\t\t\t\t\t\t<section class=\"elementor-section elementor-top-section elementor-element elementor-element-8e5c1ae elementor-section-boxed elementor-section-height-default elementor-section-height-default\" data-id=\"8e5c1ae\" data-element_type=\"section\">\n\t\t\t\t\t\t<div class=\"elementor-container elementor-column-gap-default\">\n\t\t\t\t\t<div class=\"elementor-column elementor-col-100 elementor-top-column elementor-element elementor-element-78b1445\" data-id=\"78b1445\" data-element_type=\"column\" data-settings=\"{&quot;background_background&quot;:&quot;classic&quot;}\">\n\t\t\t<div class=\"elementor-widget-wrap elementor-element-populated\">\n\t\t\t\t\t\t<div class=\"elementor-element elementor-element-ac90cab elementor-widget elementor-widget-heading\" data-id=\"ac90cab\" data-element_type=\"widget\" data-widget_type=\"heading.default\">\n\t\t\t\t<div class=\"elementor-widget-container\">\n\t\t\t\t\t<h2 class=\"elementor-heading-title elementor-size-default\">Sanduk za ruvo<\/h2>\t\t\t\t<\/div>\n\t\t\t\t<\/div>\n\t\t\t\t<div class=\"elementor-element elementor-element-fadc465 elementor-widget elementor-widget-text-editor\" data-id=\"fadc465\" data-element_type=\"widget\" data-widget_type=\"text-editor.default\">\n\t\t\t\t<div class=\"elementor-widget-container\">\n\t\t\t\t\t\t\t\t\t<p>U drvenom sanduku za \u201eruvo\u201c (ili kako bismo danas rekli: \u201eu \u0161krinji za tekstil\u201c) slo\u017eeni su mladenkini tradicijski uporabni tekstilni predmeti, koje ona nakon vjen\u010danja nosi u novi dom. Sanduk je pravokutna oblika s poklopcem na dvije \u017eeljezne \u0161arke. Prednji dio podijeljen je na dvije \u010detvrtaste plohe uokvirene drvenim okvirom, unutar kojih se u svakom nalazi po jedan manji drveni romboidni oblik. U sredi\u0161njem dijelu prednje plohe nalazi se klju\u010danica.<\/p>\n<p>\u00a0<\/p>\t\t\t\t\t\t\t\t<\/div>\n\t\t\t\t<\/div>\n\t\t\t\t<div class=\"elementor-element elementor-element-00d81ea elementor-widget elementor-widget-image\" data-id=\"00d81ea\" data-element_type=\"widget\" data-widget_type=\"image.default\">\n\t\t\t\t<div class=\"elementor-widget-container\">\n\t\t\t\t\t\t\t\t\t\t\t\t\t\t\t\t<a href=\"https:\/\/qtour.org\/wp-content\/uploads\/2020\/04\/sanduk-za-ruvo.jpg\" data-elementor-open-lightbox=\"yes\" data-elementor-lightbox-title=\"\" data-e-action-hash=\"#elementor-action%3Aaction%3Dlightbox%26settings%3DeyJpZCI6NDY4NCwidXJsIjoiaHR0cHM6XC9cL3F0b3VyLm9yZ1wvd3AtY29udGVudFwvdXBsb2Fkc1wvMjAyMFwvMDRcL3NhbmR1ay16YS1ydXZvLmpwZyJ9\">\n\t\t\t\t\t\t\t<img fetchpriority=\"high\" decoding=\"async\" width=\"800\" height=\"573\" src=\"https:\/\/qtour.org\/wp-content\/uploads\/2020\/04\/sanduk-za-ruvo.jpg\" class=\"attachment-large size-large wp-image-4684\" alt=\"\" srcset=\"https:\/\/qtour.org\/wp-content\/uploads\/2020\/04\/sanduk-za-ruvo.jpg 800w, https:\/\/qtour.org\/wp-content\/uploads\/2020\/04\/sanduk-za-ruvo-300x215.jpg 300w, https:\/\/qtour.org\/wp-content\/uploads\/2020\/04\/sanduk-za-ruvo-768x550.jpg 768w\" sizes=\"(max-width: 800px) 100vw, 800px\" \/>\t\t\t\t\t\t\t\t<\/a>\n\t\t\t\t\t\t\t\t\t\t\t\t\t\t\t<\/div>\n\t\t\t\t<\/div>\n\t\t\t\t<div class=\"elementor-element elementor-element-5cc5414 elementor-widget elementor-widget-text-editor\" data-id=\"5cc5414\" data-element_type=\"widget\" data-widget_type=\"text-editor.default\">\n\t\t\t\t<div class=\"elementor-widget-container\">\n\t\t\t\t\t\t\t\t\t<p><\/p>\n<p>Vanjski dio obojen je tamnoplavom (\u201emarina\u201c) bojom, a prednji je oslikan floralnim motivima. Cvjetovi su tamnocrvene i \u017eute boje, listovi zelene, a oko njih su vitice izvedene bijelom bojom. Sanduk je, prema dostupnim podacima, izradio seoski majstor 1866. godine. Ostav\u0161tina je poznate bogate zadruge Jeli\u0107 \u2013 Bu\u0161i\u0107i iz \u017dupanje. Muzeju ga je 1960. godine darovala Karla Bu\u0161i\u0107 -Jeli\u0107. Mjesto i vrijeme izrade: \u017dupanja, 1866. g.<\/p>\n<p><\/p>\t\t\t\t\t\t\t\t<\/div>\n\t\t\t\t<\/div>\n\t\t\t\t<div class=\"elementor-element elementor-element-61ca3a7 elementor-view-default elementor-widget elementor-widget-icon\" data-id=\"61ca3a7\" data-element_type=\"widget\" data-widget_type=\"icon.default\">\n\t\t\t\t<div class=\"elementor-widget-container\">\n\t\t\t\t\t\t\t<div class=\"elementor-icon-wrapper\">\n\t\t\t<a class=\"elementor-icon\" href=\"https:\/\/qtour.org\/virtualni-postav-muzej-zupanja\/mladenci\/#izdvojeno\">\n\t\t\t<i aria-hidden=\"true\" class=\"fas fa-long-arrow-alt-left\"><\/i>\t\t\t<\/a>\n\t\t<\/div>\n\t\t\t\t\t\t<\/div>\n\t\t\t\t<\/div>\n\t\t\t\t<div class=\"elementor-element elementor-element-ed3f67a elementor-widget elementor-widget-text-editor\" data-id=\"ed3f67a\" data-element_type=\"widget\" data-widget_type=\"text-editor.default\">\n\t\t\t\t<div class=\"elementor-widget-container\">\n\t\t\t\t\t\t\t\t\t<p><a href=\"https:\/\/qtour.org\/virtualni-postav-muzej-zupanja\/mladenci\/#izdvojeno\">NATRAG<\/a><\/p>\t\t\t\t\t\t\t\t<\/div>\n\t\t\t\t<\/div>\n\t\t\t\t\t<\/div>\n\t\t<\/div>\n\t\t\t\t\t<\/div>\n\t\t<\/section>\n\t\t\t\t<\/div>\n\t\t","protected":false},"excerpt":{"rendered":"","protected":false},"author":1,"featured_media":0,"parent":4358,"menu_order":0,"comment_status":"closed","ping_status":"closed","template":"elementor_header_footer","meta":{"footnotes":""},"tags":[],"folder":[9],"class_list":["post-4697","page","type-page","status-publish","hentry"],"_links":{"self":[{"href":"https:\/\/qtour.org\/de\/wp-json\/wp\/v2\/pages\/4697","targetHints":{"allow":["GET"]}}],"collection":[{"href":"https:\/\/qtour.org\/de\/wp-json\/wp\/v2\/pages"}],"about":[{"href":"https:\/\/qtour.org\/de\/wp-json\/wp\/v2\/types\/page"}],"author":[{"embeddable":true,"href":"https:\/\/qtour.org\/de\/wp-json\/wp\/v2\/users\/1"}],"replies":[{"embeddable":true,"href":"https:\/\/qtour.org\/de\/wp-json\/wp\/v2\/comments?post=4697"}],"version-history":[{"count":0,"href":"https:\/\/qtour.org\/de\/wp-json\/wp\/v2\/pages\/4697\/revisions"}],"up":[{"embeddable":true,"href":"https:\/\/qtour.org\/de\/wp-json\/wp\/v2\/pages\/4358"}],"wp:attachment":[{"href":"https:\/\/qtour.org\/de\/wp-json\/wp\/v2\/media?parent=4697"}],"wp:term":[{"taxonomy":"post_tag","embeddable":true,"href":"https:\/\/qtour.org\/de\/wp-json\/wp\/v2\/tags?post=4697"},{"taxonomy":"folder","embeddable":true,"href":"https:\/\/qtour.org\/de\/wp-json\/wp\/v2\/folder?post=4697"}],"curies":[{"name":"wp","href":"https:\/\/api.w.org\/{rel}","templated":true}]}}