{"id":4632,"date":"2020-04-02T17:01:37","date_gmt":"2020-04-02T17:01:37","guid":{"rendered":"https:\/\/qtour.org\/?page_id=4632"},"modified":"2021-11-21T19:38:10","modified_gmt":"2021-11-21T19:38:10","slug":"mladenci","status":"publish","type":"page","link":"https:\/\/qtour.org\/de\/virtualni-postav-muzej-zupanja\/mladenci\/","title":{"rendered":"Mladenci"},"content":{"rendered":"\t\t<div data-elementor-type=\"wp-page\" data-elementor-id=\"4632\" class=\"elementor elementor-4632\">\n\t\t\t\t\t\t<section class=\"elementor-section elementor-top-section elementor-element elementor-element-0a37b2a elementor-section-boxed elementor-section-height-default elementor-section-height-default\" data-id=\"0a37b2a\" data-element_type=\"section\">\n\t\t\t\t\t\t<div class=\"elementor-container elementor-column-gap-default\">\n\t\t\t\t\t<div class=\"elementor-column elementor-col-100 elementor-top-column elementor-element elementor-element-cb34210\" data-id=\"cb34210\" data-element_type=\"column\" data-settings=\"{&quot;background_background&quot;:&quot;classic&quot;}\">\n\t\t\t<div class=\"elementor-widget-wrap elementor-element-populated\">\n\t\t\t\t\t\t<div class=\"elementor-element elementor-element-d354e02 elementor-widget elementor-widget-heading\" data-id=\"d354e02\" data-element_type=\"widget\" data-widget_type=\"heading.default\">\n\t\t\t\t<div class=\"elementor-widget-container\">\n\t\t\t\t\t<h2 class=\"elementor-heading-title elementor-size-default\">Mladenci<\/h2>\t\t\t\t<\/div>\n\t\t\t\t<\/div>\n\t\t\t\t<div class=\"elementor-element elementor-element-f65069d elementor-widget elementor-widget-text-editor\" data-id=\"f65069d\" data-element_type=\"widget\" data-widget_type=\"text-editor.default\">\n\t\t\t\t<div class=\"elementor-widget-container\">\n\t\t\t\t\t\t\t\t\t<p>U muzejskoj vitrini stalnog postava ponosno stoji <em>mlado\u017eenja<\/em>, obu\u010den u sve\u010danu tradicijsku no\u0161nju za vjen\u010danje.<\/p>\t\t\t\t\t\t\t\t<\/div>\n\t\t\t\t<\/div>\n\t\t\t\t<div class=\"elementor-element elementor-element-e7c17a1 elementor-widget elementor-widget-text-editor\" data-id=\"e7c17a1\" data-element_type=\"widget\" data-widget_type=\"text-editor.default\">\n\t\t\t\t<div class=\"elementor-widget-container\">\n\t\t\t\t\t\t\t\t\t<p><\/p>\n<p>Temeljna odje\u0107a na mlado\u017eenji je napravljena od doma\u0107eg uzorkovanog (\u201eusnivanog\u201d) tkanja. Odje\u0107a je na poprsju i iznad poruba ko\u0161ulje (\u201erubine\u201c) i hla\u010da (\u201ega\u0107a\u201c) bogato ure\u0161ena zlatovezom (tehnikom: \u201epreko papira\u201c \u2013 vi\u0161e o tome mo\u017eete saznati skeniraju\u0107i zaseban QtouR kod u vitrini sa zlatovezom). Oko vrata nosi ukrasnu tamnocrvenu pli\u0161anu\u00a0 vrpcu (\u201epo\u0161u\u201c), tako\u0111er bogato ure\u0161enu zlatovezom. Prsluk mu je od ka\u0161mir svile, ure\u0161en ukrasnim gumbima (\u201czlatnim dugmetima\u201d). Na nogama ima sandale. Mlado\u017eenja na glavi ima zeleni pli\u0161ani \u0161e\u0161ir s tamnozelenom svilenom vrpcom iznad oboda, koja sa strane zavr\u0161ava ma\u0161nom i\u00a0 zlatnikom (velikim \u201eokrunitim\u201c dukatom s filigranskim obrubom).<\/p>\n<p>Uz ponosnog mlado\u017eenju, ponosna je i <em>mlada<\/em>, tako\u0111er obu\u010dena u sve\u010danu tradicijsku no\u0161nju za vjen\u010danje.<\/p>\n<p><\/p>\t\t\t\t\t\t\t\t<\/div>\n\t\t\t\t<\/div>\n\t\t\t\t<div class=\"elementor-element elementor-element-069bda9 elementor-widget elementor-widget-text-editor\" data-id=\"069bda9\" data-element_type=\"widget\" data-widget_type=\"text-editor.default\">\n\t\t\t\t<div class=\"elementor-widget-container\">\n\t\t\t\t\t\t\t\t\t<p style=\"color: #ffffff;\">Mladenkina ili mladina sve\u010dana no\u0161nja tako\u0111er je bogato ure\u0161ena zlatovezom (\u201epreko papira\u201c). Zlatovez krasi zadnji dio donje suknje (\u201erubine\u201c) u \u010detiri okomite linije (\u201ebortne\u201c) i rukave. Na vratu ima bijelu maramu od tkane svile, ure\u0161enu zlatovezom, i svileni \u201eprega\u0107\u201c (nazivan i \u201egrana\u0161\u201c) \u2013 ukrasna prega\u010da (dio no\u0161nje koji se pripasuje preko odje\u0107e). Oko struka je opasana pojasom ure\u0161enim zlatovezom, a na prsima ima dukate uvezane na na\u010din koji se nazivao: \u201eu motive\u201c. Na glavi joj je ispletena gusta i sitna pletenica kakva se nosila u selu Gradi\u0161te kod \u017dupanje i vijenac izra\u0111en od voska, a oki\u0107ena je umjetnim cvjetovima u zlatnoj boji \u201eru\u017eicama\u201c.<\/p>\t\t\t\t\t\t\t\t<\/div>\n\t\t\t\t<\/div>\n\t\t\t\t<div class=\"elementor-element elementor-element-cb44516 elementor-widget elementor-widget-heading\" data-id=\"cb44516\" data-element_type=\"widget\" data-widget_type=\"heading.default\">\n\t\t\t\t<div class=\"elementor-widget-container\">\n\t\t\t\t\t<h2 class=\"elementor-heading-title elementor-size-default\">Izdvojeni predmeti iz prikaza<\/h2>\t\t\t\t<\/div>\n\t\t\t\t<\/div>\n\t\t\t\t<section class=\"elementor-section elementor-inner-section elementor-element elementor-element-89ebd79 elementor-section-boxed elementor-section-height-default elementor-section-height-default\" data-id=\"89ebd79\" data-element_type=\"section\" id=\"izdvojeno\">\n\t\t\t\t\t\t<div class=\"elementor-container elementor-column-gap-default\">\n\t\t\t\t\t<div class=\"elementor-column elementor-col-50 elementor-inner-column elementor-element elementor-element-aa4ec15\" data-id=\"aa4ec15\" data-element_type=\"column\">\n\t\t\t<div class=\"elementor-widget-wrap elementor-element-populated\">\n\t\t\t\t\t\t<div class=\"elementor-element elementor-element-5d5a60f elementor-widget elementor-widget-image\" data-id=\"5d5a60f\" data-element_type=\"widget\" data-widget_type=\"image.default\">\n\t\t\t\t<div class=\"elementor-widget-container\">\n\t\t\t\t\t\t\t\t\t\t\t\t\t\t\t<img fetchpriority=\"high\" decoding=\"async\" width=\"300\" height=\"215\" src=\"https:\/\/qtour.org\/wp-content\/uploads\/2020\/04\/sanduk-za-ruvo-300x215.jpg\" class=\"attachment-medium size-medium wp-image-4684\" alt=\"\" srcset=\"https:\/\/qtour.org\/wp-content\/uploads\/2020\/04\/sanduk-za-ruvo-300x215.jpg 300w, https:\/\/qtour.org\/wp-content\/uploads\/2020\/04\/sanduk-za-ruvo-768x550.jpg 768w, https:\/\/qtour.org\/wp-content\/uploads\/2020\/04\/sanduk-za-ruvo.jpg 800w\" sizes=\"(max-width: 300px) 100vw, 300px\" \/>\t\t\t\t\t\t\t\t\t\t\t\t\t\t\t<\/div>\n\t\t\t\t<\/div>\n\t\t\t\t<div class=\"elementor-element elementor-element-21879ba elementor-widget elementor-widget-heading\" data-id=\"21879ba\" data-element_type=\"widget\" data-widget_type=\"heading.default\">\n\t\t\t\t<div class=\"elementor-widget-container\">\n\t\t\t\t\t<h2 class=\"elementor-heading-title elementor-size-default\">Sanduk za ruvo<\/h2>\t\t\t\t<\/div>\n\t\t\t\t<\/div>\n\t\t\t\t<div class=\"elementor-element elementor-element-b86b9d8 elementor-widget elementor-widget-text-editor\" data-id=\"b86b9d8\" data-element_type=\"widget\" data-widget_type=\"text-editor.default\">\n\t\t\t\t<div class=\"elementor-widget-container\">\n\t\t\t\t\t\t\t\t\t<p>Ukra\u0161ena drvena \u0161krinja za \u010duvanje tekstila.<\/p>\t\t\t\t\t\t\t\t<\/div>\n\t\t\t\t<\/div>\n\t\t\t\t<div class=\"elementor-element elementor-element-23bc9f7 elementor-align-center elementor-widget elementor-widget-button\" data-id=\"23bc9f7\" data-element_type=\"widget\" data-widget_type=\"button.default\">\n\t\t\t\t<div class=\"elementor-widget-container\">\n\t\t\t\t\t\t\t\t\t<div class=\"elementor-button-wrapper\">\n\t\t\t\t\t<a class=\"elementor-button elementor-button-link elementor-size-sm\" href=\"https:\/\/qtour.org\/virtualni-postav-muzej-zupanja\/sanduk-za-ruvo\/\">\n\t\t\t\t\t\t<span class=\"elementor-button-content-wrapper\">\n\t\t\t\t\t\t\t\t\t<span class=\"elementor-button-text\">Vi\u0161e<\/span>\n\t\t\t\t\t<\/span>\n\t\t\t\t\t<\/a>\n\t\t\t\t<\/div>\n\t\t\t\t\t\t\t\t<\/div>\n\t\t\t\t<\/div>\n\t\t\t\t\t<\/div>\n\t\t<\/div>\n\t\t\t\t<div class=\"elementor-column elementor-col-50 elementor-inner-column elementor-element elementor-element-a898166\" data-id=\"a898166\" data-element_type=\"column\">\n\t\t\t<div class=\"elementor-widget-wrap elementor-element-populated\">\n\t\t\t\t\t\t<div class=\"elementor-element elementor-element-8ffc280 elementor-widget elementor-widget-image\" data-id=\"8ffc280\" data-element_type=\"widget\" data-widget_type=\"image.default\">\n\t\t\t\t<div class=\"elementor-widget-container\">\n\t\t\t\t\t\t\t\t\t\t\t\t\t\t\t<img decoding=\"async\" width=\"300\" height=\"200\" src=\"https:\/\/qtour.org\/wp-content\/uploads\/2020\/04\/otarak-4-300x200.jpg\" class=\"attachment-medium size-medium wp-image-4685\" alt=\"\" srcset=\"https:\/\/qtour.org\/wp-content\/uploads\/2020\/04\/otarak-4-300x200.jpg 300w, https:\/\/qtour.org\/wp-content\/uploads\/2020\/04\/otarak-4-768x512.jpg 768w, https:\/\/qtour.org\/wp-content\/uploads\/2020\/04\/otarak-4.jpg 800w\" sizes=\"(max-width: 300px) 100vw, 300px\" \/>\t\t\t\t\t\t\t\t\t\t\t\t\t\t\t<\/div>\n\t\t\t\t<\/div>\n\t\t\t\t<div class=\"elementor-element elementor-element-6da76a9 elementor-widget elementor-widget-heading\" data-id=\"6da76a9\" data-element_type=\"widget\" data-widget_type=\"heading.default\">\n\t\t\t\t<div class=\"elementor-widget-container\">\n\t\t\t\t\t<h2 class=\"elementor-heading-title elementor-size-default\">Otarak<\/h2>\t\t\t\t<\/div>\n\t\t\t\t<\/div>\n\t\t\t\t<div class=\"elementor-element elementor-element-22ce978 elementor-widget elementor-widget-text-editor\" data-id=\"22ce978\" data-element_type=\"widget\" data-widget_type=\"text-editor.default\">\n\t\t\t\t<div class=\"elementor-widget-container\">\n\t\t\t\t\t\t\t\t\t<p>Tradicijski ru\u010dnik napravljen od doma\u0107eg platna.<\/p>\t\t\t\t\t\t\t\t<\/div>\n\t\t\t\t<\/div>\n\t\t\t\t<div class=\"elementor-element elementor-element-dd32012 elementor-align-center elementor-widget elementor-widget-button\" data-id=\"dd32012\" data-element_type=\"widget\" data-widget_type=\"button.default\">\n\t\t\t\t<div class=\"elementor-widget-container\">\n\t\t\t\t\t\t\t\t\t<div class=\"elementor-button-wrapper\">\n\t\t\t\t\t<a class=\"elementor-button elementor-button-link elementor-size-sm\" href=\"https:\/\/qtour.org\/virtualni-postav-muzej-zupanja\/otarak\/\">\n\t\t\t\t\t\t<span class=\"elementor-button-content-wrapper\">\n\t\t\t\t\t\t\t\t\t<span class=\"elementor-button-text\">Vi\u0161e<\/span>\n\t\t\t\t\t<\/span>\n\t\t\t\t\t<\/a>\n\t\t\t\t<\/div>\n\t\t\t\t\t\t\t\t<\/div>\n\t\t\t\t<\/div>\n\t\t\t\t\t<\/div>\n\t\t<\/div>\n\t\t\t\t\t<\/div>\n\t\t<\/section>\n\t\t\t\t<div class=\"elementor-element elementor-element-d1f4ee5 elementor-view-default elementor-widget elementor-widget-icon\" data-id=\"d1f4ee5\" data-element_type=\"widget\" data-widget_type=\"icon.default\">\n\t\t\t\t<div class=\"elementor-widget-container\">\n\t\t\t\t\t\t\t<div class=\"elementor-icon-wrapper\">\n\t\t\t<a class=\"elementor-icon\" href=\"https:\/\/qtour.org\/virtualni-postav-muzej-zupanja\/2d-izlozba\/#izlozba-8\">\n\t\t\t<i aria-hidden=\"true\" class=\"fas fa-long-arrow-alt-left\"><\/i>\t\t\t<\/a>\n\t\t<\/div>\n\t\t\t\t\t\t<\/div>\n\t\t\t\t<\/div>\n\t\t\t\t<div class=\"elementor-element elementor-element-e3fb05a elementor-widget elementor-widget-text-editor\" data-id=\"e3fb05a\" data-element_type=\"widget\" data-widget_type=\"text-editor.default\">\n\t\t\t\t<div class=\"elementor-widget-container\">\n\t\t\t\t\t\t\t\t\t<p><a href=\"https:\/\/qtour.org\/virtualni-postav-muzej-zupanja\/2d-izlozba\/#izlozba-8\">NATRAG<\/a><\/p>\t\t\t\t\t\t\t\t<\/div>\n\t\t\t\t<\/div>\n\t\t\t\t\t<\/div>\n\t\t<\/div>\n\t\t\t\t\t<\/div>\n\t\t<\/section>\n\t\t\t\t<\/div>\n\t\t","protected":false},"excerpt":{"rendered":"<p>Mladenci U muzejskoj vitrini stalnog postava ponosno stoji mlado\u017eenja, obu\u010den u sve\u010danu tradicijsku no\u0161nju za vjen\u010danje. Temeljna odje\u0107a na mlado\u017eenji je napravljena od doma\u0107eg uzorkovanog (\u201eusnivanog\u201d) tkanja. Odje\u0107a je na poprsju i iznad poruba ko\u0161ulje (\u201erubine\u201c) i hla\u010da (\u201ega\u0107a\u201c) bogato ure\u0161ena zlatovezom (tehnikom: \u201epreko papira\u201c \u2013 vi\u0161e o tome mo\u017eete saznati skeniraju\u0107i zaseban QtouR kod&hellip;&nbsp;<a href=\"https:\/\/qtour.org\/de\/virtualni-postav-muzej-zupanja\/mladenci\/\" class=\"\" rel=\"bookmark\">Read More &raquo;<span class=\"screen-reader-text\">Mladenci<\/span><\/a><\/p>\n","protected":false},"author":1,"featured_media":0,"parent":4358,"menu_order":0,"comment_status":"closed","ping_status":"closed","template":"elementor_header_footer","meta":{"footnotes":""},"tags":[],"folder":[9],"class_list":["post-4632","page","type-page","status-publish","hentry"],"_links":{"self":[{"href":"https:\/\/qtour.org\/de\/wp-json\/wp\/v2\/pages\/4632","targetHints":{"allow":["GET"]}}],"collection":[{"href":"https:\/\/qtour.org\/de\/wp-json\/wp\/v2\/pages"}],"about":[{"href":"https:\/\/qtour.org\/de\/wp-json\/wp\/v2\/types\/page"}],"author":[{"embeddable":true,"href":"https:\/\/qtour.org\/de\/wp-json\/wp\/v2\/users\/1"}],"replies":[{"embeddable":true,"href":"https:\/\/qtour.org\/de\/wp-json\/wp\/v2\/comments?post=4632"}],"version-history":[{"count":0,"href":"https:\/\/qtour.org\/de\/wp-json\/wp\/v2\/pages\/4632\/revisions"}],"up":[{"embeddable":true,"href":"https:\/\/qtour.org\/de\/wp-json\/wp\/v2\/pages\/4358"}],"wp:attachment":[{"href":"https:\/\/qtour.org\/de\/wp-json\/wp\/v2\/media?parent=4632"}],"wp:term":[{"taxonomy":"post_tag","embeddable":true,"href":"https:\/\/qtour.org\/de\/wp-json\/wp\/v2\/tags?post=4632"},{"taxonomy":"folder","embeddable":true,"href":"https:\/\/qtour.org\/de\/wp-json\/wp\/v2\/folder?post=4632"}],"curies":[{"name":"wp","href":"https:\/\/api.w.org\/{rel}","templated":true}]}}