{"id":4626,"date":"2020-04-02T16:45:21","date_gmt":"2020-04-02T16:45:21","guid":{"rendered":"https:\/\/qtour.org\/?page_id=4626"},"modified":"2020-10-14T10:46:11","modified_gmt":"2020-10-14T10:46:11","slug":"sluga","status":"publish","type":"page","link":"https:\/\/qtour.org\/de\/virtualni-postav-muzej-zupanja\/sluga\/","title":{"rendered":"Sluga"},"content":{"rendered":"\t\t<div data-elementor-type=\"wp-page\" data-elementor-id=\"4626\" class=\"elementor elementor-4626\">\n\t\t\t\t\t\t<section class=\"elementor-section elementor-top-section elementor-element elementor-element-60516e3 elementor-section-boxed elementor-section-height-default elementor-section-height-default\" data-id=\"60516e3\" data-element_type=\"section\">\n\t\t\t\t\t\t<div class=\"elementor-container elementor-column-gap-default\">\n\t\t\t\t\t<div class=\"elementor-column elementor-col-100 elementor-top-column elementor-element elementor-element-6035743\" data-id=\"6035743\" data-element_type=\"column\" data-settings=\"{&quot;background_background&quot;:&quot;classic&quot;}\">\n\t\t\t<div class=\"elementor-widget-wrap elementor-element-populated\">\n\t\t\t\t\t\t<div class=\"elementor-element elementor-element-5020d8a elementor-widget elementor-widget-heading\" data-id=\"5020d8a\" data-element_type=\"widget\" data-widget_type=\"heading.default\">\n\t\t\t\t<div class=\"elementor-widget-container\">\n\t\t\t\t\t<h2 class=\"elementor-heading-title elementor-size-default\">Sluga<\/h2>\t\t\t\t<\/div>\n\t\t\t\t<\/div>\n\t\t\t\t<div class=\"elementor-element elementor-element-94bde94 elementor-widget elementor-widget-text-editor\" data-id=\"94bde94\" data-element_type=\"widget\" data-widget_type=\"text-editor.default\">\n\t\t\t\t<div class=\"elementor-widget-container\">\n\t\t\t\t\t\t\t\t\t<p>Ovo je nisko drveno pomagalo ime dobilo po svojoj \u201eponiznoj\u201c, ali izrazito korisnoj ulozi. Naime, ova je jednostavna naprava \u201eslu\u017eila\u201c kao pomo\u0107 pri izuvanju obu\u0107e. Sluga je omogu\u0107avao da se osoba pri izuvanju ne mora saginjati i mu\u010diti, ali i zato da se ne zaprlja. Petu obu\u0107e koja se izuva zaglavilo bi se u slugu, a drugom bi se nogom stalo na drvenu plohu kako se sluga ne bi pomicao. Slugu se u nekim krajevima, mo\u017eda manje zanimljivo, naziva i \u201eizuva\u010d\u201c.<\/p>\t\t\t\t\t\t\t\t<\/div>\n\t\t\t\t<\/div>\n\t\t\t\t<div class=\"elementor-element elementor-element-595bbd6 elementor-widget elementor-widget-text-editor\" data-id=\"595bbd6\" data-element_type=\"widget\" data-widget_type=\"text-editor.default\">\n\t\t\t\t<div class=\"elementor-widget-container\">\n\t\t\t\t\t\t\t\t\t<p><\/p>\n<p>Sama je naprava pravokutno oblikovana. Na jednom kraju zavr\u0161ava polukru\u017eno, dok je na drugom kraju ovalno udubljena. Stoji na dvije kratke noge okruglo oblikovane i ulo\u017eene u gornju plohu, tako da je drugi kraj polo\u017een na zemlju.<\/p>\n<p>Muzej je \u201eslugu\u201c otkupio 1980. godine od Anice Andrin. Mjesto i vrijeme izrade: Gradi\u0161te, po\u010detak 20. st.<\/p>\n<p><\/p>\t\t\t\t\t\t\t\t<\/div>\n\t\t\t\t<\/div>\n\t\t\t\t<div class=\"elementor-element elementor-element-6c95c29 elementor-view-default elementor-widget elementor-widget-icon\" data-id=\"6c95c29\" data-element_type=\"widget\" data-widget_type=\"icon.default\">\n\t\t\t\t<div class=\"elementor-widget-container\">\n\t\t\t\t\t\t\t<div class=\"elementor-icon-wrapper\">\n\t\t\t<a class=\"elementor-icon\" href=\"https:\/\/qtour.org\/virtualni-postav-muzej-zupanja\/badnja-vecer\/#izdvojeno4\">\n\t\t\t<i aria-hidden=\"true\" class=\"fas fa-long-arrow-alt-left\"><\/i>\t\t\t<\/a>\n\t\t<\/div>\n\t\t\t\t\t\t<\/div>\n\t\t\t\t<\/div>\n\t\t\t\t<div class=\"elementor-element elementor-element-86e9536 elementor-widget elementor-widget-text-editor\" data-id=\"86e9536\" data-element_type=\"widget\" data-widget_type=\"text-editor.default\">\n\t\t\t\t<div class=\"elementor-widget-container\">\n\t\t\t\t\t\t\t\t\t<p><a href=\"https:\/\/qtour.org\/virtualni-postav-muzej-zupanja\/badnja-vecer\/#izdvojeno4\">NATRAG<\/a><\/p>\t\t\t\t\t\t\t\t<\/div>\n\t\t\t\t<\/div>\n\t\t\t\t\t<\/div>\n\t\t<\/div>\n\t\t\t\t\t<\/div>\n\t\t<\/section>\n\t\t\t\t<\/div>\n\t\t","protected":false},"excerpt":{"rendered":"<p>Sluga Ovo je nisko drveno pomagalo ime dobilo po svojoj \u201eponiznoj\u201c, ali izrazito korisnoj ulozi. Naime, ova je jednostavna naprava \u201eslu\u017eila\u201c kao pomo\u0107 pri izuvanju obu\u0107e. Sluga je omogu\u0107avao da se osoba pri izuvanju ne mora saginjati i mu\u010diti, ali i zato da se ne zaprlja. Petu obu\u0107e koja se izuva zaglavilo bi se u&hellip;&nbsp;<a href=\"https:\/\/qtour.org\/de\/virtualni-postav-muzej-zupanja\/sluga\/\" class=\"\" rel=\"bookmark\">Read More &raquo;<span class=\"screen-reader-text\">Sluga<\/span><\/a><\/p>\n","protected":false},"author":1,"featured_media":0,"parent":4358,"menu_order":0,"comment_status":"closed","ping_status":"closed","template":"elementor_header_footer","meta":{"footnotes":""},"tags":[],"folder":[9],"class_list":["post-4626","page","type-page","status-publish","hentry"],"_links":{"self":[{"href":"https:\/\/qtour.org\/de\/wp-json\/wp\/v2\/pages\/4626","targetHints":{"allow":["GET"]}}],"collection":[{"href":"https:\/\/qtour.org\/de\/wp-json\/wp\/v2\/pages"}],"about":[{"href":"https:\/\/qtour.org\/de\/wp-json\/wp\/v2\/types\/page"}],"author":[{"embeddable":true,"href":"https:\/\/qtour.org\/de\/wp-json\/wp\/v2\/users\/1"}],"replies":[{"embeddable":true,"href":"https:\/\/qtour.org\/de\/wp-json\/wp\/v2\/comments?post=4626"}],"version-history":[{"count":0,"href":"https:\/\/qtour.org\/de\/wp-json\/wp\/v2\/pages\/4626\/revisions"}],"up":[{"embeddable":true,"href":"https:\/\/qtour.org\/de\/wp-json\/wp\/v2\/pages\/4358"}],"wp:attachment":[{"href":"https:\/\/qtour.org\/de\/wp-json\/wp\/v2\/media?parent=4626"}],"wp:term":[{"taxonomy":"post_tag","embeddable":true,"href":"https:\/\/qtour.org\/de\/wp-json\/wp\/v2\/tags?post=4626"},{"taxonomy":"folder","embeddable":true,"href":"https:\/\/qtour.org\/de\/wp-json\/wp\/v2\/folder?post=4626"}],"curies":[{"name":"wp","href":"https:\/\/api.w.org\/{rel}","templated":true}]}}