{"id":4614,"date":"2020-04-02T16:28:08","date_gmt":"2020-04-02T16:28:08","guid":{"rendered":"https:\/\/qtour.org\/?page_id=4614"},"modified":"2020-10-14T10:43:53","modified_gmt":"2020-10-14T10:43:53","slug":"kozuv","status":"publish","type":"page","link":"https:\/\/qtour.org\/de\/virtualni-postav-muzej-zupanja\/kozuv\/","title":{"rendered":"Ko\u017euv"},"content":{"rendered":"\t\t<div data-elementor-type=\"wp-page\" data-elementor-id=\"4614\" class=\"elementor elementor-4614\">\n\t\t\t\t\t\t<section class=\"elementor-section elementor-top-section elementor-element elementor-element-20d26ae elementor-section-boxed elementor-section-height-default elementor-section-height-default\" data-id=\"20d26ae\" data-element_type=\"section\">\n\t\t\t\t\t\t<div class=\"elementor-container elementor-column-gap-default\">\n\t\t\t\t\t<div class=\"elementor-column elementor-col-100 elementor-top-column elementor-element elementor-element-9dfc196\" data-id=\"9dfc196\" data-element_type=\"column\" data-settings=\"{&quot;background_background&quot;:&quot;classic&quot;}\">\n\t\t\t<div class=\"elementor-widget-wrap elementor-element-populated\">\n\t\t\t\t\t\t<div class=\"elementor-element elementor-element-b18f081 elementor-widget elementor-widget-heading\" data-id=\"b18f081\" data-element_type=\"widget\" data-widget_type=\"heading.default\">\n\t\t\t\t<div class=\"elementor-widget-container\">\n\t\t\t\t\t<h2 class=\"elementor-heading-title elementor-size-default\">Ko\u017euv<\/h2>\t\t\t\t<\/div>\n\t\t\t\t<\/div>\n\t\t\t\t<div class=\"elementor-element elementor-element-f491b7b elementor-widget elementor-widget-text-editor\" data-id=\"f491b7b\" data-element_type=\"widget\" data-widget_type=\"text-editor.default\">\n\t\t\t\t<div class=\"elementor-widget-container\">\n\t\t\t\t\t\t\t\t\t<p>Ovaj je mu\u0161ki poludugi krzneni kaput (\u201eko\u017euv\u201c) iskrojen od pet komada \u0161tavljene ko\u017ee, s runom iznutra. Ovakav se skupocjeni i sve\u010dani kaput nosio samo u sve\u010danim prigodama i to uz zimske tipove mu\u0161ke\u00a0 tradicijske odje\u0107e. Predstavljao je rijedak i presti\u017ean odjevni predmet.<\/p>\t\t\t\t\t\t\t\t<\/div>\n\t\t\t\t<\/div>\n\t\t\t\t<div class=\"elementor-element elementor-element-97d7ece elementor-widget elementor-widget-text-editor\" data-id=\"97d7ece\" data-element_type=\"widget\" data-widget_type=\"text-editor.default\">\n\t\t\t\t<div class=\"elementor-widget-container\">\n\t\t\t\t\t\t\t\t\t<p><\/p>\n<p>Ukrasi na prednjoj i zadnjoj strani na\u010dinjeni su od raznobojnih aplikacija ko\u017ee: \u017eute, zelene i bijele boje, a prevladava crvena. Na prednjicama i odostrag, u visini struka te u donjem dijelu, aplicirani su floralni ornamenti: stilizirani cvjetovi i listovi te valovite linije iznad rukava. U pojasu i oko ramena su upletene ko\u017ene vrpce od bijele ko\u017ee. Ispod aplikacija ko\u017enih uresa umetnuta su mala zrcala, koja se naziru ispod okruglo izrezane ko\u017ee. Kaput se kop\u010da s tri ko\u017ena dugmeta. Rukavi su u\u0161iveni u ramenu, a na prednjoj strani su dva d\u017eepa, s lijeve i desne strane. Rubovi uskog ovratnika, donji rub i rubovi rukava su obrubljeni crnim janje\u0107im runom.<\/p>\n<p>Muzej ga je otkupio 1998. godine od Kate Le\u0161i\u0107. Mjesto i vrijeme izrade: Bo\u0161njaci, kraj 19.st.<\/p>\n<p><\/p>\t\t\t\t\t\t\t\t<\/div>\n\t\t\t\t<\/div>\n\t\t\t\t<div class=\"elementor-element elementor-element-ddb820b elementor-view-default elementor-widget elementor-widget-icon\" data-id=\"ddb820b\" data-element_type=\"widget\" data-widget_type=\"icon.default\">\n\t\t\t\t<div class=\"elementor-widget-container\">\n\t\t\t\t\t\t\t<div class=\"elementor-icon-wrapper\">\n\t\t\t<a class=\"elementor-icon\" href=\"https:\/\/qtour.org\/virtualni-postav-muzej-zupanja\/badnja-vecer\/#izdvojeno1\">\n\t\t\t<i aria-hidden=\"true\" class=\"fas fa-long-arrow-alt-left\"><\/i>\t\t\t<\/a>\n\t\t<\/div>\n\t\t\t\t\t\t<\/div>\n\t\t\t\t<\/div>\n\t\t\t\t<div class=\"elementor-element elementor-element-f2665f7 elementor-widget elementor-widget-text-editor\" data-id=\"f2665f7\" data-element_type=\"widget\" data-widget_type=\"text-editor.default\">\n\t\t\t\t<div class=\"elementor-widget-container\">\n\t\t\t\t\t\t\t\t\t<p><a href=\"https:\/\/qtour.org\/virtualni-postav-muzej-zupanja\/badnja-vecer\/#izdvojeno1\">NATRAG<\/a><\/p>\t\t\t\t\t\t\t\t<\/div>\n\t\t\t\t<\/div>\n\t\t\t\t\t<\/div>\n\t\t<\/div>\n\t\t\t\t\t<\/div>\n\t\t<\/section>\n\t\t\t\t<\/div>\n\t\t","protected":false},"excerpt":{"rendered":"<p>Ko\u017euv Ovaj je mu\u0161ki poludugi krzneni kaput (\u201eko\u017euv\u201c) iskrojen od pet komada \u0161tavljene ko\u017ee, s runom iznutra. Ovakav se skupocjeni i sve\u010dani kaput nosio samo u sve\u010danim prigodama i to uz zimske tipove mu\u0161ke\u00a0 tradicijske odje\u0107e. Predstavljao je rijedak i presti\u017ean odjevni predmet. Ukrasi na prednjoj i zadnjoj strani na\u010dinjeni su od raznobojnih aplikacija ko\u017ee:&hellip;&nbsp;<a href=\"https:\/\/qtour.org\/de\/virtualni-postav-muzej-zupanja\/kozuv\/\" class=\"\" rel=\"bookmark\">Read More &raquo;<span class=\"screen-reader-text\">Ko\u017euv<\/span><\/a><\/p>\n","protected":false},"author":1,"featured_media":0,"parent":4358,"menu_order":0,"comment_status":"closed","ping_status":"closed","template":"elementor_header_footer","meta":{"footnotes":""},"tags":[],"folder":[9],"class_list":["post-4614","page","type-page","status-publish","hentry"],"_links":{"self":[{"href":"https:\/\/qtour.org\/de\/wp-json\/wp\/v2\/pages\/4614","targetHints":{"allow":["GET"]}}],"collection":[{"href":"https:\/\/qtour.org\/de\/wp-json\/wp\/v2\/pages"}],"about":[{"href":"https:\/\/qtour.org\/de\/wp-json\/wp\/v2\/types\/page"}],"author":[{"embeddable":true,"href":"https:\/\/qtour.org\/de\/wp-json\/wp\/v2\/users\/1"}],"replies":[{"embeddable":true,"href":"https:\/\/qtour.org\/de\/wp-json\/wp\/v2\/comments?post=4614"}],"version-history":[{"count":0,"href":"https:\/\/qtour.org\/de\/wp-json\/wp\/v2\/pages\/4614\/revisions"}],"up":[{"embeddable":true,"href":"https:\/\/qtour.org\/de\/wp-json\/wp\/v2\/pages\/4358"}],"wp:attachment":[{"href":"https:\/\/qtour.org\/de\/wp-json\/wp\/v2\/media?parent=4614"}],"wp:term":[{"taxonomy":"post_tag","embeddable":true,"href":"https:\/\/qtour.org\/de\/wp-json\/wp\/v2\/tags?post=4614"},{"taxonomy":"folder","embeddable":true,"href":"https:\/\/qtour.org\/de\/wp-json\/wp\/v2\/folder?post=4614"}],"curies":[{"name":"wp","href":"https:\/\/api.w.org\/{rel}","templated":true}]}}