{"id":4596,"date":"2020-04-02T16:09:33","date_gmt":"2020-04-02T16:09:33","guid":{"rendered":"https:\/\/qtour.org\/?page_id=4596"},"modified":"2021-11-21T19:23:57","modified_gmt":"2021-11-21T19:23:57","slug":"badnja-vecer","status":"publish","type":"page","link":"https:\/\/qtour.org\/de\/virtualni-postav-muzej-zupanja\/badnja-vecer\/","title":{"rendered":"Badnja ve\u010der"},"content":{"rendered":"\t\t<div data-elementor-type=\"wp-page\" data-elementor-id=\"4596\" class=\"elementor elementor-4596\">\n\t\t\t\t\t\t<section class=\"elementor-section elementor-top-section elementor-element elementor-element-401e425 elementor-section-boxed elementor-section-height-default elementor-section-height-default\" data-id=\"401e425\" data-element_type=\"section\">\n\t\t\t\t\t\t<div class=\"elementor-container elementor-column-gap-default\">\n\t\t\t\t\t<div class=\"elementor-column elementor-col-100 elementor-top-column elementor-element elementor-element-7d974d8\" data-id=\"7d974d8\" data-element_type=\"column\" data-settings=\"{&quot;background_background&quot;:&quot;classic&quot;}\">\n\t\t\t<div class=\"elementor-widget-wrap elementor-element-populated\">\n\t\t\t\t\t\t<div class=\"elementor-element elementor-element-bbe25f0 elementor-widget elementor-widget-heading\" data-id=\"bbe25f0\" data-element_type=\"widget\" data-widget_type=\"heading.default\">\n\t\t\t\t<div class=\"elementor-widget-container\">\n\t\t\t\t\t<h2 class=\"elementor-heading-title elementor-size-default\">Badnja ve\u010der<\/h2>\t\t\t\t<\/div>\n\t\t\t\t<\/div>\n\t\t\t\t<div class=\"elementor-element elementor-element-2c9a61d elementor-widget elementor-widget-text-editor\" data-id=\"2c9a61d\" data-element_type=\"widget\" data-widget_type=\"text-editor.default\">\n\t\t\t\t<div class=\"elementor-widget-container\">\n\t\t\t\t\t\t\t\t\t<p>Bez obzira je li se radilo o siroma\u0161nim ili onim bogatijim obiteljima, svi su u danima oko Bo\u017ei\u0107a nastojali ispuniti odre\u0111ena pravila u na\u010dinu ure\u0161avanja ku\u0107e, stola, pripremanja hrane, pi\u0107a, odijevanja i mnogih drugih obi\u010daja. Sredi\u0161nji je doga\u0111aj svakako bio obiteljski objed.<\/p>\n<p>Uz ovaj prikaz \u017eelimo vam skrenuti pa\u017enju na bo\u017ei\u0107nu svije\u0107u, kao na jedan vrlo va\u017ean i neizostavan simbol Badnje ve\u010deri i Bo\u017ei\u0107a. Bo\u017ei\u0107nu su svije\u0107u ljudi u pro\u0161lim vremenima sami izra\u0111ivali i ona se u pravilu postavljala na sredi\u0161nji dio blagdanskog stola. Svije\u0107i se pridavala stvarna i sna\u017ena magi\u010dna mo\u0107 te se ona obavezno bri\u017eno \u010duvala za idu\u0107u godinu. Vrlo su \u010desta i proricanja vezana za njezino ga\u0161enje. Naime, vjerovalo se da ako dim svije\u0107e ne ode prema gore ve\u0107 se navije prema jednoj od osoba za stolom, da \u0107e ta osoba umrijeti u idu\u0107oj godini.<\/p>\t\t\t\t\t\t\t\t<\/div>\n\t\t\t\t<\/div>\n\t\t\t\t<div class=\"elementor-element elementor-element-e3b4c82 elementor-widget elementor-widget-text-editor\" data-id=\"e3b4c82\" data-element_type=\"widget\" data-widget_type=\"text-editor.default\">\n\t\t\t\t<div class=\"elementor-widget-container\">\n\t\t\t\t\t\t\t\t\t<p><\/p>\n<p>\u00a0U slavonskim selima zabilje\u017eeno je da svije\u0107u gasi najstariji \u010dlan ku\u0107e, obi\u010dno mu\u0161karac i to nakon pojedene juhe. Gasio ju je na na\u010din da \u017elicom zagrabi malo vina iz \u010da\u0161e te je prinosi plamenu svije\u0107e\u00a0 gase\u0107i ga. Nakon ga\u0161enja, ostatak vina vra\u0107a u \u010da\u0161u te je di\u017ee i nazdravlja: \u201e\u017divi i zdravi mi bili i dogodine svi se ponovno na\u0161li za ovim stolom.\u201c. Zatim prvo on, a onda i svi odrasli uku\u0107ani ispijaju gutljaj vina iz te \u010da\u0161e.<\/p>\n<p>U selima u okolici \u017dupanje umjesto vina za ga\u0161enje svije\u0107e poslu\u017eila bi rakija, a u \u017dupanji je pak zabilje\u017eeno da se bo\u017ei\u0107na svije\u0107a gasila kruhom. Taj bi se komadi\u0107 kruha \u010duvao na stolu sve do zavr\u0161etka ve\u010dere, kada ga se obavezno bacalo u plamen pe\u0107i (nikako ga se nije smjelo pomije\u0161ati s ostalim ostacima jela). U Bo\u0161njacima su, prije ga\u0161enja svije\u0107e rakijom, svi uku\u0107ani molili onoliko molitava (O\u010de na\u0161, Zdravo Marijo i Slava Ocu) koliko je osoba za stolom. S obzirom da su obitelji tada vrlo \u010desto bile brojne, molitva je znala potrajati.<\/p>\n<p><\/p>\t\t\t\t\t\t\t\t<\/div>\n\t\t\t\t<\/div>\n\t\t\t\t<div class=\"elementor-element elementor-element-85f64ae elementor-widget elementor-widget-heading\" data-id=\"85f64ae\" data-element_type=\"widget\" data-widget_type=\"heading.default\">\n\t\t\t\t<div class=\"elementor-widget-container\">\n\t\t\t\t\t<h2 class=\"elementor-heading-title elementor-size-default\">Izdvojeni predmeti iz prikaza<\/h2>\t\t\t\t<\/div>\n\t\t\t\t<\/div>\n\t\t\t\t<section class=\"elementor-section elementor-inner-section elementor-element elementor-element-ed2023e elementor-section-boxed elementor-section-height-default elementor-section-height-default\" data-id=\"ed2023e\" data-element_type=\"section\">\n\t\t\t\t\t\t<div class=\"elementor-container elementor-column-gap-default\">\n\t\t\t\t\t<div class=\"elementor-column elementor-col-50 elementor-inner-column elementor-element elementor-element-1c280ad\" data-id=\"1c280ad\" data-element_type=\"column\">\n\t\t\t<div class=\"elementor-widget-wrap elementor-element-populated\">\n\t\t\t\t\t\t<div class=\"elementor-element elementor-element-b3b2c88 elementor-widget elementor-widget-image\" data-id=\"b3b2c88\" data-element_type=\"widget\" id=\"izdvojeno1\" data-widget_type=\"image.default\">\n\t\t\t\t<div class=\"elementor-widget-container\">\n\t\t\t\t\t\t\t\t\t\t\t\t\t\t\t<img fetchpriority=\"high\" decoding=\"async\" width=\"182\" height=\"300\" src=\"https:\/\/qtour.org\/wp-content\/uploads\/2020\/04\/kozuv-1-182x300.jpg\" class=\"attachment-medium size-medium wp-image-4608\" alt=\"\" srcset=\"https:\/\/qtour.org\/wp-content\/uploads\/2020\/04\/kozuv-1-182x300.jpg 182w, https:\/\/qtour.org\/wp-content\/uploads\/2020\/04\/kozuv-1-621x1024.jpg 621w, https:\/\/qtour.org\/wp-content\/uploads\/2020\/04\/kozuv-1-768x1266.jpg 768w, https:\/\/qtour.org\/wp-content\/uploads\/2020\/04\/kozuv-1.jpg 800w\" sizes=\"(max-width: 182px) 100vw, 182px\" \/>\t\t\t\t\t\t\t\t\t\t\t\t\t\t\t<\/div>\n\t\t\t\t<\/div>\n\t\t\t\t<div class=\"elementor-element elementor-element-096aef4 elementor-widget elementor-widget-heading\" data-id=\"096aef4\" data-element_type=\"widget\" data-widget_type=\"heading.default\">\n\t\t\t\t<div class=\"elementor-widget-container\">\n\t\t\t\t\t<h2 class=\"elementor-heading-title elementor-size-default\">Ko\u017euv<\/h2>\t\t\t\t<\/div>\n\t\t\t\t<\/div>\n\t\t\t\t<div class=\"elementor-element elementor-element-22f1ed3 elementor-widget elementor-widget-text-editor\" data-id=\"22f1ed3\" data-element_type=\"widget\" data-widget_type=\"text-editor.default\">\n\t\t\t\t<div class=\"elementor-widget-container\">\n\t\t\t\t\t\t\t\t\t<p>Ovakav se skupocjeni kaput nosio samo u sve\u010danim prigodama.<\/p>\t\t\t\t\t\t\t\t<\/div>\n\t\t\t\t<\/div>\n\t\t\t\t<div class=\"elementor-element elementor-element-843de95 elementor-align-center elementor-widget elementor-widget-button\" data-id=\"843de95\" data-element_type=\"widget\" data-widget_type=\"button.default\">\n\t\t\t\t<div class=\"elementor-widget-container\">\n\t\t\t\t\t\t\t\t\t<div class=\"elementor-button-wrapper\">\n\t\t\t\t\t<a class=\"elementor-button elementor-button-link elementor-size-sm\" href=\"https:\/\/qtour.org\/virtualni-postav-muzej-zupanja\/kozuv\/\">\n\t\t\t\t\t\t<span class=\"elementor-button-content-wrapper\">\n\t\t\t\t\t\t\t\t\t<span class=\"elementor-button-text\">Vi\u0161e<\/span>\n\t\t\t\t\t<\/span>\n\t\t\t\t\t<\/a>\n\t\t\t\t<\/div>\n\t\t\t\t\t\t\t\t<\/div>\n\t\t\t\t<\/div>\n\t\t\t\t\t<\/div>\n\t\t<\/div>\n\t\t\t\t<div class=\"elementor-column elementor-col-50 elementor-inner-column elementor-element elementor-element-18d6497\" data-id=\"18d6497\" data-element_type=\"column\">\n\t\t\t<div class=\"elementor-widget-wrap elementor-element-populated\">\n\t\t\t\t\t\t<div class=\"elementor-element elementor-element-6df993e elementor-widget elementor-widget-image\" data-id=\"6df993e\" data-element_type=\"widget\" id=\"izdvojeno2\" data-widget_type=\"image.default\">\n\t\t\t\t<div class=\"elementor-widget-container\">\n\t\t\t\t\t\t\t\t\t\t\t\t\t\t\t<img decoding=\"async\" width=\"200\" height=\"300\" src=\"https:\/\/qtour.org\/wp-content\/uploads\/2020\/04\/molitvenik-1-200x300.jpg\" class=\"attachment-medium size-medium wp-image-4610\" alt=\"\" srcset=\"https:\/\/qtour.org\/wp-content\/uploads\/2020\/04\/molitvenik-1-200x300.jpg 200w, https:\/\/qtour.org\/wp-content\/uploads\/2020\/04\/molitvenik-1-683x1024.jpg 683w, https:\/\/qtour.org\/wp-content\/uploads\/2020\/04\/molitvenik-1-768x1152.jpg 768w, https:\/\/qtour.org\/wp-content\/uploads\/2020\/04\/molitvenik-1.jpg 800w\" sizes=\"(max-width: 200px) 100vw, 200px\" \/>\t\t\t\t\t\t\t\t\t\t\t\t\t\t\t<\/div>\n\t\t\t\t<\/div>\n\t\t\t\t<div class=\"elementor-element elementor-element-e2df752 elementor-widget elementor-widget-heading\" data-id=\"e2df752\" data-element_type=\"widget\" data-widget_type=\"heading.default\">\n\t\t\t\t<div class=\"elementor-widget-container\">\n\t\t\t\t\t<h2 class=\"elementor-heading-title elementor-size-default\">Molitvenik<\/h2>\t\t\t\t<\/div>\n\t\t\t\t<\/div>\n\t\t\t\t<div class=\"elementor-element elementor-element-ed6e3ec elementor-widget elementor-widget-text-editor\" data-id=\"ed6e3ec\" data-element_type=\"widget\" data-widget_type=\"text-editor.default\">\n\t\t\t\t<div class=\"elementor-widget-container\">\n\t\t\t\t\t\t\t\t\t<p>Molitvenik s bogato ukra\u0161enim koricama.<\/p>\t\t\t\t\t\t\t\t<\/div>\n\t\t\t\t<\/div>\n\t\t\t\t<div class=\"elementor-element elementor-element-b9eb436 elementor-align-center elementor-widget elementor-widget-button\" data-id=\"b9eb436\" data-element_type=\"widget\" data-widget_type=\"button.default\">\n\t\t\t\t<div class=\"elementor-widget-container\">\n\t\t\t\t\t\t\t\t\t<div class=\"elementor-button-wrapper\">\n\t\t\t\t\t<a class=\"elementor-button elementor-button-link elementor-size-sm\" href=\"https:\/\/qtour.org\/virtualni-postav-muzej-zupanja\/molitvenik\/\">\n\t\t\t\t\t\t<span class=\"elementor-button-content-wrapper\">\n\t\t\t\t\t\t\t\t\t<span class=\"elementor-button-text\">Vi\u0161e<\/span>\n\t\t\t\t\t<\/span>\n\t\t\t\t\t<\/a>\n\t\t\t\t<\/div>\n\t\t\t\t\t\t\t\t<\/div>\n\t\t\t\t<\/div>\n\t\t\t\t\t<\/div>\n\t\t<\/div>\n\t\t\t\t\t<\/div>\n\t\t<\/section>\n\t\t\t\t<section class=\"elementor-section elementor-inner-section elementor-element elementor-element-8f84a93 elementor-section-boxed elementor-section-height-default elementor-section-height-default\" data-id=\"8f84a93\" data-element_type=\"section\">\n\t\t\t\t\t\t<div class=\"elementor-container elementor-column-gap-default\">\n\t\t\t\t\t<div class=\"elementor-column elementor-col-50 elementor-inner-column elementor-element elementor-element-f45a3c1\" data-id=\"f45a3c1\" data-element_type=\"column\">\n\t\t\t<div class=\"elementor-widget-wrap elementor-element-populated\">\n\t\t\t\t\t\t<div class=\"elementor-element elementor-element-a9b213a elementor-widget elementor-widget-image\" data-id=\"a9b213a\" data-element_type=\"widget\" id=\"izdvojeno3\" data-widget_type=\"image.default\">\n\t\t\t\t<div class=\"elementor-widget-container\">\n\t\t\t\t\t\t\t\t\t\t\t\t\t\t\t<img decoding=\"async\" width=\"300\" height=\"200\" src=\"https:\/\/qtour.org\/wp-content\/uploads\/2020\/04\/papcara-slide-300x200.jpg\" class=\"attachment-medium size-medium wp-image-4743\" alt=\"\" srcset=\"https:\/\/qtour.org\/wp-content\/uploads\/2020\/04\/papcara-slide-300x200.jpg 300w, https:\/\/qtour.org\/wp-content\/uploads\/2020\/04\/papcara-slide-768x512.jpg 768w, https:\/\/qtour.org\/wp-content\/uploads\/2020\/04\/papcara-slide-930x620.jpg 930w, https:\/\/qtour.org\/wp-content\/uploads\/2020\/04\/papcara-slide.jpg 1000w\" sizes=\"(max-width: 300px) 100vw, 300px\" \/>\t\t\t\t\t\t\t\t\t\t\t\t\t\t\t<\/div>\n\t\t\t\t<\/div>\n\t\t\t\t<div class=\"elementor-element elementor-element-eb002b6 elementor-widget elementor-widget-heading\" data-id=\"eb002b6\" data-element_type=\"widget\" data-widget_type=\"heading.default\">\n\t\t\t\t<div class=\"elementor-widget-container\">\n\t\t\t\t\t<h2 class=\"elementor-heading-title elementor-size-default\">Pap\u010dara<\/h2>\t\t\t\t<\/div>\n\t\t\t\t<\/div>\n\t\t\t\t<div class=\"elementor-element elementor-element-d65e272 elementor-widget elementor-widget-text-editor\" data-id=\"d65e272\" data-element_type=\"widget\" data-widget_type=\"text-editor.default\">\n\t\t\t\t<div class=\"elementor-widget-container\">\n\t\t\t\t\t\t\t\t\t<p>Ova je lova\u010dka torba svoje zvu\u010dno ime dobila po srne\u0107im papcima kojima je ukra\u0161ena.<\/p>\t\t\t\t\t\t\t\t<\/div>\n\t\t\t\t<\/div>\n\t\t\t\t<div class=\"elementor-element elementor-element-b1c5b51 elementor-align-center elementor-widget elementor-widget-button\" data-id=\"b1c5b51\" data-element_type=\"widget\" data-widget_type=\"button.default\">\n\t\t\t\t<div class=\"elementor-widget-container\">\n\t\t\t\t\t\t\t\t\t<div class=\"elementor-button-wrapper\">\n\t\t\t\t\t<a class=\"elementor-button elementor-button-link elementor-size-sm\" href=\"https:\/\/qtour.org\/virtualni-postav-muzej-zupanja\/papcara\/\">\n\t\t\t\t\t\t<span class=\"elementor-button-content-wrapper\">\n\t\t\t\t\t\t\t\t\t<span class=\"elementor-button-text\">Vi\u0161e<\/span>\n\t\t\t\t\t<\/span>\n\t\t\t\t\t<\/a>\n\t\t\t\t<\/div>\n\t\t\t\t\t\t\t\t<\/div>\n\t\t\t\t<\/div>\n\t\t\t\t\t<\/div>\n\t\t<\/div>\n\t\t\t\t<div class=\"elementor-column elementor-col-50 elementor-inner-column elementor-element elementor-element-55277a6\" data-id=\"55277a6\" data-element_type=\"column\">\n\t\t\t<div class=\"elementor-widget-wrap elementor-element-populated\">\n\t\t\t\t\t\t<div class=\"elementor-element elementor-element-fc67e83 elementor-widget elementor-widget-image\" data-id=\"fc67e83\" data-element_type=\"widget\" id=\"izdvojeno4\" data-widget_type=\"image.default\">\n\t\t\t\t<div class=\"elementor-widget-container\">\n\t\t\t\t\t\t\t\t\t\t\t\t\t\t\t<img loading=\"lazy\" decoding=\"async\" width=\"300\" height=\"200\" src=\"https:\/\/qtour.org\/wp-content\/uploads\/2020\/04\/sluga-1-300x200.jpg\" class=\"attachment-medium size-medium wp-image-4623\" alt=\"\" srcset=\"https:\/\/qtour.org\/wp-content\/uploads\/2020\/04\/sluga-1-300x200.jpg 300w, https:\/\/qtour.org\/wp-content\/uploads\/2020\/04\/sluga-1-768x512.jpg 768w, https:\/\/qtour.org\/wp-content\/uploads\/2020\/04\/sluga-1-930x620.jpg 930w, https:\/\/qtour.org\/wp-content\/uploads\/2020\/04\/sluga-1.jpg 1000w\" sizes=\"(max-width: 300px) 100vw, 300px\" \/>\t\t\t\t\t\t\t\t\t\t\t\t\t\t\t<\/div>\n\t\t\t\t<\/div>\n\t\t\t\t<div class=\"elementor-element elementor-element-6056c79 elementor-widget elementor-widget-heading\" data-id=\"6056c79\" data-element_type=\"widget\" data-widget_type=\"heading.default\">\n\t\t\t\t<div class=\"elementor-widget-container\">\n\t\t\t\t\t<h2 class=\"elementor-heading-title elementor-size-default\">Sluga<\/h2>\t\t\t\t<\/div>\n\t\t\t\t<\/div>\n\t\t\t\t<div class=\"elementor-element elementor-element-7c9005c elementor-widget elementor-widget-text-editor\" data-id=\"7c9005c\" data-element_type=\"widget\" data-widget_type=\"text-editor.default\">\n\t\t\t\t<div class=\"elementor-widget-container\">\n\t\t\t\t\t\t\t\t\t<p>Ovo je nisko drveno pomagalo ime dobilo po svojoj \u201eponiznoj\u201c, ali izrazito korisnoj ulozi.<\/p>\t\t\t\t\t\t\t\t<\/div>\n\t\t\t\t<\/div>\n\t\t\t\t<div class=\"elementor-element elementor-element-2f2d626 elementor-align-center elementor-widget elementor-widget-button\" data-id=\"2f2d626\" data-element_type=\"widget\" data-widget_type=\"button.default\">\n\t\t\t\t<div class=\"elementor-widget-container\">\n\t\t\t\t\t\t\t\t\t<div class=\"elementor-button-wrapper\">\n\t\t\t\t\t<a class=\"elementor-button elementor-button-link elementor-size-sm\" href=\"https:\/\/qtour.org\/virtualni-postav-muzej-zupanja\/sluga\/\">\n\t\t\t\t\t\t<span class=\"elementor-button-content-wrapper\">\n\t\t\t\t\t\t\t\t\t<span class=\"elementor-button-text\">Vi\u0161e<\/span>\n\t\t\t\t\t<\/span>\n\t\t\t\t\t<\/a>\n\t\t\t\t<\/div>\n\t\t\t\t\t\t\t\t<\/div>\n\t\t\t\t<\/div>\n\t\t\t\t\t<\/div>\n\t\t<\/div>\n\t\t\t\t\t<\/div>\n\t\t<\/section>\n\t\t\t\t<div class=\"elementor-element elementor-element-85ae777 elementor-view-default elementor-widget elementor-widget-icon\" data-id=\"85ae777\" data-element_type=\"widget\" data-widget_type=\"icon.default\">\n\t\t\t\t<div class=\"elementor-widget-container\">\n\t\t\t\t\t\t\t<div class=\"elementor-icon-wrapper\">\n\t\t\t<a class=\"elementor-icon\" href=\"https:\/\/qtour.org\/virtualni-postav-muzej-zupanja\/2d-izlozba\/#izlozba-7\">\n\t\t\t<i aria-hidden=\"true\" class=\"fas fa-long-arrow-alt-left\"><\/i>\t\t\t<\/a>\n\t\t<\/div>\n\t\t\t\t\t\t<\/div>\n\t\t\t\t<\/div>\n\t\t\t\t<div class=\"elementor-element elementor-element-79c9ac3 elementor-widget elementor-widget-text-editor\" data-id=\"79c9ac3\" data-element_type=\"widget\" data-widget_type=\"text-editor.default\">\n\t\t\t\t<div class=\"elementor-widget-container\">\n\t\t\t\t\t\t\t\t\t<p><a href=\"https:\/\/qtour.org\/virtualni-postav-muzej-zupanja\/2d-izlozba\/#izlozba-7\">NATRAG<\/a><\/p>\t\t\t\t\t\t\t\t<\/div>\n\t\t\t\t<\/div>\n\t\t\t\t\t<\/div>\n\t\t<\/div>\n\t\t\t\t\t<\/div>\n\t\t<\/section>\n\t\t\t\t<\/div>\n\t\t","protected":false},"excerpt":{"rendered":"<p>Badnja ve\u010der Bez obzira je li se radilo o siroma\u0161nim ili onim bogatijim obiteljima, svi su u danima oko Bo\u017ei\u0107a nastojali ispuniti odre\u0111ena pravila u na\u010dinu ure\u0161avanja ku\u0107e, stola, pripremanja hrane, pi\u0107a, odijevanja i mnogih drugih obi\u010daja. Sredi\u0161nji je doga\u0111aj svakako bio obiteljski objed. Uz ovaj prikaz \u017eelimo vam skrenuti pa\u017enju na bo\u017ei\u0107nu svije\u0107u, kao&hellip;&nbsp;<a href=\"https:\/\/qtour.org\/de\/virtualni-postav-muzej-zupanja\/badnja-vecer\/\" class=\"\" rel=\"bookmark\">Read More &raquo;<span class=\"screen-reader-text\">Badnja ve\u010der<\/span><\/a><\/p>\n","protected":false},"author":1,"featured_media":0,"parent":4358,"menu_order":0,"comment_status":"closed","ping_status":"closed","template":"elementor_header_footer","meta":{"footnotes":""},"tags":[],"folder":[9],"class_list":["post-4596","page","type-page","status-publish","hentry"],"_links":{"self":[{"href":"https:\/\/qtour.org\/de\/wp-json\/wp\/v2\/pages\/4596","targetHints":{"allow":["GET"]}}],"collection":[{"href":"https:\/\/qtour.org\/de\/wp-json\/wp\/v2\/pages"}],"about":[{"href":"https:\/\/qtour.org\/de\/wp-json\/wp\/v2\/types\/page"}],"author":[{"embeddable":true,"href":"https:\/\/qtour.org\/de\/wp-json\/wp\/v2\/users\/1"}],"replies":[{"embeddable":true,"href":"https:\/\/qtour.org\/de\/wp-json\/wp\/v2\/comments?post=4596"}],"version-history":[{"count":0,"href":"https:\/\/qtour.org\/de\/wp-json\/wp\/v2\/pages\/4596\/revisions"}],"up":[{"embeddable":true,"href":"https:\/\/qtour.org\/de\/wp-json\/wp\/v2\/pages\/4358"}],"wp:attachment":[{"href":"https:\/\/qtour.org\/de\/wp-json\/wp\/v2\/media?parent=4596"}],"wp:term":[{"taxonomy":"post_tag","embeddable":true,"href":"https:\/\/qtour.org\/de\/wp-json\/wp\/v2\/tags?post=4596"},{"taxonomy":"folder","embeddable":true,"href":"https:\/\/qtour.org\/de\/wp-json\/wp\/v2\/folder?post=4596"}],"curies":[{"name":"wp","href":"https:\/\/api.w.org\/{rel}","templated":true}]}}