{"id":14137,"date":"2021-11-10T09:59:19","date_gmt":"2021-11-10T09:59:19","guid":{"rendered":"https:\/\/qtour.org\/?page_id=14137"},"modified":"2021-11-22T19:12:36","modified_gmt":"2021-11-22T19:12:36","slug":"app-3-42","status":"publish","type":"page","link":"https:\/\/qtour.org\/de\/app-3-42\/","title":{"rendered":"\u0110ur\u0111eva\u010dki pijesci \u2013 krvavi peski"},"content":{"rendered":"","protected":true},"excerpt":{"rendered":"","protected":true},"author":3,"featured_media":13482,"parent":0,"menu_order":0,"comment_status":"closed","ping_status":"closed","template":"","meta":{"footnotes":""},"tags":[],"folder":[67],"class_list":["post-14137","page","type-page","status-publish","post-password-required","hentry"],"_links":{"self":[{"href":"https:\/\/qtour.org\/de\/wp-json\/wp\/v2\/pages\/14137","targetHints":{"allow":["GET"]}}],"collection":[{"href":"https:\/\/qtour.org\/de\/wp-json\/wp\/v2\/pages"}],"about":[{"href":"https:\/\/qtour.org\/de\/wp-json\/wp\/v2\/types\/page"}],"author":[{"embeddable":true,"href":"https:\/\/qtour.org\/de\/wp-json\/wp\/v2\/users\/3"}],"replies":[{"embeddable":true,"href":"https:\/\/qtour.org\/de\/wp-json\/wp\/v2\/comments?post=14137"}],"version-history":[{"count":0,"href":"https:\/\/qtour.org\/de\/wp-json\/wp\/v2\/pages\/14137\/revisions"}],"wp:featuredmedia":[{"embeddable":true,"href":"https:\/\/qtour.org\/de\/wp-json\/wp\/v2\/media\/13482"}],"wp:attachment":[{"href":"https:\/\/qtour.org\/de\/wp-json\/wp\/v2\/media?parent=14137"}],"wp:term":[{"taxonomy":"post_tag","embeddable":true,"href":"https:\/\/qtour.org\/de\/wp-json\/wp\/v2\/tags?post=14137"},{"taxonomy":"folder","embeddable":true,"href":"https:\/\/qtour.org\/de\/wp-json\/wp\/v2\/folder?post=14137"}],"curies":[{"name":"wp","href":"https:\/\/api.w.org\/{rel}","templated":true}]}}